{"id":269,"date":"2025-08-22T13:29:56","date_gmt":"2025-08-22T13:29:56","guid":{"rendered":"https:\/\/protries.com\/?page_id=269"},"modified":"2025-09-01T18:49:20","modified_gmt":"2025-09-01T18:49:20","slug":"bim","status":"publish","type":"page","link":"https:\/\/protries.com\/en\/dienstleistungen\/bim\/","title":{"rendered":"Building Information Modeling"},"content":{"rendered":"<section id=\"section-128-260\" class=\"ct-section ct-section-with-shape-divider\" style=\"background-image:linear-gradient(rgba(20,20,20,0.49), rgba(20,20,20,0.49)), url(https:\/\/protries.com\/wp-content\/uploads\/2024\/11\/pexels-thisisengineering-19895882-scaled.jpg);background-size:auto,  cover;\" ><div class=\"ct-section-inner-wrap\"><div id=\"div_block-131-260\" class=\"ct-div-block\" ><h1 id=\"headline-132-260\" class=\"ct-headline\">Building Information Modeling f\u00fcr industrielle Elektroplanung<\/h1><div id=\"text_block-133-260\" class=\"ct-text-block\" ><b>BIM <\/b>(Building Information Modeling) revolutioniert die Planung, Ausf\u00fchrung und den Betrieb von Industrieanlagen. Protries Engineering setzt BIM gezielt in der <b>elektrotechnischen Planung f\u00fcr Industrieprojekte<\/b> ein \u2013 pr\u00e4zise, kollaborativ und zukunftssicher.<b><\/b><\/div><\/div>\n\t\t<div id=\"-shape-divider-136-260\" class=\"oxy-shape-divider\" >        \n        <div class=\"oxy_shape_divider\" >\n            <svg xmlns=\"http:\/\/www.w3.org\/2000\/svg\" preserveaspectratio=\"none\" fill=\"currentColor\" fill-rule=\"evenodd\" viewbox=\"0 0 1000 320\"><path d=\"M1000 100L500 300 0 100v220h1000V100z\"\/><path fill-opacity=\".5\" d=\"M0 100V50l500 250 500-250v50L500 300 0 100z\"\/><path fill-opacity=\".2\" d=\"M0 0v50l500 250 500-250V0L500 300 0 0z\"\/><\/svg>        <\/div>\n\n        <\/div>\n\n\t\t<\/div><\/section><section id=\"section-2-260\" class=\"ct-section\" ><div class=\"ct-section-inner-wrap\"><h2 id=\"headline-3-260\" class=\"ct-headline atomic-secondary-heading\">Was ist BIM und wie nutzen wir es?<\/h2><div id=\"new_columns-5-260\" class=\"ct-new-columns\" ><div id=\"div_block-6-260\" class=\"ct-div-block\" ><div id=\"text_block-7-260\" class=\"ct-text-block\" >BIM steht f\u00fcr die modellbasierte, digitale Planung von Geb\u00e4uden und Anlagen. Statt 2D-Pl\u00e4nen entsteht ein intelligentes 3D-Modell, in dem alle relevanten Informationen zentral erfasst und miteinander verkn\u00fcpft sind \u2013 vom Kabeltrassenverlauf \u00fcber Stromlaufpl\u00e4ne bis hin zu Wartungsdaten.<br><\/div><div id=\"text_block-138-260\" class=\"ct-text-block\" >Protries Engineering nutzt BIM zur Integration elektrotechnischer Komponenten in den digitalen Zwilling Ihrer Anlage \u2013 <b>als Basis f\u00fcr effiziente Planung, reibungslose Bauausf\u00fchrung und langfristigen Betrieb.<\/b><br><\/div><\/div><\/div><\/div><\/section><section id=\"section-187-260\" class=\"ct-section\" ><div class=\"ct-section-inner-wrap\"><div id=\"new_columns-188-260\" class=\"ct-new-columns\" ><div id=\"div_block-189-260\" class=\"ct-div-block\" ><h2 id=\"headline-190-260\" class=\"ct-headline atomic-secondary-heading\">F\u00fcr welche Unternehmen und Projekte eignet sich BIM?<\/h2><div id=\"text_block-191-260\" class=\"ct-text-block atomic-subheading\" >Unsere BIM-Dienstleistungen richten sich speziell an industrielle Bauherren, Anlagenbetreiber und Planer, die in komplexen und sicherheitsrelevanten Umgebungen arbeiten. Dazu z\u00e4hlen unter anderem:<\/div><\/div><\/div><div id=\"new_columns-390-269\" class=\"ct-new-columns\" ><div id=\"div_block-391-269\" class=\"ct-div-block\" ><a id=\"link-392-269\" class=\"ct-link\" href=\"https:\/\/protries.com\/en\/branchen\/stahlindustrie\/\"   ><div id=\"fancy_icon-393-269\" class=\"ct-fancy-icon atomic-iconblock-18-icon\" ><svg id=\"svg-fancy_icon-393-269\"><use xlink:href=\"#Lineariconsicon-apartment\"><\/use><\/svg><\/div><\/a><a id=\"link-394-269\" class=\"ct-link\" href=\"https:\/\/protries.com\/en\/branchen\/stahlindustrie\/\"   ><h4 id=\"headline-395-269\" class=\"ct-headline atomic-iconblock-18-title\">Stahlwerke und H\u00fcttenbetriebe<\/h4><\/a><\/div><div id=\"div_block-396-269\" class=\"ct-div-block\" ><a id=\"link-397-269\" class=\"ct-link\" href=\"https:\/\/protries.com\/en\/branchen\/chemie-petro\/\" target=\"_self\"  ><div id=\"fancy_icon-398-269\" class=\"ct-fancy-icon atomic-iconblock-18-icon\" ><svg id=\"svg-fancy_icon-398-269\"><use xlink:href=\"#Lineariconsicon-lighter\"><\/use><\/svg><\/div><\/a><a id=\"link-399-269\" class=\"ct-link\" href=\"https:\/\/protries.com\/en\/branchen\/chemie-petro\/\" target=\"_self\"  ><h4 id=\"headline-400-269\" class=\"ct-headline atomic-iconblock-18-title\">Chemische und petrochemische Industrie<br><\/h4><\/a><\/div><div id=\"div_block-401-269\" class=\"ct-div-block\" ><a id=\"link-402-269\" class=\"ct-link\" href=\"https:\/\/protries.com\/en\/branchen\/automobil-zulieferindustrie\/\" target=\"_self\"  ><div id=\"fancy_icon-403-269\" class=\"ct-fancy-icon atomic-iconblock-18-icon\" ><svg id=\"svg-fancy_icon-403-269\"><use xlink:href=\"#Lineariconsicon-car\"><\/use><\/svg><\/div><\/a><a id=\"link-404-269\" class=\"ct-link\" href=\"https:\/\/protries.com\/en\/branchen\/automobil-zulieferindustrie\/\" target=\"_self\"  ><h4 id=\"headline-405-269\" class=\"ct-headline atomic-iconblock-18-title\">Automobil- und Zulieferindustrie<\/h4><\/a><\/div><div id=\"div_block-406-269\" class=\"ct-div-block\" ><a id=\"link-407-269\" class=\"ct-link\" href=\"https:\/\/protries.com\/en\/branchen\/pharmaindustrie\/\" target=\"_self\"  ><div id=\"fancy_icon-408-269\" class=\"ct-fancy-icon atomic-iconblock-18-icon\" ><svg id=\"svg-fancy_icon-408-269\"><use xlink:href=\"#Lineariconsicon-heart-pulse\"><\/use><\/svg><\/div><\/a><a id=\"link-409-269\" class=\"ct-link\" href=\"https:\/\/protries.com\/en\/branchen\/pharmaindustrie\/\" target=\"_self\"  ><h4 id=\"headline-410-269\" class=\"ct-headline atomic-iconblock-18-title\">Pharmaindustrie<\/h4><\/a><\/div><div id=\"div_block-411-269\" class=\"ct-div-block\" ><a id=\"link-412-269\" class=\"ct-link\" href=\"https:\/\/protries.com\/en\/branchen\/energieversorgung\/\" target=\"_self\"  ><div id=\"fancy_icon-413-269\" class=\"ct-fancy-icon atomic-iconblock-18-icon\" ><svg id=\"svg-fancy_icon-413-269\"><use xlink:href=\"#Lineariconsicon-chart-bars\"><\/use><\/svg><\/div><\/a><a id=\"link-414-269\" class=\"ct-link\" href=\"https:\/\/protries.com\/en\/branchen\/energieversorgung\/\" target=\"_self\"  ><h4 id=\"headline-415-269\" class=\"ct-headline atomic-iconblock-18-title\">Energieversorgungs-unternehmen<\/h4><\/a><\/div><\/div><\/div><\/section><section id=\"section-62-260\" class=\"ct-section ct-section-with-shape-divider\" ><div class=\"ct-section-inner-wrap\"><h2 id=\"headline-63-260\" class=\"ct-headline atomic-secondary-heading\">Unsere Leistungen im Bereich BIM-Planung<\/h2><div id=\"new_columns-64-260\" class=\"ct-new-columns\" ><div id=\"div_block-65-260\" class=\"ct-div-block\" ><div id=\"div_block-66-260\" class=\"ct-div-block atomic-content-24-checklist-wrapper\" ><div id=\"fancy_icon-67-260\" class=\"ct-fancy-icon atomic-content-24-icon\" ><svg id=\"svg-fancy_icon-67-260\"><use xlink:href=\"#FontAwesomeicon-check\"><\/use><\/svg><\/div><div id=\"text_block-68-260\" class=\"ct-text-block atomic-content-24-text\" >3D-Modellierung elektrotechnischer Gewerke (Kabeltrassen, Schaltschr\u00e4nke, E-R\u00e4ume etc.)<br><\/div><\/div><div id=\"div_block-69-260\" class=\"ct-div-block atomic-content-24-checklist-wrapper\" ><div id=\"fancy_icon-70-260\" class=\"ct-fancy-icon atomic-content-24-icon\" ><svg id=\"svg-fancy_icon-70-260\"><use xlink:href=\"#FontAwesomeicon-check\"><\/use><\/svg><\/div><div id=\"text_block-71-260\" class=\"ct-text-block atomic-content-24-text\" >Koordination von Gewerken imModell (Clash Detection, Kollisionsvermeidung)<br><\/div><\/div><div id=\"div_block-72-260\" class=\"ct-div-block atomic-content-24-checklist-wrapper\" ><div id=\"fancy_icon-73-260\" class=\"ct-fancy-icon atomic-content-24-icon\" ><svg id=\"svg-fancy_icon-73-260\"><use xlink:href=\"#FontAwesomeicon-check\"><\/use><\/svg><\/div><div id=\"text_block-74-260\" class=\"ct-text-block atomic-content-24-text\" > Erstellung von BIM-konformen Pl\u00e4nen, Listen und Dokumentationen<br><\/div><\/div><div id=\"div_block-75-260\" class=\"ct-div-block atomic-content-24-checklist-wrapper\" ><div id=\"fancy_icon-76-260\" class=\"ct-fancy-icon atomic-content-24-icon\" ><svg id=\"svg-fancy_icon-76-260\"><use xlink:href=\"#FontAwesomeicon-check\"><\/use><\/svg><\/div><div id=\"text_block-77-260\" class=\"ct-text-block atomic-content-24-text\" >Datenaustausch \u00fcber IFC, Revit, AutoCAD und andere Schnittstellen<br><\/div><\/div><div id=\"div_block-78-260\" class=\"ct-div-block atomic-content-24-checklist-wrapper\" ><div id=\"fancy_icon-79-260\" class=\"ct-fancy-icon atomic-content-24-icon\" ><svg id=\"svg-fancy_icon-79-260\"><use xlink:href=\"#FontAwesomeicon-check\"><\/use><\/svg><\/div><div id=\"text_block-80-260\" class=\"ct-text-block atomic-content-24-text\" >Integration von Elektroplanung in Gesamtmodelle (Multigewerke-BIM)<br><\/div><\/div><div id=\"div_block-81-260\" class=\"ct-div-block atomic-content-24-checklist-wrapper\" ><div id=\"fancy_icon-82-260\" class=\"ct-fancy-icon atomic-content-24-icon\" ><svg id=\"svg-fancy_icon-82-260\"><use xlink:href=\"#FontAwesomeicon-check\"><\/use><\/svg><\/div><div id=\"text_block-83-260\" class=\"ct-text-block atomic-content-24-text\" >Anreicherung des Modells mit technischen Daten (z.\u202fB. Herstellerinfos, Leistungsdaten)<br><\/div><\/div><div id=\"div_block-84-260\" class=\"ct-div-block atomic-content-24-checklist-wrapper\" ><div id=\"fancy_icon-85-260\" class=\"ct-fancy-icon atomic-content-24-icon\" ><svg id=\"svg-fancy_icon-85-260\"><use xlink:href=\"#FontAwesomeicon-check\"><\/use><\/svg><\/div><div id=\"text_block-86-260\" class=\"ct-text-block atomic-content-24-text\" >Unterst\u00fctzung bei BIM-Abwicklungspl\u00e4nen und CDE-Standards<br><\/div><\/div><div id=\"div_block-183-260\" class=\"ct-div-block atomic-content-24-checklist-wrapper\" ><div id=\"fancy_icon-184-260\" class=\"ct-fancy-icon atomic-content-24-icon\" ><svg id=\"svg-fancy_icon-184-260\"><use xlink:href=\"#FontAwesomeicon-check\"><\/use><\/svg><\/div><div id=\"text_block-185-260\" class=\"ct-text-block atomic-content-24-text\" >Visualisierung und Simulation zur Planungsoptimierung<br><\/div><\/div><div id=\"div_block-386-269\" class=\"ct-div-block atomic-content-24-checklist-wrapper\" ><div id=\"fancy_icon-387-269\" class=\"ct-fancy-icon atomic-content-24-icon\" ><svg id=\"svg-fancy_icon-387-269\"><use xlink:href=\"#FontAwesomeicon-check\"><\/use><\/svg><\/div><div id=\"text_block-388-269\" class=\"ct-text-block atomic-content-24-text\" >Dokumentation f\u00fcr Betrieb, Wartung und Lebenszyklusmanagement<br><\/div><\/div><\/div><\/div><div id=\"div_block-87-260\" class=\"ct-div-block\" ><a id=\"link_text-88-260\" class=\"ct-link-text atomic-primary-button\" href=\"tel: 436764336931\" target=\"_self\"  >Make Contact<\/a><\/div>\n\t\t<div id=\"-shape-divider-325-260\" class=\"oxy-shape-divider\" >        \n        <div class=\"oxy_shape_divider\" >\n            <svg xmlns=\"http:\/\/www.w3.org\/2000\/svg\" preserveaspectratio=\"none\" fill=\"currentColor\" fill-rule=\"evenodd\" viewbox=\"0 0 1000 320\"><path d=\"M1000 100L500 300 0 100v220h1000V100z\"\/><path fill-opacity=\".5\" d=\"M0 100V50l500 250 500-250v50L500 300 0 100z\"\/><path fill-opacity=\".2\" d=\"M0 0v50l500 250 500-250V0L500 300 0 0z\"\/><\/svg>        <\/div>\n\n        <\/div>\n\n\t\t<\/div><\/section><section id=\"section-9-260\" class=\"ct-section ct-section-with-shape-divider\" ><div class=\"ct-section-inner-wrap\"><div id=\"new_columns-10-260\" class=\"ct-new-columns\" ><div id=\"div_block-11-260\" class=\"ct-div-block\" ><h2 id=\"headline-12-260\" class=\"ct-headline atomic-secondary-heading\">Gerade in diesen Branchen ist BIM ein strategischer Vorteil: Es sorgt f\u00fcr bessere Abstimmung, h\u00f6here Planungsqualit\u00e4t und transparente Abl\u00e4ufe \u2013 besonders bei Gro\u00dfprojekten mit vielen Schnittstellen.<br><\/h2><h2 id=\"headline-243-260\" class=\"ct-headline atomic-secondary-heading\"><b>Ihre Vorteile mit Protries Engineering:<\/b><br><\/h2>\n\t\t<div id=\"-shape-divider-323-260\" class=\"oxy-shape-divider\" >        \n        <div class=\"oxy_shape_divider\" >\n            <svg xmlns=\"http:\/\/www.w3.org\/2000\/svg\" preserveaspectratio=\"none\" fill=\"currentColor\" fill-rule=\"evenodd\" viewbox=\"0 0 1000 320\"><path d=\"M1000 100L500 300 0 100v220h1000V100z\"\/><path fill-opacity=\".5\" d=\"M0 100V50l500 250 500-250v50L500 300 0 100z\"\/><path fill-opacity=\".2\" d=\"M0 0v50l500 250 500-250V0L500 300 0 0z\"\/><\/svg>        <\/div>\n\n        <\/div>\n\n\t\t<\/div><\/div>\n\t\t<div id=\"-shape-divider-26-260\" class=\"oxy-shape-divider\" >        \n        <div class=\"oxy_shape_divider\" >\n            <svg xmlns=\"http:\/\/www.w3.org\/2000\/svg\" preserveaspectratio=\"none\" fill=\"currentColor\" fill-rule=\"evenodd\" viewbox=\"0 0 1000 320\"><path d=\"M1000 100L500 300 0 100v220h1000V100z\"\/><path fill-opacity=\".5\" d=\"M0 100V50l500 250 500-250v50L500 300 0 100z\"\/><path fill-opacity=\".2\" d=\"M0 0v50l500 250 500-250V0L500 300 0 0z\"\/><\/svg>        <\/div>\n\n        <\/div>\n\n\t\t<div id=\"div_block-296-260\" class=\"ct-div-block\" ><div id=\"div_block-297-260\" class=\"ct-div-block atomic-content-24-checklist-wrapper\" ><div id=\"fancy_icon-298-260\" class=\"ct-fancy-icon atomic-content-24-icon\" ><svg id=\"svg-fancy_icon-298-260\"><use xlink:href=\"#FontAwesomeicon-check\"><\/use><\/svg><\/div><div id=\"text_block-299-260\" class=\"ct-text-block atomic-content-24-text\" ><b>Branchenfokus Industrie:<\/b> Unsere BIM-Kompetenz ist auf die Anforderungen von Industrieanlagen abgestimmt \u2013 technisch, sicherheitsrelevant, prozessnah.<\/div><\/div><div id=\"div_block-300-260\" class=\"ct-div-block atomic-content-24-checklist-wrapper\" ><div id=\"fancy_icon-301-260\" class=\"ct-fancy-icon atomic-content-24-icon\" ><svg id=\"svg-fancy_icon-301-260\"><use xlink:href=\"#FontAwesomeicon-check\"><\/use><\/svg><\/div><div id=\"text_block-302-260\" class=\"ct-text-block atomic-content-24-text\" ><b>Erfahrung in komplexen Projekten:<\/b> Internationale Projektpraxis u.\u202fa. in Stahl-, Chemie- und Automobilanlagen.<br><\/div><\/div><div id=\"div_block-303-260\" class=\"ct-div-block atomic-content-24-checklist-wrapper\" ><div id=\"fancy_icon-304-260\" class=\"ct-fancy-icon atomic-content-24-icon\" ><svg id=\"svg-fancy_icon-304-260\"><use xlink:href=\"#FontAwesomeicon-check\"><\/use><\/svg><\/div><div id=\"text_block-305-260\" class=\"ct-text-block atomic-content-24-text\" > <b>Modernste Tools:<\/b> Planung mit <b>Revit<\/b> und <b>IFC-basiertem Datenaustausch.<\/b><br><\/div><\/div><div id=\"div_block-306-260\" class=\"ct-div-block atomic-content-24-checklist-wrapper\" ><div id=\"fancy_icon-307-260\" class=\"ct-fancy-icon atomic-content-24-icon\" ><svg id=\"svg-fancy_icon-307-260\"><use xlink:href=\"#FontAwesomeicon-check\"><\/use><\/svg><\/div><div id=\"text_block-308-260\" class=\"ct-text-block atomic-content-24-text\" ><b>Nahtlose Integration:<\/b> BIM ist bei uns nicht Add-on, sondern integraler Bestandteil der Elektroplanung.<br><\/div><\/div><div id=\"div_block-309-260\" class=\"ct-div-block atomic-content-24-checklist-wrapper\" ><div id=\"fancy_icon-310-260\" class=\"ct-fancy-icon atomic-content-24-icon\" ><svg id=\"svg-fancy_icon-310-260\"><use xlink:href=\"#FontAwesomeicon-check\"><\/use><\/svg><\/div><div id=\"text_block-311-260\" class=\"ct-text-block atomic-content-24-text\" ><b>Mehrwert \u00fcber den Lebenszyklus:<\/b> Unsere Modelle helfen nicht nur beim Bauen, sondern auch beim Betreiben, Erweitern und Warten Ihrer Anlage.<br><\/div><\/div><div id=\"div_block-312-260\" class=\"ct-div-block atomic-content-24-checklist-wrapper\" ><div id=\"fancy_icon-313-260\" class=\"ct-fancy-icon atomic-content-24-icon\" ><svg id=\"svg-fancy_icon-313-260\"><use xlink:href=\"#FontAwesomeicon-check\"><\/use><\/svg><\/div><div id=\"text_block-314-260\" class=\"ct-text-block atomic-content-24-text\" ><b>Pers\u00f6nlicher Ansprechpartner:<\/b> Kleine Strukturen, schnelle Reaktion, direkte Kommunikation.<br><\/div><\/div><\/div><\/div><\/section><section id=\"section-123-260\" class=\"ct-section\" ><div class=\"ct-section-inner-wrap\"><div id=\"div_block-124-260\" class=\"ct-div-block\" ><h2 id=\"headline-125-260\" class=\"ct-headline atomic-secondary-heading\"><b>Protries Engineering \u2013 Ihr Partner f\u00fcr rechtssicherer, praxisnaher BIM-Planung in der Industrie.<\/b><br><br><b>Kontaktieren Sie uns<\/b>, wenn Sie Ihre Anlagen sicher und effizient planen oder modernisieren m\u00f6chten.<\/h2><a id=\"link_text-126-260\" class=\"ct-link-text atomic-outline-button\" href=\"tel: 436764336931\" target=\"_self\"  >Make Contact<\/a><\/div><\/div><\/section><section id=\"section-338-260\" class=\"ct-section\" ><div class=\"ct-section-inner-wrap\"><h2 id=\"headline-339-260\" class=\"ct-headline\">Entdecken Sie weitere Dienstleistungen<\/h2><div id=\"div_block-344-260\" class=\"ct-div-block\" ><a id=\"link_button-343-260\" class=\"ct-link-button\" href=\"https:\/\/protries.com\/en\/dienstleistungen\/explosionsschutz\/\"   >Explosion Protection<\/a><a id=\"link_button-341-260\" class=\"ct-link-button\" href=\"https:\/\/protries.com\/en\/dienstleistungen\/msr\/\" target=\"_self\"  >MSR Technik<\/a><a id=\"link_button-347-260\" class=\"ct-link-button\" href=\"https:\/\/protries.com\/en\/dienstleistungen\/hardware-engineering\/\" target=\"_self\"  >Hardware Engineering<\/a><a id=\"link_button-349-260\" class=\"ct-link-button\" href=\"https:\/\/protries.com\/en\/dienstleistungen\/montageplanung\/\" target=\"_self\"  >Elektrotechnische Montageplanung<\/a><\/div><\/div><\/section>","protected":false},"excerpt":{"rendered":"","protected":false},"author":1,"featured_media":0,"parent":34,"menu_order":0,"comment_status":"closed","ping_status":"closed","template":"","meta":{"footnotes":""},"class_list":["post-269","page","type-page","status-publish","hentry"],"_links":{"self":[{"href":"https:\/\/protries.com\/en\/wp-json\/wp\/v2\/pages\/269","targetHints":{"allow":["GET"]}}],"collection":[{"href":"https:\/\/protries.com\/en\/wp-json\/wp\/v2\/pages"}],"about":[{"href":"https:\/\/protries.com\/en\/wp-json\/wp\/v2\/types\/page"}],"author":[{"embeddable":true,"href":"https:\/\/protries.com\/en\/wp-json\/wp\/v2\/users\/1"}],"replies":[{"embeddable":true,"href":"https:\/\/protries.com\/en\/wp-json\/wp\/v2\/comments?post=269"}],"version-history":[{"count":6,"href":"https:\/\/protries.com\/en\/wp-json\/wp\/v2\/pages\/269\/revisions"}],"predecessor-version":[{"id":349,"href":"https:\/\/protries.com\/en\/wp-json\/wp\/v2\/pages\/269\/revisions\/349"}],"up":[{"embeddable":true,"href":"https:\/\/protries.com\/en\/wp-json\/wp\/v2\/pages\/34"}],"wp:attachment":[{"href":"https:\/\/protries.com\/en\/wp-json\/wp\/v2\/media?parent=269"}],"curies":[{"name":"wp","href":"https:\/\/api.w.org\/{rel}","templated":true}]}}