{"id":274,"date":"2025-08-22T13:49:58","date_gmt":"2025-08-22T13:49:58","guid":{"rendered":"https:\/\/protries.com\/?page_id=274"},"modified":"2025-09-01T18:51:30","modified_gmt":"2025-09-01T18:51:30","slug":"msr","status":"publish","type":"page","link":"https:\/\/protries.com\/en\/dienstleistungen\/msr\/","title":{"rendered":"MSR Technik"},"content":{"rendered":"<section id=\"section-128-260\" class=\"ct-section ct-section-with-shape-divider\" style=\"background-image:linear-gradient(rgba(20,20,20,0.67), rgba(20,20,20,0.67)), url(https:\/\/protries.com\/wp-content\/uploads\/2025\/10\/2bild-3-.jpg);background-size:auto,  cover;\" ><div class=\"ct-section-inner-wrap\"><div id=\"div_block-131-260\" class=\"ct-div-block\" ><h1 id=\"headline-132-260\" class=\"ct-headline\">Pr\u00e4zise Mess-, Steuer- und Regelungstechnik<\/h1><div id=\"text_block-133-260\" class=\"ct-text-block\" ><b>MSR Technik<\/b> ist das R\u00fcckgrat jeder modernen Industrieanlage. Protries Engineering plant und dokumentiert MSR-Systeme im Rahmen des Basic und Detail Engineerings \u2013 zuverl\u00e4ssig, normkonform und individuell abgestimmt auf Ihre Prozesse.<b><\/b><\/div><\/div>\n\t\t<div id=\"-shape-divider-136-260\" class=\"oxy-shape-divider\" >        \n        <div class=\"oxy_shape_divider\" >\n            <svg xmlns=\"http:\/\/www.w3.org\/2000\/svg\" preserveaspectratio=\"none\" fill=\"currentColor\" fill-rule=\"evenodd\" viewbox=\"0 0 1000 320\"><path d=\"M1000 100L500 300 0 100v220h1000V100z\"\/><path fill-opacity=\".5\" d=\"M0 100V50l500 250 500-250v50L500 300 0 100z\"\/><path fill-opacity=\".2\" d=\"M0 0v50l500 250 500-250V0L500 300 0 0z\"\/><\/svg>        <\/div>\n\n        <\/div>\n\n\t\t<\/div><\/section><section id=\"section-2-260\" class=\"ct-section\" ><div class=\"ct-section-inner-wrap\"><h2 id=\"headline-3-260\" class=\"ct-headline atomic-secondary-heading\">Was ist MSR Technik?<\/h2><div id=\"new_columns-5-260\" class=\"ct-new-columns\" ><div id=\"div_block-6-260\" class=\"ct-div-block\" ><div id=\"text_block-7-260\" class=\"ct-text-block\" >MSR steht f\u00fcr Mess-, Steuer- und Regelungstechnik und bezeichnet das Zusammenspiel von Sensorik, Aktorik und Steuerung in industriellen Anlagen. Ziel ist es, physikalische Gr\u00f6\u00dfen wie Druck, Temperatur, Durchfluss oder F\u00fcllstand zu erfassen und darauf basierend automatisiert Prozesse zu steuern oder zu regeln.<br><\/div><div id=\"text_block-138-260\" class=\"ct-text-block\" ><b>Protries Engineering liefert die komplette MSR-Planung im Basic und Detail Engineering \u2013 vom Messstellenkonzept \u00fcber die Feldger\u00e4teliste bis zur \u00dcbergabe an den Schaltschrankbauer.<\/b><br><\/div><\/div><\/div><\/div><\/section><section id=\"section-187-260\" class=\"ct-section\" ><div class=\"ct-section-inner-wrap\"><div id=\"new_columns-188-260\" class=\"ct-new-columns\" ><div id=\"div_block-189-260\" class=\"ct-div-block\" ><h2 id=\"headline-190-260\" class=\"ct-headline atomic-secondary-heading\">F\u00fcr welche Branchen ist MSR-Technik relevant?<\/h2><div id=\"text_block-191-260\" class=\"ct-text-block atomic-subheading\" >Unsere MSR-Dienstleistungen richten sich an Industriebetriebe mit hohem Automatisierungs- und Sicherheitsbedarf. Dazu z\u00e4hlen insbesondere:<\/div><\/div><\/div><div id=\"new_columns-390-274\" class=\"ct-new-columns\" ><div id=\"div_block-391-274\" class=\"ct-div-block\" ><a id=\"link-392-274\" class=\"ct-link\" href=\"https:\/\/protries.com\/en\/branchen\/stahlindustrie\/\"   ><div id=\"fancy_icon-393-274\" class=\"ct-fancy-icon atomic-iconblock-18-icon\" ><svg id=\"svg-fancy_icon-393-274\"><use xlink:href=\"#Lineariconsicon-apartment\"><\/use><\/svg><\/div><\/a><a id=\"link-394-274\" class=\"ct-link\" href=\"https:\/\/protries.com\/en\/branchen\/stahlindustrie\/\"   ><h4 id=\"headline-395-274\" class=\"ct-headline atomic-iconblock-18-title\">Stahlindustrie<\/h4><\/a><\/div><div id=\"div_block-396-274\" class=\"ct-div-block\" ><a id=\"link-397-274\" class=\"ct-link\" href=\"https:\/\/protries.com\/en\/branchen\/chemie-petro\/\" target=\"_self\"  ><div id=\"fancy_icon-398-274\" class=\"ct-fancy-icon atomic-iconblock-18-icon\" ><svg id=\"svg-fancy_icon-398-274\"><use xlink:href=\"#Lineariconsicon-lighter\"><\/use><\/svg><\/div><\/a><a id=\"link-399-274\" class=\"ct-link\" href=\"https:\/\/protries.com\/en\/branchen\/chemie-petro\/\" target=\"_self\"  ><h4 id=\"headline-400-274\" class=\"ct-headline atomic-iconblock-18-title\">Chemische und petrochemische Industrie<br><\/h4><\/a><\/div><div id=\"div_block-401-274\" class=\"ct-div-block\" ><a id=\"link-402-274\" class=\"ct-link\" href=\"https:\/\/protries.com\/en\/branchen\/automobil-zulieferindustrie\/\" target=\"_self\"  ><div id=\"fancy_icon-403-274\" class=\"ct-fancy-icon atomic-iconblock-18-icon\" ><svg id=\"svg-fancy_icon-403-274\"><use xlink:href=\"#Lineariconsicon-car\"><\/use><\/svg><\/div><\/a><a id=\"link-404-274\" class=\"ct-link\" href=\"https:\/\/protries.com\/en\/branchen\/automobil-zulieferindustrie\/\" target=\"_self\"  ><h4 id=\"headline-405-274\" class=\"ct-headline atomic-iconblock-18-title\">Automobilindustrie<\/h4><\/a><\/div><div id=\"div_block-406-274\" class=\"ct-div-block\" ><a id=\"link-407-274\" class=\"ct-link\" href=\"https:\/\/protries.com\/en\/branchen\/pharmaindustrie\/\" target=\"_self\"  ><div id=\"fancy_icon-408-274\" class=\"ct-fancy-icon atomic-iconblock-18-icon\" ><svg id=\"svg-fancy_icon-408-274\"><use xlink:href=\"#Lineariconsicon-heart-pulse\"><\/use><\/svg><\/div><\/a><a id=\"link-409-274\" class=\"ct-link\" href=\"https:\/\/protries.com\/en\/branchen\/pharmaindustrie\/\" target=\"_self\"  ><h4 id=\"headline-410-274\" class=\"ct-headline atomic-iconblock-18-title\">Pharmaindustrie<\/h4><\/a><\/div><div id=\"div_block-411-274\" class=\"ct-div-block\" ><a id=\"link-412-274\" class=\"ct-link\" href=\"https:\/\/protries.com\/en\/branchen\/energieversorgung\/\" target=\"_self\"  ><div id=\"fancy_icon-413-274\" class=\"ct-fancy-icon atomic-iconblock-18-icon\" ><svg id=\"svg-fancy_icon-413-274\"><use xlink:href=\"#Lineariconsicon-chart-bars\"><\/use><\/svg><\/div><\/a><a id=\"link-414-274\" class=\"ct-link\" href=\"https:\/\/protries.com\/en\/branchen\/energieversorgung\/\" target=\"_self\"  ><h4 id=\"headline-415-274\" class=\"ct-headline atomic-iconblock-18-title\">Versorgungs- und Energieanlagen<\/h4><\/a><\/div><\/div><\/div><\/section><section id=\"section-62-260\" class=\"ct-section ct-section-with-shape-divider\" ><div class=\"ct-section-inner-wrap\"><h2 id=\"headline-63-260\" class=\"ct-headline atomic-secondary-heading\">Unsere Leistungen im Bereich MSR Technik<\/h2><div id=\"new_columns-64-260\" class=\"ct-new-columns\" ><div id=\"div_block-65-260\" class=\"ct-div-block\" ><div id=\"div_block-66-260\" class=\"ct-div-block atomic-content-24-checklist-wrapper\" ><div id=\"fancy_icon-67-260\" class=\"ct-fancy-icon atomic-content-24-icon\" ><svg id=\"svg-fancy_icon-67-260\"><use xlink:href=\"#FontAwesomeicon-check\"><\/use><\/svg><\/div><div id=\"text_block-68-260\" class=\"ct-text-block atomic-content-24-text\" >Entwicklung von Messstellenkonzepten und -strategien<br><\/div><\/div><div id=\"div_block-69-260\" class=\"ct-div-block atomic-content-24-checklist-wrapper\" ><div id=\"fancy_icon-70-260\" class=\"ct-fancy-icon atomic-content-24-icon\" ><svg id=\"svg-fancy_icon-70-260\"><use xlink:href=\"#FontAwesomeicon-check\"><\/use><\/svg><\/div><div id=\"text_block-71-260\" class=\"ct-text-block atomic-content-24-text\" >Erstellung von Messstellenlisten und Instrumentierungspl\u00e4nen<br><\/div><\/div><div id=\"div_block-72-260\" class=\"ct-div-block atomic-content-24-checklist-wrapper\" ><div id=\"fancy_icon-73-260\" class=\"ct-fancy-icon atomic-content-24-icon\" ><svg id=\"svg-fancy_icon-73-260\"><use xlink:href=\"#FontAwesomeicon-check\"><\/use><\/svg><\/div><div id=\"text_block-74-260\" class=\"ct-text-block atomic-content-24-text\" > Auswahl geeigneter Feldger\u00e4te (Sensoren, Aktoren)<br><\/div><\/div><div id=\"div_block-75-260\" class=\"ct-div-block atomic-content-24-checklist-wrapper\" ><div id=\"fancy_icon-76-260\" class=\"ct-fancy-icon atomic-content-24-icon\" ><svg id=\"svg-fancy_icon-76-260\"><use xlink:href=\"#FontAwesomeicon-check\"><\/use><\/svg><\/div><div id=\"text_block-77-260\" class=\"ct-text-block atomic-content-24-text\" >Planung der Signal\u00fcbertragung (analog\/digital, BUS-Systeme)<br><\/div><\/div><div id=\"div_block-78-260\" class=\"ct-div-block atomic-content-24-checklist-wrapper\" ><div id=\"fancy_icon-79-260\" class=\"ct-fancy-icon atomic-content-24-icon\" ><svg id=\"svg-fancy_icon-79-260\"><use xlink:href=\"#FontAwesomeicon-check\"><\/use><\/svg><\/div><div id=\"text_block-80-260\" class=\"ct-text-block atomic-content-24-text\" >Auslegung von Steuerungs- und Regelungssystemen<br><\/div><\/div><div id=\"div_block-81-260\" class=\"ct-div-block atomic-content-24-checklist-wrapper\" ><div id=\"fancy_icon-82-260\" class=\"ct-fancy-icon atomic-content-24-icon\" ><svg id=\"svg-fancy_icon-82-260\"><use xlink:href=\"#FontAwesomeicon-check\"><\/use><\/svg><\/div><div id=\"text_block-83-260\" class=\"ct-text-block atomic-content-24-text\" >Spezifikation von Einbauorten und Montagebedingungen<br><\/div><\/div><div id=\"div_block-84-260\" class=\"ct-div-block atomic-content-24-checklist-wrapper\" ><div id=\"fancy_icon-85-260\" class=\"ct-fancy-icon atomic-content-24-icon\" ><svg id=\"svg-fancy_icon-85-260\"><use xlink:href=\"#FontAwesomeicon-check\"><\/use><\/svg><\/div><div id=\"text_block-86-260\" class=\"ct-text-block atomic-content-24-text\" >Definition von Schnittstellen zu EMSR, Leittechnik und Prozessautomatisierung<br><\/div><\/div><div id=\"div_block-183-260\" class=\"ct-div-block atomic-content-24-checklist-wrapper\" ><div id=\"fancy_icon-184-260\" class=\"ct-fancy-icon atomic-content-24-icon\" ><svg id=\"svg-fancy_icon-184-260\"><use xlink:href=\"#FontAwesomeicon-check\"><\/use><\/svg><\/div><div id=\"text_block-185-260\" class=\"ct-text-block atomic-content-24-text\" >Unterst\u00fctzung bei Ausschreibungen und Ger\u00e4tebeschaffung<br><\/div><\/div><div id=\"div_block-386-269\" class=\"ct-div-block atomic-content-24-checklist-wrapper\" ><div id=\"fancy_icon-387-269\" class=\"ct-fancy-icon atomic-content-24-icon\" ><svg id=\"svg-fancy_icon-387-269\"><use xlink:href=\"#FontAwesomeicon-check\"><\/use><\/svg><\/div><div id=\"text_block-388-269\" class=\"ct-text-block atomic-content-24-text\" >Dokumentation gem\u00e4\u00df Normen und Kundenvorgaben (z.\u202fB. Explosionsschutz, SIL)<br><\/div><\/div><\/div><\/div><div id=\"div_block-87-260\" class=\"ct-div-block\" ><a id=\"link_text-88-260\" class=\"ct-link-text atomic-primary-button\" href=\"tel: 436764336931\" target=\"_self\"  >Make Contact<\/a><\/div>\n\t\t<div id=\"-shape-divider-325-260\" class=\"oxy-shape-divider\" >        \n        <div class=\"oxy_shape_divider\" >\n            <svg xmlns=\"http:\/\/www.w3.org\/2000\/svg\" preserveaspectratio=\"none\" fill=\"currentColor\" fill-rule=\"evenodd\" viewbox=\"0 0 1000 320\"><path d=\"M1000 100L500 300 0 100v220h1000V100z\"\/><path fill-opacity=\".5\" d=\"M0 100V50l500 250 500-250v50L500 300 0 100z\"\/><path fill-opacity=\".2\" d=\"M0 0v50l500 250 500-250V0L500 300 0 0z\"\/><\/svg>        <\/div>\n\n        <\/div>\n\n\t\t<\/div><\/section><section id=\"section-9-260\" class=\"ct-section ct-section-with-shape-divider\" ><div class=\"ct-section-inner-wrap\"><div id=\"new_columns-10-260\" class=\"ct-new-columns\" ><div id=\"div_block-11-260\" class=\"ct-div-block\" ><h2 id=\"headline-12-260\" class=\"ct-headline atomic-secondary-heading\">Ob Neubau, Umbau oder Modernisierung \u2013 zuverl\u00e4ssige MSR-Planung ist die Grundlage f\u00fcr stabile und sichere Prozesse.<br><\/h2><h2 id=\"headline-243-260\" class=\"ct-headline atomic-secondary-heading\"><b>Ihre Vorteile mit Protries Engineering:<\/b><br><\/h2>\n\t\t<div id=\"-shape-divider-323-260\" class=\"oxy-shape-divider\" >        \n        <div class=\"oxy_shape_divider\" >\n            <svg xmlns=\"http:\/\/www.w3.org\/2000\/svg\" preserveaspectratio=\"none\" fill=\"currentColor\" fill-rule=\"evenodd\" viewbox=\"0 0 1000 320\"><path d=\"M1000 100L500 300 0 100v220h1000V100z\"\/><path fill-opacity=\".5\" d=\"M0 100V50l500 250 500-250v50L500 300 0 100z\"\/><path fill-opacity=\".2\" d=\"M0 0v50l500 250 500-250V0L500 300 0 0z\"\/><\/svg>        <\/div>\n\n        <\/div>\n\n\t\t<\/div><\/div>\n\t\t<div id=\"-shape-divider-26-260\" class=\"oxy-shape-divider\" >        \n        <div class=\"oxy_shape_divider\" >\n            <svg xmlns=\"http:\/\/www.w3.org\/2000\/svg\" preserveaspectratio=\"none\" fill=\"currentColor\" fill-rule=\"evenodd\" viewbox=\"0 0 1000 320\"><path d=\"M1000 100L500 300 0 100v220h1000V100z\"\/><path fill-opacity=\".5\" d=\"M0 100V50l500 250 500-250v50L500 300 0 100z\"\/><path fill-opacity=\".2\" d=\"M0 0v50l500 250 500-250V0L500 300 0 0z\"\/><\/svg>        <\/div>\n\n        <\/div>\n\n\t\t<div id=\"div_block-296-260\" class=\"ct-div-block\" ><div id=\"div_block-297-260\" class=\"ct-div-block atomic-content-24-checklist-wrapper\" ><div id=\"fancy_icon-298-260\" class=\"ct-fancy-icon atomic-content-24-icon\" ><svg id=\"svg-fancy_icon-298-260\"><use xlink:href=\"#FontAwesomeicon-check\"><\/use><\/svg><\/div><div id=\"text_block-299-260\" class=\"ct-text-block atomic-content-24-text\" ><b>Technisches Verst\u00e4ndnis f\u00fcr Industrieprozesse<\/b> \u2013 wir denken nicht nur in Ger\u00e4ten, sondern in Gesamtanlagen.<\/div><\/div><div id=\"div_block-300-260\" class=\"ct-div-block atomic-content-24-checklist-wrapper\" ><div id=\"fancy_icon-301-260\" class=\"ct-fancy-icon atomic-content-24-icon\" ><svg id=\"svg-fancy_icon-301-260\"><use xlink:href=\"#FontAwesomeicon-check\"><\/use><\/svg><\/div><div id=\"text_block-302-260\" class=\"ct-text-block atomic-content-24-text\" ><b>Erfahrung aus komplexen Projekten<\/b> \u2013 national und international, vom Basic bis zur \u00dcbergabe.<br><\/div><\/div><div id=\"div_block-303-260\" class=\"ct-div-block atomic-content-24-checklist-wrapper\" ><div id=\"fancy_icon-304-260\" class=\"ct-fancy-icon atomic-content-24-icon\" ><svg id=\"svg-fancy_icon-304-260\"><use xlink:href=\"#FontAwesomeicon-check\"><\/use><\/svg><\/div><div id=\"text_block-305-260\" class=\"ct-text-block atomic-content-24-text\" > <b>Normensicherheit &amp; Explosionsschutzkompetenz<\/b> \u2013 z.\u202fB. ATEX, SIL, IEC\u202f61511.<b><\/b><br><\/div><\/div><div id=\"div_block-306-260\" class=\"ct-div-block atomic-content-24-checklist-wrapper\" ><div id=\"fancy_icon-307-260\" class=\"ct-fancy-icon atomic-content-24-icon\" ><svg id=\"svg-fancy_icon-307-260\"><use xlink:href=\"#FontAwesomeicon-check\"><\/use><\/svg><\/div><div id=\"text_block-308-260\" class=\"ct-text-block atomic-content-24-text\" ><b>Interdisziplin\u00e4re Planung<\/b> \u2013 enge Verkn\u00fcpfung mit Elektro- und Automatisierungstechnik.<br><\/div><\/div><div id=\"div_block-309-260\" class=\"ct-div-block atomic-content-24-checklist-wrapper\" ><div id=\"fancy_icon-310-260\" class=\"ct-fancy-icon atomic-content-24-icon\" ><svg id=\"svg-fancy_icon-310-260\"><use xlink:href=\"#FontAwesomeicon-check\"><\/use><\/svg><\/div><div id=\"text_block-311-260\" class=\"ct-text-block atomic-content-24-text\" ><b>Pers\u00f6nliche Betreuung<\/b> \u2013 schlanke Strukturen, direkte Ansprechpartner, l\u00f6sungsorientiert.<br><\/div><\/div><\/div><\/div><\/section><section id=\"section-123-260\" class=\"ct-section\" ><div class=\"ct-section-inner-wrap\"><div id=\"div_block-124-260\" class=\"ct-div-block\" ><h2 id=\"headline-125-260\" class=\"ct-headline atomic-secondary-heading\"><b>Protries Engineering \u2013 Ihr Partner f\u00fcr rechtssicherer, praxisnaher MSR Technik in der Industrie.<\/b><br><br><b>Kontaktieren Sie uns<\/b>, wenn Sie Ihre Anlagen sicher und effizient planen oder modernisieren m\u00f6chten.<\/h2><a id=\"link_text-126-260\" class=\"ct-link-text atomic-outline-button\" href=\"tel: 436764336931\" target=\"_self\"  >Make Contact<\/a><\/div><\/div><\/section><section id=\"section-338-260\" class=\"ct-section\" ><div class=\"ct-section-inner-wrap\"><h2 id=\"headline-339-260\" class=\"ct-headline\">Entdecken Sie weitere Dienstleistungen<\/h2><div id=\"div_block-344-260\" class=\"ct-div-block\" ><a id=\"link_button-343-260\" class=\"ct-link-button\" href=\"https:\/\/protries.com\/en\/dienstleistungen\/explosionsschutz\/\"   >Explosion Protection<\/a><a id=\"link_button-341-260\" class=\"ct-link-button\" href=\"https:\/\/protries.com\/en\/dienstleistungen\/bim\/\"   >Building Information Modeling<\/a><a id=\"link_button-347-260\" class=\"ct-link-button\" href=\"https:\/\/protries.com\/en\/dienstleistungen\/hardware-engineering\/\" target=\"_self\"  >Hardware Engineering<\/a><a id=\"link_button-349-260\" class=\"ct-link-button\" href=\"https:\/\/protries.com\/en\/dienstleistungen\/montageplanung\/\" target=\"_self\"  >Elektrotechnische Montageplanung<\/a><\/div><\/div><\/section>","protected":false},"excerpt":{"rendered":"","protected":false},"author":1,"featured_media":0,"parent":34,"menu_order":0,"comment_status":"closed","ping_status":"closed","template":"","meta":{"footnotes":""},"class_list":["post-274","page","type-page","status-publish","hentry"],"_links":{"self":[{"href":"https:\/\/protries.com\/en\/wp-json\/wp\/v2\/pages\/274","targetHints":{"allow":["GET"]}}],"collection":[{"href":"https:\/\/protries.com\/en\/wp-json\/wp\/v2\/pages"}],"about":[{"href":"https:\/\/protries.com\/en\/wp-json\/wp\/v2\/types\/page"}],"author":[{"embeddable":true,"href":"https:\/\/protries.com\/en\/wp-json\/wp\/v2\/users\/1"}],"replies":[{"embeddable":true,"href":"https:\/\/protries.com\/en\/wp-json\/wp\/v2\/comments?post=274"}],"version-history":[{"count":4,"href":"https:\/\/protries.com\/en\/wp-json\/wp\/v2\/pages\/274\/revisions"}],"predecessor-version":[{"id":351,"href":"https:\/\/protries.com\/en\/wp-json\/wp\/v2\/pages\/274\/revisions\/351"}],"up":[{"embeddable":true,"href":"https:\/\/protries.com\/en\/wp-json\/wp\/v2\/pages\/34"}],"wp:attachment":[{"href":"https:\/\/protries.com\/en\/wp-json\/wp\/v2\/media?parent=274"}],"curies":[{"name":"wp","href":"https:\/\/api.w.org\/{rel}","templated":true}]}}