{"id":281,"date":"2025-08-22T14:05:20","date_gmt":"2025-08-22T14:05:20","guid":{"rendered":"https:\/\/protries.com\/?page_id=281"},"modified":"2025-08-22T14:56:32","modified_gmt":"2025-08-22T14:56:32","slug":"hardware-engineering","status":"publish","type":"page","link":"https:\/\/protries.com\/en\/dienstleistungen\/hardware-engineering\/","title":{"rendered":"Hardware Engineering"},"content":{"rendered":"<section id=\"section-128-260\" class=\"ct-section ct-section-with-shape-divider\" style=\"background-image:linear-gradient(rgba(20,20,20,0.67), rgba(20,20,20,0.67)), url(https:\/\/protries.com\/wp-content\/uploads\/2025\/10\/efg-schaltschrankbau-industrie.jpg);background-size:auto,  cover;\" ><div class=\"ct-section-inner-wrap\"><div id=\"div_block-131-260\" class=\"ct-div-block\" ><h1 id=\"headline-132-260\" class=\"ct-headline\">Hardware Engineering \u2013 Elektrotechnik Planung f\u00fcr Industrieanlagen<\/h1><div id=\"text_block-133-260\" class=\"ct-text-block\" ><b>Hardware Engineering<\/b> ist die Grundlage jeder zuverl\u00e4ssigen Elektroplanung im industriellen Anlagenbau. Protries Engineering bietet pr\u00e4zise, normgerechte und zukunftssichere Hardwareplanung \u2013 von der Konzeption bis zur Umsetzung. Mit Fokus auf Industrieprojekte und unter Einsatz modernster Planungstools wie <b><u><a href=\"https:\/\/protries.com\/en\/dienstleistungen\/hardware-engineering\/eplanp8\/\">EPLAN P8<\/a><\/u><\/b> und <b><u><a href=\"https:\/\/protries.com\/en\/dienstleistungen\/hardware-engineering\/elcad\/\">ELCAD<\/a><\/u><\/b> begleiten wir unsere Kunden in allen Phasen des Basic und Detail Engineerings.<b><\/b><\/div><\/div>\n\t\t<div id=\"-shape-divider-136-260\" class=\"oxy-shape-divider\" >        \n        <div class=\"oxy_shape_divider\" >\n            <svg xmlns=\"http:\/\/www.w3.org\/2000\/svg\" preserveaspectratio=\"none\" fill=\"currentColor\" fill-rule=\"evenodd\" viewbox=\"0 0 1000 320\"><path d=\"M1000 100L500 300 0 100v220h1000V100z\"\/><path fill-opacity=\".5\" d=\"M0 100V50l500 250 500-250v50L500 300 0 100z\"\/><path fill-opacity=\".2\" d=\"M0 0v50l500 250 500-250V0L500 300 0 0z\"\/><\/svg>        <\/div>\n\n        <\/div>\n\n\t\t<\/div><\/section><section id=\"section-2-260\" class=\"ct-section\" ><div class=\"ct-section-inner-wrap\"><h2 id=\"headline-3-260\" class=\"ct-headline atomic-secondary-heading\">Was wir unter Hardware Engineering verstehen<\/h2><div id=\"new_columns-5-260\" class=\"ct-new-columns\" ><div id=\"div_block-6-260\" class=\"ct-div-block\" ><div id=\"text_block-7-260\" class=\"ct-text-block\" >Als Hardware Engineering bezeichnen wir die gesamte <b>elektrotechnische Planung Ihrer Anlage<\/b>, einschlie\u00dflich Stromlaufpl\u00e4nen, Schaltschrankaufbau, Kabelplanung, usw. und Integration in Automatisierungs- oder Leitsysteme. Unsere Leistungen sind darauf ausgelegt, h\u00f6chste technische Anforderungen zu erf\u00fcllen \u2013 effizient, sicher und dokumentiert.<br><\/div><\/div><\/div><\/div><\/section><section id=\"section-187-260\" class=\"ct-section\" ><div class=\"ct-section-inner-wrap\"><div id=\"new_columns-188-260\" class=\"ct-new-columns\" ><div id=\"div_block-189-260\" class=\"ct-div-block\" ><h2 id=\"headline-190-260\" class=\"ct-headline atomic-secondary-heading\">F\u00fcr welche Unternehmen ist Hardware Engineering relevant?<\/h2><div id=\"text_block-191-260\" class=\"ct-text-block atomic-subheading\" >Unsere Dienstleistungen richten sich an alle Unternehmen, die elektrotechnische Planung im industriellen Ma\u00dfstab ben\u00f6tigen \u2013 insbesondere in sicherheitskritischen und hochautomatisierten Bereichen. Typische Einsatzfelder:<\/div><\/div><\/div><div id=\"new_columns-194-260\" class=\"ct-new-columns\" ><div id=\"div_block-195-260\" class=\"ct-div-block\" ><a id=\"link-483-281\" class=\"ct-link\" href=\"https:\/\/protries.com\/en\/branchen\/stahlindustrie\/\"   ><div id=\"fancy_icon-196-260\" class=\"ct-fancy-icon atomic-iconblock-18-icon\" ><svg id=\"svg-fancy_icon-196-260\"><use xlink:href=\"#Lineariconsicon-apartment\"><\/use><\/svg><\/div><\/a><a id=\"link-486-281\" class=\"ct-link\" href=\"https:\/\/protries.com\/en\/branchen\/stahlindustrie\/\"   ><h4 id=\"headline-197-260\" class=\"ct-headline atomic-iconblock-18-title\">Stahlwerke und metallverarbeitende Betriebe<\/h4><\/a><\/div><div id=\"div_block-199-260\" class=\"ct-div-block\" ><a id=\"link-488-281\" class=\"ct-link\" href=\"https:\/\/protries.com\/en\/branchen\/chemie-petro\/\" target=\"_self\"  ><div id=\"fancy_icon-200-260\" class=\"ct-fancy-icon atomic-iconblock-18-icon\" ><svg id=\"svg-fancy_icon-200-260\"><use xlink:href=\"#Lineariconsicon-lighter\"><\/use><\/svg><\/div><\/a><a id=\"link-490-281\" class=\"ct-link\" href=\"https:\/\/protries.com\/en\/branchen\/chemie-petro\/\" target=\"_self\"  ><h4 id=\"headline-201-260\" class=\"ct-headline atomic-iconblock-18-title\">Chemie- und Petrochemieanlagen<br><\/h4><\/a><\/div><div id=\"div_block-203-260\" class=\"ct-div-block\" ><a id=\"link-492-281\" class=\"ct-link\" href=\"https:\/\/protries.com\/en\/branchen\/automobil-zulieferindustrie\/\" target=\"_self\"  ><div id=\"fancy_icon-204-260\" class=\"ct-fancy-icon atomic-iconblock-18-icon\" ><svg id=\"svg-fancy_icon-204-260\"><use xlink:href=\"#Lineariconsicon-car\"><\/use><\/svg><\/div><\/a><a id=\"link-494-281\" class=\"ct-link\" href=\"https:\/\/protries.com\/en\/branchen\/automobil-zulieferindustrie\/\" target=\"_self\"  ><h4 id=\"headline-205-260\" class=\"ct-headline atomic-iconblock-18-title\">Automobilwerke und Zulieferbetriebe<\/h4><\/a><\/div><div id=\"div_block-207-260\" class=\"ct-div-block\" ><a id=\"link-496-281\" class=\"ct-link\" href=\"https:\/\/protries.com\/en\/branchen\/pharmaindustrie\/\" target=\"_self\"  ><div id=\"fancy_icon-208-260\" class=\"ct-fancy-icon atomic-iconblock-18-icon\" ><svg id=\"svg-fancy_icon-208-260\"><use xlink:href=\"#Lineariconsicon-heart-pulse\"><\/use><\/svg><\/div><\/a><a id=\"link-498-281\" class=\"ct-link\" href=\"https:\/\/protries.com\/en\/branchen\/pharmaindustrie\/\" target=\"_self\"  ><h4 id=\"headline-209-260\" class=\"ct-headline atomic-iconblock-18-title\">Pharma- und Lebensmittelindustrie<\/h4><\/a><\/div><div id=\"div_block-225-260\" class=\"ct-div-block\" ><a id=\"link-500-281\" class=\"ct-link\" href=\"https:\/\/protries.com\/en\/branchen\/energieversorgung\/\" target=\"_self\"  ><div id=\"fancy_icon-226-260\" class=\"ct-fancy-icon atomic-iconblock-18-icon\" ><svg id=\"svg-fancy_icon-226-260\"><use xlink:href=\"#Lineariconsicon-chart-bars\"><\/use><\/svg><\/div><\/a><a id=\"link-502-281\" class=\"ct-link\" href=\"https:\/\/protries.com\/en\/branchen\/energieversorgung\/\" target=\"_self\"  ><h4 id=\"headline-227-260\" class=\"ct-headline atomic-iconblock-18-title\">Infrastrukturprojekte<\/h4><\/a><\/div><\/div><div id=\"div_block-461-281\" class=\"ct-div-block\" ><a id=\"link_text-88-260\" class=\"ct-link-text atomic-primary-button\" href=\"tel: 436764336931\" target=\"_self\"  >Make Contact<\/a><\/div><\/div><\/section><section id=\"section-62-260\" class=\"ct-section ct-section-with-shape-divider\" ><div class=\"ct-section-inner-wrap\"><h2 id=\"headline-63-260\" class=\"ct-headline atomic-secondary-heading\">Unsere Leistungen im Hardware Engineering<\/h2><div id=\"new_columns-64-260\" class=\"ct-new-columns\" ><div id=\"div_block-65-260\" class=\"ct-div-block\" ><div id=\"div_block-66-260\" class=\"ct-div-block atomic-content-24-checklist-wrapper\" ><div id=\"fancy_icon-67-260\" class=\"ct-fancy-icon atomic-content-24-icon\" ><svg id=\"svg-fancy_icon-67-260\"><use xlink:href=\"#FontAwesomeicon-check\"><\/use><\/svg><\/div><div id=\"text_block-68-260\" class=\"ct-text-block atomic-content-24-text\" >Planung von <b>Nieder- und Mittelspannungsanlagen<br><\/b><\/div><\/div><div id=\"div_block-69-260\" class=\"ct-div-block atomic-content-24-checklist-wrapper\" ><div id=\"fancy_icon-70-260\" class=\"ct-fancy-icon atomic-content-24-icon\" ><svg id=\"svg-fancy_icon-70-260\"><use xlink:href=\"#FontAwesomeicon-check\"><\/use><\/svg><\/div><div id=\"text_block-71-260\" class=\"ct-text-block atomic-content-24-text\" >Erstellung von <b>Stromlaufpl\u00e4nen, Klemmenpl\u00e4nen, Aufbauzeichnungen, usw.<\/b><br><\/div><\/div><div id=\"div_block-72-260\" class=\"ct-div-block atomic-content-24-checklist-wrapper\" ><div id=\"fancy_icon-73-260\" class=\"ct-fancy-icon atomic-content-24-icon\" ><svg id=\"svg-fancy_icon-73-260\"><use xlink:href=\"#FontAwesomeicon-check\"><\/use><\/svg><\/div><div id=\"text_block-74-260\" class=\"ct-text-block atomic-content-24-text\" ><b> Auswahl geeigneter Feldger\u00e4te (Sensoren, Aktoren)<\/b><br><\/div><\/div><div id=\"div_block-75-260\" class=\"ct-div-block atomic-content-24-checklist-wrapper\" ><div id=\"fancy_icon-76-260\" class=\"ct-fancy-icon atomic-content-24-icon\" ><svg id=\"svg-fancy_icon-76-260\"><use xlink:href=\"#FontAwesomeicon-check\"><\/use><\/svg><\/div><div id=\"text_block-77-260\" class=\"ct-text-block atomic-content-24-text\" ><b>Schaltschrankplanung und -spezifikation nach EN 61439<\/b><br><\/div><\/div><div id=\"div_block-78-260\" class=\"ct-div-block atomic-content-24-checklist-wrapper\" ><div id=\"fancy_icon-79-260\" class=\"ct-fancy-icon atomic-content-24-icon\" ><svg id=\"svg-fancy_icon-79-260\"><use xlink:href=\"#FontAwesomeicon-check\"><\/use><\/svg><\/div><div id=\"text_block-80-260\" class=\"ct-text-block atomic-content-24-text\" ><b>Auslegung und Dimensionierung von Betriebsmitteln<br><\/b><\/div><\/div><div id=\"div_block-81-260\" class=\"ct-div-block atomic-content-24-checklist-wrapper\" ><div id=\"fancy_icon-82-260\" class=\"ct-fancy-icon atomic-content-24-icon\" ><svg id=\"svg-fancy_icon-82-260\"><use xlink:href=\"#FontAwesomeicon-check\"><\/use><\/svg><\/div><div id=\"text_block-83-260\" class=\"ct-text-block atomic-content-24-text\" ><b>Planung von Kabelwegen, Kabeltrassen und EMV-gerechter Verlegung<\/b><br><\/div><\/div><div id=\"div_block-84-260\" class=\"ct-div-block atomic-content-24-checklist-wrapper\" ><div id=\"fancy_icon-85-260\" class=\"ct-fancy-icon atomic-content-24-icon\" ><svg id=\"svg-fancy_icon-85-260\"><use xlink:href=\"#FontAwesomeicon-check\"><\/use><\/svg><\/div><div id=\"text_block-86-260\" class=\"ct-text-block atomic-content-24-text\" ><b>Ger\u00e4te- und St\u00fccklisten, Anschlusspl\u00e4ne, Kabel- und Klemmenlisten<\/b><br><\/div><\/div><div id=\"div_block-183-260\" class=\"ct-div-block atomic-content-24-checklist-wrapper\" ><div id=\"fancy_icon-184-260\" class=\"ct-fancy-icon atomic-content-24-icon\" ><svg id=\"svg-fancy_icon-184-260\"><use xlink:href=\"#FontAwesomeicon-check\"><\/use><\/svg><\/div><div id=\"text_block-185-260\" class=\"ct-text-block atomic-content-24-text\" >Integration von <b>Explosionsschutzanforderungen <\/b>(ATEX, Z\u00fcndquellenanalyse)<br><\/div><\/div><div id=\"div_block-386-269\" class=\"ct-div-block atomic-content-24-checklist-wrapper\" ><div id=\"fancy_icon-387-269\" class=\"ct-fancy-icon atomic-content-24-icon\" ><svg id=\"svg-fancy_icon-387-269\"><use xlink:href=\"#FontAwesomeicon-check\"><\/use><\/svg><\/div><div id=\"text_block-388-269\" class=\"ct-text-block atomic-content-24-text\" ><b><\/b>Verwendung von <b><u><a href=\"https:\/\/protries.com\/en\/dienstleistungen\/hardware-engineering\/eplanp8\/\">EPLAN P8<\/a><\/u><\/b>, <b><u><a href=\"https:\/\/protries.com\/en\/dienstleistungen\/hardware-engineering\/elcad\/\">ELCAD<\/a><\/u><\/b>, AutoCAD und weiteren Tools<br><\/div><\/div><div id=\"div_block-414-281\" class=\"ct-div-block atomic-content-24-checklist-wrapper\" ><div id=\"fancy_icon-415-281\" class=\"ct-fancy-icon atomic-content-24-icon\" ><svg id=\"svg-fancy_icon-415-281\"><use xlink:href=\"#FontAwesomeicon-check\"><\/use><\/svg><\/div><div id=\"text_block-416-281\" class=\"ct-text-block atomic-content-24-text\" ><b><\/b>Unterst\u00fctzung bei Ausschreibungen, Abnahmen und Inbetriebnahmen<br><\/div><\/div><\/div><\/div><div id=\"div_block-87-260\" class=\"ct-div-block\" ><h3 id=\"headline-472-281\" class=\"ct-headline\">Mehr Infos zu ELCAD &amp; EPLAN P8&nbsp;\u2192<\/h3><div id=\"div_block-463-281\" class=\"ct-div-block\" ><a id=\"link_button-464-281\" class=\"ct-link-button\" href=\"https:\/\/protries.com\/en\/dienstleistungen\/hardware-engineering\/elcad\/\"   >ELCAD<\/a><a id=\"link_button-465-281\" class=\"ct-link-button\" href=\"https:\/\/protries.com\/en\/dienstleistungen\/hardware-engineering\/eplanp8\/\"   >EPLAN P8<\/a><\/div><\/div>\n\t\t<div id=\"-shape-divider-325-260\" class=\"oxy-shape-divider\" >        \n        <div class=\"oxy_shape_divider\" >\n            <svg xmlns=\"http:\/\/www.w3.org\/2000\/svg\" preserveaspectratio=\"none\" fill=\"currentColor\" fill-rule=\"evenodd\" viewbox=\"0 0 1000 320\"><path d=\"M1000 100L500 300 0 100v220h1000V100z\"\/><path fill-opacity=\".5\" d=\"M0 100V50l500 250 500-250v50L500 300 0 100z\"\/><path fill-opacity=\".2\" d=\"M0 0v50l500 250 500-250V0L500 300 0 0z\"\/><\/svg>        <\/div>\n\n        <\/div>\n\n\t\t<\/div><\/section><section id=\"section-9-260\" class=\"ct-section ct-section-with-shape-divider\" ><div class=\"ct-section-inner-wrap\"><div id=\"new_columns-10-260\" class=\"ct-new-columns\" ><div id=\"div_block-11-260\" class=\"ct-div-block\" ><h2 id=\"headline-243-260\" class=\"ct-headline atomic-secondary-heading\"><b>Warum mit Protries Engineering? \u2013 Ihre Vorteile<\/b><br><\/h2>\n\t\t<div id=\"-shape-divider-323-260\" class=\"oxy-shape-divider\" >        \n        <div class=\"oxy_shape_divider\" >\n            <svg xmlns=\"http:\/\/www.w3.org\/2000\/svg\" preserveaspectratio=\"none\" fill=\"currentColor\" fill-rule=\"evenodd\" viewbox=\"0 0 1000 320\"><path d=\"M1000 100L500 300 0 100v220h1000V100z\"\/><path fill-opacity=\".5\" d=\"M0 100V50l500 250 500-250v50L500 300 0 100z\"\/><path fill-opacity=\".2\" d=\"M0 0v50l500 250 500-250V0L500 300 0 0z\"\/><\/svg>        <\/div>\n\n        <\/div>\n\n\t\t<\/div><\/div>\n\t\t<div id=\"-shape-divider-26-260\" class=\"oxy-shape-divider\" >        \n        <div class=\"oxy_shape_divider\" >\n            <svg xmlns=\"http:\/\/www.w3.org\/2000\/svg\" preserveaspectratio=\"none\" fill=\"currentColor\" fill-rule=\"evenodd\" viewbox=\"0 0 1000 320\"><path d=\"M1000 100L500 300 0 100v220h1000V100z\"\/><path fill-opacity=\".5\" d=\"M0 100V50l500 250 500-250v50L500 300 0 100z\"\/><path fill-opacity=\".2\" d=\"M0 0v50l500 250 500-250V0L500 300 0 0z\"\/><\/svg>        <\/div>\n\n        <\/div>\n\n\t\t<div id=\"div_block-296-260\" class=\"ct-div-block\" ><div id=\"div_block-297-260\" class=\"ct-div-block atomic-content-24-checklist-wrapper\" ><div id=\"fancy_icon-298-260\" class=\"ct-fancy-icon atomic-content-24-icon\" ><svg id=\"svg-fancy_icon-298-260\"><use xlink:href=\"#FontAwesomeicon-check\"><\/use><\/svg><\/div><div id=\"text_block-299-260\" class=\"ct-text-block atomic-content-24-text\" ><b>Branchenspezialisierung Industrie<\/b> \u2013 tiefes Verst\u00e4ndnis f\u00fcr technische Abl\u00e4ufe und Anforderungen<\/div><\/div><div id=\"div_block-300-260\" class=\"ct-div-block atomic-content-24-checklist-wrapper\" ><div id=\"fancy_icon-301-260\" class=\"ct-fancy-icon atomic-content-24-icon\" ><svg id=\"svg-fancy_icon-301-260\"><use xlink:href=\"#FontAwesomeicon-check\"><\/use><\/svg><\/div><div id=\"text_block-302-260\" class=\"ct-text-block atomic-content-24-text\" ><b> Softwarekompetenz <\/b>\u2013 Planung mit <a href=\"https:\/\/protries.com\/en\/dienstleistungen\/hardware-engineering\/eplanp8\/\">EPLAN P8<\/a>, <a href=\"https:\/\/protries.com\/en\/dienstleistungen\/hardware-engineering\/elcad\/\">ELCAD<\/a>, AutoCAD und BIM-Systemen<br><\/div><\/div><div id=\"div_block-303-260\" class=\"ct-div-block atomic-content-24-checklist-wrapper\" ><div id=\"fancy_icon-304-260\" class=\"ct-fancy-icon atomic-content-24-icon\" ><svg id=\"svg-fancy_icon-304-260\"><use xlink:href=\"#FontAwesomeicon-check\"><\/use><\/svg><\/div><div id=\"text_block-305-260\" class=\"ct-text-block atomic-content-24-text\" > <b>Langj\u00e4hrige Erfahrung<\/b> \u2013 internationale Projekte von Basic bis Detail Engineering<b><\/b><br><\/div><\/div><div id=\"div_block-306-260\" class=\"ct-div-block atomic-content-24-checklist-wrapper\" ><div id=\"fancy_icon-307-260\" class=\"ct-fancy-icon atomic-content-24-icon\" ><svg id=\"svg-fancy_icon-307-260\"><use xlink:href=\"#FontAwesomeicon-check\"><\/use><\/svg><\/div><div id=\"text_block-308-260\" class=\"ct-text-block atomic-content-24-text\" ><b>Normensicherheit &amp; Qualit\u00e4t <\/b>\u2013 Planung nach g\u00fcltigen IEC\/EN-Normen, ATEX, SIL, etc.<br><\/div><\/div><div id=\"div_block-309-260\" class=\"ct-div-block atomic-content-24-checklist-wrapper\" ><div id=\"fancy_icon-310-260\" class=\"ct-fancy-icon atomic-content-24-icon\" ><svg id=\"svg-fancy_icon-310-260\"><use xlink:href=\"#FontAwesomeicon-check\"><\/use><\/svg><\/div><div id=\"text_block-311-260\" class=\"ct-text-block atomic-content-24-text\" ><b>Pers\u00f6nliche Betreuung<\/b> \u2013 kleine Strukturen, direkte Ansprechpartner, schnelle Umsetzung<br><\/div><\/div><div id=\"div_block-522-281\" class=\"ct-div-block atomic-content-24-checklist-wrapper\" ><div id=\"fancy_icon-523-281\" class=\"ct-fancy-icon atomic-content-24-icon\" ><svg id=\"svg-fancy_icon-523-281\"><use xlink:href=\"#FontAwesomeicon-check\"><\/use><\/svg><\/div><div id=\"text_block-524-281\" class=\"ct-text-block atomic-content-24-text\" ><b>Schnittstellenkompetenz <\/b>\u2013 MSR, Explosionsschutz, BIM und mehr aus einer Hand<br><\/div><\/div><\/div><\/div><\/section><section id=\"section-123-260\" class=\"ct-section\" ><div class=\"ct-section-inner-wrap\"><div id=\"div_block-124-260\" class=\"ct-div-block\" ><h2 id=\"headline-125-260\" class=\"ct-headline atomic-secondary-heading\"><b>Protries Engineering \u2013 Ihr Partner f\u00fcr rechtssicheres, praxisnahes Hardware Engineering in der Industrie.<\/b><br><br><b>Kontaktieren Sie uns<\/b>, wenn Sie Ihre Anlagen sicher und effizient planen oder modernisieren m\u00f6chten.<\/h2><a id=\"link_text-126-260\" class=\"ct-link-text atomic-outline-button\" href=\"tel: 436764336931\" target=\"_self\"  >Make Contact<\/a><\/div><\/div><\/section><section id=\"section-338-260\" class=\"ct-section\" ><div class=\"ct-section-inner-wrap\"><h2 id=\"headline-339-260\" class=\"ct-headline\">Entdecken Sie weitere Dienstleistungen<\/h2><div id=\"div_block-344-260\" class=\"ct-div-block\" ><a id=\"link_button-343-260\" class=\"ct-link-button\" href=\"https:\/\/protries.com\/en\/dienstleistungen\/explosionsschutz\/\"   >Explosion Protection<\/a><a id=\"link_button-341-260\" class=\"ct-link-button\" href=\"https:\/\/protries.com\/en\/dienstleistungen\/bim\/\"   >Building Information Modeling<\/a><a id=\"link_button-347-260\" class=\"ct-link-button\" href=\"https:\/\/protries.com\/en\/dienstleistungen\/msr\/\"   >MSR Technik<\/a><a id=\"link_button-349-260\" class=\"ct-link-button\" href=\"https:\/\/protries.com\/en\/dienstleistungen\/montageplanung\/\" target=\"_self\"  >Elektrotechnische Montageplanung<\/a><\/div><\/div><\/section>","protected":false},"excerpt":{"rendered":"","protected":false},"author":1,"featured_media":0,"parent":34,"menu_order":0,"comment_status":"closed","ping_status":"closed","template":"","meta":{"footnotes":""},"class_list":["post-281","page","type-page","status-publish","hentry"],"_links":{"self":[{"href":"https:\/\/protries.com\/en\/wp-json\/wp\/v2\/pages\/281","targetHints":{"allow":["GET"]}}],"collection":[{"href":"https:\/\/protries.com\/en\/wp-json\/wp\/v2\/pages"}],"about":[{"href":"https:\/\/protries.com\/en\/wp-json\/wp\/v2\/types\/page"}],"author":[{"embeddable":true,"href":"https:\/\/protries.com\/en\/wp-json\/wp\/v2\/users\/1"}],"replies":[{"embeddable":true,"href":"https:\/\/protries.com\/en\/wp-json\/wp\/v2\/comments?post=281"}],"version-history":[{"count":3,"href":"https:\/\/protries.com\/en\/wp-json\/wp\/v2\/pages\/281\/revisions"}],"predecessor-version":[{"id":284,"href":"https:\/\/protries.com\/en\/wp-json\/wp\/v2\/pages\/281\/revisions\/284"}],"up":[{"embeddable":true,"href":"https:\/\/protries.com\/en\/wp-json\/wp\/v2\/pages\/34"}],"wp:attachment":[{"href":"https:\/\/protries.com\/en\/wp-json\/wp\/v2\/media?parent=281"}],"curies":[{"name":"wp","href":"https:\/\/api.w.org\/{rel}","templated":true}]}}