{"id":286,"date":"2025-08-22T14:58:31","date_gmt":"2025-08-22T14:58:31","guid":{"rendered":"https:\/\/protries.com\/?page_id=286"},"modified":"2025-08-22T15:11:12","modified_gmt":"2025-08-22T15:11:12","slug":"eplanp8","status":"publish","type":"page","link":"https:\/\/protries.com\/en\/dienstleistungen\/hardware-engineering\/eplanp8\/","title":{"rendered":"EPLAN P8"},"content":{"rendered":"<section id=\"section-128-260\" class=\"ct-section ct-section-with-shape-divider\" style=\"background-image:linear-gradient(rgba(20,20,20,0.67), rgba(20,20,20,0.67)), url(https:\/\/protries.com\/wp-content\/uploads\/2025\/10\/2025-08-27-11_02_34-EPLAN-Electric-P8-2025-Update-3-D___EPLAN_Sprecher_Automation_EPlan_2025_xxxxx.png);background-size:auto,  cover;\" ><div class=\"ct-section-inner-wrap\"><div id=\"div_block-131-260\" class=\"ct-div-block\" ><h1 id=\"headline-132-260\" class=\"ct-headline\">EPLAN Hardware Engineering \u2013 Pr\u00e4zise Elektrotechnik Planung<\/h1><div id=\"text_block-133-260\" class=\"ct-text-block\" ><b>EPLAN Hardware Engineering<\/b> ist das Herzst\u00fcck effizienter und normkonformer Elektroplanung f\u00fcr Industrieanlagen. Protries Engineering nutzt EPLAN P8, um Ihre elektrotechnischen Projekte digital, transparent und fehlerfrei umzusetzen \u2013 von der ersten Skizze bis zur fertigen Dokumentation.<b><\/b><\/div><\/div>\n\t\t<div id=\"-shape-divider-136-260\" class=\"oxy-shape-divider\" >        \n        <div class=\"oxy_shape_divider\" >\n            <svg xmlns=\"http:\/\/www.w3.org\/2000\/svg\" preserveaspectratio=\"none\" fill=\"currentColor\" fill-rule=\"evenodd\" viewbox=\"0 0 1000 320\"><path d=\"M1000 100L500 300 0 100v220h1000V100z\"\/><path fill-opacity=\".5\" d=\"M0 100V50l500 250 500-250v50L500 300 0 100z\"\/><path fill-opacity=\".2\" d=\"M0 0v50l500 250 500-250V0L500 300 0 0z\"\/><\/svg>        <\/div>\n\n        <\/div>\n\n\t\t<\/div><\/section><section id=\"section-2-260\" class=\"ct-section\" ><div class=\"ct-section-inner-wrap\"><h2 id=\"headline-3-260\" class=\"ct-headline atomic-secondary-heading\">Was ist EPLAN Hardware Engineering?<\/h2><div id=\"new_columns-5-260\" class=\"ct-new-columns\" ><div id=\"div_block-6-260\" class=\"ct-div-block\" ><div id=\"text_block-7-260\" class=\"ct-text-block\" >EPLAN P8 ist eine f\u00fchrende Softwarel\u00f6sung f\u00fcr die Planung und Dokumentation elektrotechnischer Systeme. Sie erm\u00f6glicht die durchg\u00e4ngige Erstellung von Stromlaufpl\u00e4nen, Klemmenpl\u00e4nen, Schaltschrankaufbauten und Kabelpl\u00e4nen \u2013 alles in einem konsistenten und intelligenten Datenmodell.<br><\/div><\/div><\/div><div id=\"text_block-530-286\" class=\"ct-text-block\" >Mit EPLAN sorgen wir f\u00fcr hohe Planungsqualit\u00e4t, einfache \u00c4nderungen und nahtlose Zusammenarbeit mit anderen Gewerken.<br><\/div><\/div><\/section><section id=\"section-187-260\" class=\"ct-section\" ><div class=\"ct-section-inner-wrap\"><div id=\"new_columns-188-260\" class=\"ct-new-columns\" ><div id=\"div_block-189-260\" class=\"ct-div-block\" ><h2 id=\"headline-190-260\" class=\"ct-headline atomic-secondary-heading\">F\u00fcr wen ist EPLAN Hardware Engineering geeignet?<\/h2><div id=\"text_block-191-260\" class=\"ct-text-block atomic-subheading\" >Unsere EPLAN-Dienstleistungen sind ideal f\u00fcr industrielle Unternehmen, die Wert auf exakte und effiziente Elektroplanung legen, darunter:<\/div><\/div><\/div><div id=\"new_columns-194-260\" class=\"ct-new-columns\" ><div id=\"div_block-195-260\" class=\"ct-div-block\" ><a id=\"link-483-281\" class=\"ct-link\" href=\"http:\/\/\" target=\"_self\"  ><div id=\"fancy_icon-196-260\" class=\"ct-fancy-icon atomic-iconblock-18-icon\" ><svg id=\"svg-fancy_icon-196-260\"><use xlink:href=\"#Lineariconsicon-apartment\"><\/use><\/svg><\/div><\/a><a id=\"link-486-281\" class=\"ct-link\" href=\"https:\/\/protries.com\/en\/branchen\/stahlindustrie\/\"   ><h4 id=\"headline-197-260\" class=\"ct-headline atomic-iconblock-18-title\">Stahl- und Metallverarbeitung<\/h4><\/a><\/div><div id=\"div_block-199-260\" class=\"ct-div-block\" ><a id=\"link-488-281\" class=\"ct-link\" href=\"https:\/\/protries.com\/en\/branchen\/chemie-petro\/\" target=\"_self\"  ><div id=\"fancy_icon-200-260\" class=\"ct-fancy-icon atomic-iconblock-18-icon\" ><svg id=\"svg-fancy_icon-200-260\"><use xlink:href=\"#Lineariconsicon-lighter\"><\/use><\/svg><\/div><\/a><a id=\"link-490-281\" class=\"ct-link\" href=\"https:\/\/protries.com\/en\/branchen\/chemie-petro\/\" target=\"_self\"  ><h4 id=\"headline-201-260\" class=\"ct-headline atomic-iconblock-18-title\">Chemische und petrochemische Anlagen<br><\/h4><\/a><\/div><div id=\"div_block-203-260\" class=\"ct-div-block\" ><a id=\"link-492-281\" class=\"ct-link\" href=\"https:\/\/protries.com\/en\/branchen\/automobil-zulieferindustrie\/\" target=\"_self\"  ><div id=\"fancy_icon-204-260\" class=\"ct-fancy-icon atomic-iconblock-18-icon\" ><svg id=\"svg-fancy_icon-204-260\"><use xlink:href=\"#Lineariconsicon-car\"><\/use><\/svg><\/div><\/a><a id=\"link-494-281\" class=\"ct-link\" href=\"https:\/\/protries.com\/en\/branchen\/automobil-zulieferindustrie\/\" target=\"_self\"  ><h4 id=\"headline-205-260\" class=\"ct-headline atomic-iconblock-18-title\">Automobilindustrie und Zulieferer<\/h4><\/a><\/div><div id=\"div_block-207-260\" class=\"ct-div-block\" ><a id=\"link-496-281\" class=\"ct-link\" href=\"https:\/\/protries.com\/en\/branchen\/pharmaindustrie\/\" target=\"_self\"  ><div id=\"fancy_icon-208-260\" class=\"ct-fancy-icon atomic-iconblock-18-icon\" ><svg id=\"svg-fancy_icon-208-260\"><use xlink:href=\"#Lineariconsicon-heart-pulse\"><\/use><\/svg><\/div><\/a><a id=\"link-498-281\" class=\"ct-link\" href=\"https:\/\/protries.com\/en\/branchen\/pharmaindustrie\/\" target=\"_self\"  ><h4 id=\"headline-209-260\" class=\"ct-headline atomic-iconblock-18-title\">Pharmazeutische Produktionsst\u00e4tten<\/h4><\/a><\/div><div id=\"div_block-225-260\" class=\"ct-div-block\" ><a id=\"link-500-281\" class=\"ct-link\" href=\"https:\/\/protries.com\/en\/branchen\/energieversorgung\/\" target=\"_self\"  ><div id=\"fancy_icon-226-260\" class=\"ct-fancy-icon atomic-iconblock-18-icon\" ><svg id=\"svg-fancy_icon-226-260\"><use xlink:href=\"#Lineariconsicon-chart-bars\"><\/use><\/svg><\/div><\/a><a id=\"link-502-281\" class=\"ct-link\" href=\"https:\/\/protries.com\/en\/branchen\/energieversorgung\/\" target=\"_self\"  ><h4 id=\"headline-227-260\" class=\"ct-headline atomic-iconblock-18-title\">Energieversorger und Infrastrukturprojekte<\/h4><\/a><\/div><\/div><div id=\"div_block-461-281\" class=\"ct-div-block\" ><a id=\"link_text-88-260\" class=\"ct-link-text atomic-primary-button\" href=\"tel: 436764336931\" target=\"_self\"  >Make Contact<\/a><\/div><\/div><\/section><section id=\"section-62-260\" class=\"ct-section ct-section-with-shape-divider\" ><div class=\"ct-section-inner-wrap\"><h2 id=\"headline-63-260\" class=\"ct-headline atomic-secondary-heading\">Unsere Leistungen mit EPLAN:<\/h2><div id=\"new_columns-64-260\" class=\"ct-new-columns\" ><div id=\"div_block-65-260\" class=\"ct-div-block\" ><div id=\"div_block-66-260\" class=\"ct-div-block atomic-content-24-checklist-wrapper\" ><div id=\"fancy_icon-67-260\" class=\"ct-fancy-icon atomic-content-24-icon\" ><svg id=\"svg-fancy_icon-67-260\"><use xlink:href=\"#FontAwesomeicon-check\"><\/use><\/svg><\/div><div id=\"text_block-68-260\" class=\"ct-text-block atomic-content-24-text\" ><b>Erstellung von detaillierten Stromlauf- und Klemmenpl\u00e4nen<br><\/b><\/div><\/div><div id=\"div_block-69-260\" class=\"ct-div-block atomic-content-24-checklist-wrapper\" ><div id=\"fancy_icon-70-260\" class=\"ct-fancy-icon atomic-content-24-icon\" ><svg id=\"svg-fancy_icon-70-260\"><use xlink:href=\"#FontAwesomeicon-check\"><\/use><\/svg><\/div><div id=\"text_block-71-260\" class=\"ct-text-block atomic-content-24-text\" ><b>Schaltschrank- und Verteilerplanung nach IEC\/EN-Normen<\/b><br><\/div><\/div><div id=\"div_block-72-260\" class=\"ct-div-block atomic-content-24-checklist-wrapper\" ><div id=\"fancy_icon-73-260\" class=\"ct-fancy-icon atomic-content-24-icon\" ><svg id=\"svg-fancy_icon-73-260\"><use xlink:href=\"#FontAwesomeicon-check\"><\/use><\/svg><\/div><div id=\"text_block-74-260\" class=\"ct-text-block atomic-content-24-text\" ><b> Automatisierte St\u00fccklisten- und Materiallistengenerierung<\/b><br><\/div><\/div><div id=\"div_block-75-260\" class=\"ct-div-block atomic-content-24-checklist-wrapper\" ><div id=\"fancy_icon-76-260\" class=\"ct-fancy-icon atomic-content-24-icon\" ><svg id=\"svg-fancy_icon-76-260\"><use xlink:href=\"#FontAwesomeicon-check\"><\/use><\/svg><\/div><div id=\"text_block-77-260\" class=\"ct-text-block atomic-content-24-text\" ><b>Integration von Explosionsschutzanforderungen und Sicherheitsfunktionen<\/b><br><\/div><\/div><div id=\"div_block-78-260\" class=\"ct-div-block atomic-content-24-checklist-wrapper\" ><div id=\"fancy_icon-79-260\" class=\"ct-fancy-icon atomic-content-24-icon\" ><svg id=\"svg-fancy_icon-79-260\"><use xlink:href=\"#FontAwesomeicon-check\"><\/use><\/svg><\/div><div id=\"text_block-80-260\" class=\"ct-text-block atomic-content-24-text\" ><b>Pr\u00fcfung auf Normenkonformit\u00e4t und Fehlerfreiheit<br><\/b><\/div><\/div><div id=\"div_block-81-260\" class=\"ct-div-block atomic-content-24-checklist-wrapper\" ><div id=\"fancy_icon-82-260\" class=\"ct-fancy-icon atomic-content-24-icon\" ><svg id=\"svg-fancy_icon-82-260\"><use xlink:href=\"#FontAwesomeicon-check\"><\/use><\/svg><\/div><div id=\"text_block-83-260\" class=\"ct-text-block atomic-content-24-text\" ><b>Schnittstellenmanagement zu MSR-Technik, Automatisierung und BIM<\/b><br><\/div><\/div><div id=\"div_block-84-260\" class=\"ct-div-block atomic-content-24-checklist-wrapper\" ><div id=\"fancy_icon-85-260\" class=\"ct-fancy-icon atomic-content-24-icon\" ><svg id=\"svg-fancy_icon-85-260\"><use xlink:href=\"#FontAwesomeicon-check\"><\/use><\/svg><\/div><div id=\"text_block-86-260\" class=\"ct-text-block atomic-content-24-text\" ><b>Unterst\u00fctzung bei der Projektkoordination und \u00c4nderungsmanagement<\/b><br><\/div><\/div><div id=\"div_block-183-260\" class=\"ct-div-block atomic-content-24-checklist-wrapper\" ><div id=\"fancy_icon-184-260\" class=\"ct-fancy-icon atomic-content-24-icon\" ><svg id=\"svg-fancy_icon-184-260\"><use xlink:href=\"#FontAwesomeicon-check\"><\/use><\/svg><\/div><div id=\"text_block-185-260\" class=\"ct-text-block atomic-content-24-text\" ><b>Schulung und Beratung zu EPLAN-spezifischen Fragestellungen<\/b><br><\/div><\/div><\/div><\/div><div id=\"div_block-87-260\" class=\"ct-div-block\" ><h3 id=\"headline-472-281\" class=\"ct-headline\">Mehr Infos zu ELCAD &amp; Hardware Engineering \u2192<\/h3><div id=\"div_block-463-281\" class=\"ct-div-block\" ><a id=\"link_button-464-281\" class=\"ct-link-button\" href=\"https:\/\/protries.com\/en\/dienstleistungen\/hardware-engineering\/elcad\/\"   >ELCAD<\/a><a id=\"link_button-465-281\" class=\"ct-link-button\" href=\"https:\/\/protries.com\/en\/dienstleistungen\/hardware-engineering\/\"   >Hardware Engineering<\/a><\/div><\/div>\n\t\t<div id=\"-shape-divider-325-260\" class=\"oxy-shape-divider\" >        \n        <div class=\"oxy_shape_divider\" >\n            <svg xmlns=\"http:\/\/www.w3.org\/2000\/svg\" preserveaspectratio=\"none\" fill=\"currentColor\" fill-rule=\"evenodd\" viewbox=\"0 0 1000 320\"><path d=\"M1000 100L500 300 0 100v220h1000V100z\"\/><path fill-opacity=\".5\" d=\"M0 100V50l500 250 500-250v50L500 300 0 100z\"\/><path fill-opacity=\".2\" d=\"M0 0v50l500 250 500-250V0L500 300 0 0z\"\/><\/svg>        <\/div>\n\n        <\/div>\n\n\t\t<\/div><\/section><section id=\"section-9-260\" class=\"ct-section ct-section-with-shape-divider\" ><div class=\"ct-section-inner-wrap\"><div id=\"new_columns-10-260\" class=\"ct-new-columns\" ><div id=\"div_block-11-260\" class=\"ct-div-block\" ><h2 id=\"headline-243-260\" class=\"ct-headline atomic-secondary-heading\"><b>Ihre Vorteile mit Protries und EPLAN:<\/b><br><\/h2>\n\t\t<div id=\"-shape-divider-323-260\" class=\"oxy-shape-divider\" >        \n        <div class=\"oxy_shape_divider\" >\n            <svg xmlns=\"http:\/\/www.w3.org\/2000\/svg\" preserveaspectratio=\"none\" fill=\"currentColor\" fill-rule=\"evenodd\" viewbox=\"0 0 1000 320\"><path d=\"M1000 100L500 300 0 100v220h1000V100z\"\/><path fill-opacity=\".5\" d=\"M0 100V50l500 250 500-250v50L500 300 0 100z\"\/><path fill-opacity=\".2\" d=\"M0 0v50l500 250 500-250V0L500 300 0 0z\"\/><\/svg>        <\/div>\n\n        <\/div>\n\n\t\t<\/div><\/div>\n\t\t<div id=\"-shape-divider-26-260\" class=\"oxy-shape-divider\" >        \n        <div class=\"oxy_shape_divider\" >\n            <svg xmlns=\"http:\/\/www.w3.org\/2000\/svg\" preserveaspectratio=\"none\" fill=\"currentColor\" fill-rule=\"evenodd\" viewbox=\"0 0 1000 320\"><path d=\"M1000 100L500 300 0 100v220h1000V100z\"\/><path fill-opacity=\".5\" d=\"M0 100V50l500 250 500-250v50L500 300 0 100z\"\/><path fill-opacity=\".2\" d=\"M0 0v50l500 250 500-250V0L500 300 0 0z\"\/><\/svg>        <\/div>\n\n        <\/div>\n\n\t\t<div id=\"div_block-296-260\" class=\"ct-div-block\" ><div id=\"div_block-297-260\" class=\"ct-div-block atomic-content-24-checklist-wrapper\" ><div id=\"fancy_icon-298-260\" class=\"ct-fancy-icon atomic-content-24-icon\" ><svg id=\"svg-fancy_icon-298-260\"><use xlink:href=\"#FontAwesomeicon-check\"><\/use><\/svg><\/div><div id=\"text_block-299-260\" class=\"ct-text-block atomic-content-24-text\" ><b>H\u00f6chste Pr\u00e4zision und Planungsqualit\u00e4t<\/b> dank modernster Software<\/div><\/div><div id=\"div_block-300-260\" class=\"ct-div-block atomic-content-24-checklist-wrapper\" ><div id=\"fancy_icon-301-260\" class=\"ct-fancy-icon atomic-content-24-icon\" ><svg id=\"svg-fancy_icon-301-260\"><use xlink:href=\"#FontAwesomeicon-check\"><\/use><\/svg><\/div><div id=\"text_block-302-260\" class=\"ct-text-block atomic-content-24-text\" ><b> Zeit- und Kostenersparnis<\/b> durch automatisierte Abl\u00e4ufe<br><\/div><\/div><div id=\"div_block-303-260\" class=\"ct-div-block atomic-content-24-checklist-wrapper\" ><div id=\"fancy_icon-304-260\" class=\"ct-fancy-icon atomic-content-24-icon\" ><svg id=\"svg-fancy_icon-304-260\"><use xlink:href=\"#FontAwesomeicon-check\"><\/use><\/svg><\/div><div id=\"text_block-305-260\" class=\"ct-text-block atomic-content-24-text\" > <b>Normen- und Sicherheitskonformit\u00e4t<\/b> f\u00fcr Ihre Elektroanlagen<b><\/b><br><\/div><\/div><div id=\"div_block-306-260\" class=\"ct-div-block atomic-content-24-checklist-wrapper\" ><div id=\"fancy_icon-307-260\" class=\"ct-fancy-icon atomic-content-24-icon\" ><svg id=\"svg-fancy_icon-307-260\"><use xlink:href=\"#FontAwesomeicon-check\"><\/use><\/svg><\/div><div id=\"text_block-308-260\" class=\"ct-text-block atomic-content-24-text\" ><b>Flexibilit\u00e4t<\/b> bei \u00c4nderungen und Projektanpassungen<br><\/div><\/div><div id=\"div_block-309-260\" class=\"ct-div-block atomic-content-24-checklist-wrapper\" ><div id=\"fancy_icon-310-260\" class=\"ct-fancy-icon atomic-content-24-icon\" ><svg id=\"svg-fancy_icon-310-260\"><use xlink:href=\"#FontAwesomeicon-check\"><\/use><\/svg><\/div><div id=\"text_block-311-260\" class=\"ct-text-block atomic-content-24-text\" ><b>Nahtlose Integration<\/b> in Gesamtprojekte mit BIM und MSR<br><\/div><\/div><div id=\"div_block-522-281\" class=\"ct-div-block atomic-content-24-checklist-wrapper\" ><div id=\"fancy_icon-523-281\" class=\"ct-fancy-icon atomic-content-24-icon\" ><svg id=\"svg-fancy_icon-523-281\"><use xlink:href=\"#FontAwesomeicon-check\"><\/use><\/svg><\/div><div id=\"text_block-524-281\" class=\"ct-text-block atomic-content-24-text\" ><b>Erfahrenes Team<\/b> mit langj\u00e4hriger Praxis in EPLAN-Projekten<br><\/div><\/div><\/div><\/div><\/section><section id=\"section-123-260\" class=\"ct-section\" ><div class=\"ct-section-inner-wrap\"><div id=\"div_block-124-260\" class=\"ct-div-block\" ><h2 id=\"headline-125-260\" class=\"ct-headline atomic-secondary-heading\"><b>Protries Engineering \u2013 Ihr kompetenter Partner f\u00fcr EPLAN Hardware Engineering in der Industrie.<br><\/b><br><b>Kontaktieren Sie uns jetzt<\/b> und starten Sie Ihr Projekt mit professioneller Elektroplanung.<\/h2><a id=\"link_text-126-260\" class=\"ct-link-text atomic-outline-button\" href=\"tel: 436764336931\" target=\"_self\"  >Make Contact<\/a><\/div><\/div><\/section><section id=\"section-338-260\" class=\"ct-section\" ><div class=\"ct-section-inner-wrap\"><h2 id=\"headline-339-260\" class=\"ct-headline\">Entdecken Sie weitere Dienstleistungen<\/h2><div id=\"div_block-344-260\" class=\"ct-div-block\" ><a id=\"link_button-343-260\" class=\"ct-link-button\" href=\"https:\/\/protries.com\/en\/dienstleistungen\/explosionsschutz\/\"   >Explosion Protection<\/a><a id=\"link_button-341-260\" class=\"ct-link-button\" href=\"https:\/\/protries.com\/en\/dienstleistungen\/bim\/\"   >Building Information Modeling<\/a><a id=\"link_button-347-260\" class=\"ct-link-button\" href=\"https:\/\/protries.com\/en\/dienstleistungen\/msr\/\"   >MSR Technik<\/a><a id=\"link_button-349-260\" class=\"ct-link-button\" href=\"https:\/\/protries.com\/en\/dienstleistungen\/montageplanung\/\" target=\"_self\"  >Elektrotechnische Montageplanung<\/a><a id=\"link_button-564-286\" class=\"ct-link-button\" href=\"https:\/\/protries.com\/en\/dienstleistungen\/hardware-engineering\/\"   >Hardware Engineering<\/a><\/div><\/div><\/section>","protected":false},"excerpt":{"rendered":"","protected":false},"author":1,"featured_media":0,"parent":281,"menu_order":0,"comment_status":"closed","ping_status":"closed","template":"","meta":{"footnotes":""},"class_list":["post-286","page","type-page","status-publish","hentry"],"_links":{"self":[{"href":"https:\/\/protries.com\/en\/wp-json\/wp\/v2\/pages\/286","targetHints":{"allow":["GET"]}}],"collection":[{"href":"https:\/\/protries.com\/en\/wp-json\/wp\/v2\/pages"}],"about":[{"href":"https:\/\/protries.com\/en\/wp-json\/wp\/v2\/types\/page"}],"author":[{"embeddable":true,"href":"https:\/\/protries.com\/en\/wp-json\/wp\/v2\/users\/1"}],"replies":[{"embeddable":true,"href":"https:\/\/protries.com\/en\/wp-json\/wp\/v2\/comments?post=286"}],"version-history":[{"count":3,"href":"https:\/\/protries.com\/en\/wp-json\/wp\/v2\/pages\/286\/revisions"}],"predecessor-version":[{"id":289,"href":"https:\/\/protries.com\/en\/wp-json\/wp\/v2\/pages\/286\/revisions\/289"}],"up":[{"embeddable":true,"href":"https:\/\/protries.com\/en\/wp-json\/wp\/v2\/pages\/281"}],"wp:attachment":[{"href":"https:\/\/protries.com\/en\/wp-json\/wp\/v2\/media?parent=286"}],"curies":[{"name":"wp","href":"https:\/\/api.w.org\/{rel}","templated":true}]}}