{"id":290,"date":"2025-08-22T15:14:08","date_gmt":"2025-08-22T15:14:08","guid":{"rendered":"https:\/\/protries.com\/?page_id=290"},"modified":"2025-08-22T15:20:47","modified_gmt":"2025-08-22T15:20:47","slug":"elcad","status":"publish","type":"page","link":"https:\/\/protries.com\/en\/dienstleistungen\/hardware-engineering\/elcad\/","title":{"rendered":"ELCAD"},"content":{"rendered":"<section id=\"section-128-260\" class=\"ct-section ct-section-with-shape-divider\" style=\"background-image:linear-gradient(rgba(20,20,20,0.67), rgba(20,20,20,0.67)), url(https:\/\/protries.com\/wp-content\/uploads\/2025\/10\/2025-08-27-11_04_14-AUCOTEC-ELCAD-Professional-2025-SP1-099ef.pro-Zeichnungsbearbeitung.png);background-size:auto,  cover;\" ><div class=\"ct-section-inner-wrap\"><div id=\"div_block-131-260\" class=\"ct-div-block\" ><h1 id=\"headline-132-260\" class=\"ct-headline\">ELCAD Hardware Engineering \u2013 Zuverl\u00e4ssige Elektroplanung mit bew\u00e4hrter Software<\/h1><div id=\"text_block-133-260\" class=\"ct-text-block\" ><b>ELCAD<\/b> Hardware Engineering steht f\u00fcr pr\u00e4zise und effiziente Planung elektrotechnischer Systeme, insbesondere f\u00fcr Kunden mit bestehenden ELCAD-Daten oder speziellen Anforderungen. Protries Engineering nutzt ELCAD, um Ihre Hardwareplanung flexibel, normgerecht und zielgerichtet umzusetzen.<b><\/b><\/div><\/div>\n\t\t<div id=\"-shape-divider-136-260\" class=\"oxy-shape-divider\" >        \n        <div class=\"oxy_shape_divider\" >\n            <svg xmlns=\"http:\/\/www.w3.org\/2000\/svg\" preserveaspectratio=\"none\" fill=\"currentColor\" fill-rule=\"evenodd\" viewbox=\"0 0 1000 320\"><path d=\"M1000 100L500 300 0 100v220h1000V100z\"\/><path fill-opacity=\".5\" d=\"M0 100V50l500 250 500-250v50L500 300 0 100z\"\/><path fill-opacity=\".2\" d=\"M0 0v50l500 250 500-250V0L500 300 0 0z\"\/><\/svg>        <\/div>\n\n        <\/div>\n\n\t\t<\/div><\/section><section id=\"section-2-260\" class=\"ct-section\" ><div class=\"ct-section-inner-wrap\"><h2 id=\"headline-3-260\" class=\"ct-headline atomic-secondary-heading\">Was ist ELCAD Hardware Engineering?<br><\/h2><div id=\"new_columns-5-260\" class=\"ct-new-columns\" ><div id=\"div_block-6-260\" class=\"ct-div-block\" ><div id=\"text_block-7-260\" class=\"ct-text-block\" >ELCAD ist eine etablierte CAE-Software f\u00fcr die Elektroplanung, die insbesondere in vielen Bestandsanlagen und traditionellen Industriebetrieben eingesetzt wird. Mit ELCAD lassen sich Schaltpl\u00e4ne, Verdrahtungspl\u00e4ne und Klemmenpl\u00e4ne effizient erstellen und verwalten.<br><\/div><\/div><\/div><div id=\"text_block-530-286\" class=\"ct-text-block\" >Unsere Erfahrung mit ELCAD erm\u00f6glicht es uns, Ihre bestehenden Daten nahtlos zu \u00fcbernehmen und neue Projekte schnell und sicher zu planen.<br><\/div><\/div><\/section><section id=\"section-187-260\" class=\"ct-section\" ><div class=\"ct-section-inner-wrap\"><div id=\"new_columns-188-260\" class=\"ct-new-columns\" ><div id=\"div_block-189-260\" class=\"ct-div-block\" ><h2 id=\"headline-190-260\" class=\"ct-headline atomic-secondary-heading\">F\u00fcr wen eignet sich ELCAD Hardware Engineering?<\/h2><div id=\"text_block-191-260\" class=\"ct-text-block atomic-subheading\" >Unsere ELCAD-Services sind besonders geeignet f\u00fcr:<\/div><\/div><\/div><div id=\"new_columns-194-260\" class=\"ct-new-columns\" ><div id=\"div_block-195-260\" class=\"ct-div-block\" ><a id=\"link-483-281\" class=\"ct-link\" href=\"http:\/\/\" target=\"_self\"  ><div id=\"fancy_icon-196-260\" class=\"ct-fancy-icon atomic-iconblock-18-icon\" ><svg id=\"svg-fancy_icon-196-260\"><use xlink:href=\"#Lineariconsicon-apartment\"><\/use><\/svg><\/div><\/a><a id=\"link-486-281\" class=\"ct-link\" href=\"https:\/\/protries.com\/en\/branchen\/stahlindustrie\/\"   ><h4 id=\"headline-197-260\" class=\"ct-headline atomic-iconblock-18-title\">Stahl- und Metallverarbeitung<\/h4><\/a><\/div><div id=\"div_block-199-260\" class=\"ct-div-block\" ><a id=\"link-488-281\" class=\"ct-link\" href=\"https:\/\/protries.com\/en\/branchen\/chemie-petro\/\" target=\"_self\"  ><div id=\"fancy_icon-200-260\" class=\"ct-fancy-icon atomic-iconblock-18-icon\" ><svg id=\"svg-fancy_icon-200-260\"><use xlink:href=\"#Lineariconsicon-lighter\"><\/use><\/svg><\/div><\/a><a id=\"link-490-281\" class=\"ct-link\" href=\"https:\/\/protries.com\/en\/branchen\/chemie-petro\/\" target=\"_self\"  ><h4 id=\"headline-201-260\" class=\"ct-headline atomic-iconblock-18-title\">Chemische und petrochemische Anlagen<br><\/h4><\/a><\/div><div id=\"div_block-203-260\" class=\"ct-div-block\" ><a id=\"link-492-281\" class=\"ct-link\" href=\"https:\/\/protries.com\/en\/branchen\/automobil-zulieferindustrie\/\" target=\"_self\"  ><div id=\"fancy_icon-204-260\" class=\"ct-fancy-icon atomic-iconblock-18-icon\" ><svg id=\"svg-fancy_icon-204-260\"><use xlink:href=\"#Lineariconsicon-car\"><\/use><\/svg><\/div><\/a><a id=\"link-494-281\" class=\"ct-link\" href=\"https:\/\/protries.com\/en\/branchen\/automobil-zulieferindustrie\/\" target=\"_self\"  ><h4 id=\"headline-205-260\" class=\"ct-headline atomic-iconblock-18-title\">Automobilindustrie und Zulieferer<\/h4><\/a><\/div><div id=\"div_block-207-260\" class=\"ct-div-block\" ><a id=\"link-496-281\" class=\"ct-link\" href=\"https:\/\/protries.com\/en\/branchen\/pharmaindustrie\/\" target=\"_self\"  ><div id=\"fancy_icon-208-260\" class=\"ct-fancy-icon atomic-iconblock-18-icon\" ><svg id=\"svg-fancy_icon-208-260\"><use xlink:href=\"#Lineariconsicon-heart-pulse\"><\/use><\/svg><\/div><\/a><a id=\"link-498-281\" class=\"ct-link\" href=\"https:\/\/protries.com\/en\/branchen\/pharmaindustrie\/\" target=\"_self\"  ><h4 id=\"headline-209-260\" class=\"ct-headline atomic-iconblock-18-title\">Pharmazeutische Produktionsst\u00e4tten<\/h4><\/a><\/div><div id=\"div_block-225-260\" class=\"ct-div-block\" ><a id=\"link-500-281\" class=\"ct-link\" href=\"https:\/\/protries.com\/en\/branchen\/energieversorgung\/\" target=\"_self\"  ><div id=\"fancy_icon-226-260\" class=\"ct-fancy-icon atomic-iconblock-18-icon\" ><svg id=\"svg-fancy_icon-226-260\"><use xlink:href=\"#Lineariconsicon-chart-bars\"><\/use><\/svg><\/div><\/a><a id=\"link-502-281\" class=\"ct-link\" href=\"https:\/\/protries.com\/en\/branchen\/energieversorgung\/\" target=\"_self\"  ><h4 id=\"headline-227-260\" class=\"ct-headline atomic-iconblock-18-title\">Energieversorger und Infrastrukturprojekte<\/h4><\/a><\/div><\/div><div id=\"div_block-461-281\" class=\"ct-div-block\" ><a id=\"link_text-88-260\" class=\"ct-link-text atomic-primary-button\" href=\"tel: 436764336931\" target=\"_self\"  >Make Contact<\/a><\/div><\/div><\/section><section id=\"section-62-260\" class=\"ct-section ct-section-with-shape-divider\" ><div class=\"ct-section-inner-wrap\"><h2 id=\"headline-63-260\" class=\"ct-headline atomic-secondary-heading\">Unsere Leistungen mit ELCAD:<\/h2><div id=\"new_columns-64-260\" class=\"ct-new-columns\" ><div id=\"div_block-65-260\" class=\"ct-div-block\" ><div id=\"div_block-66-260\" class=\"ct-div-block atomic-content-24-checklist-wrapper\" ><div id=\"fancy_icon-67-260\" class=\"ct-fancy-icon atomic-content-24-icon\" ><svg id=\"svg-fancy_icon-67-260\"><use xlink:href=\"#FontAwesomeicon-check\"><\/use><\/svg><\/div><div id=\"text_block-68-260\" class=\"ct-text-block atomic-content-24-text\" ><b>Erstellung und Aktualisierung von Stromlauf- und Klemmenpl\u00e4nen<br><\/b><\/div><\/div><div id=\"div_block-69-260\" class=\"ct-div-block atomic-content-24-checklist-wrapper\" ><div id=\"fancy_icon-70-260\" class=\"ct-fancy-icon atomic-content-24-icon\" ><svg id=\"svg-fancy_icon-70-260\"><use xlink:href=\"#FontAwesomeicon-check\"><\/use><\/svg><\/div><div id=\"text_block-71-260\" class=\"ct-text-block atomic-content-24-text\" ><b>Schaltschrank- und Verdrahtungsplanung<\/b><br><\/div><\/div><div id=\"div_block-72-260\" class=\"ct-div-block atomic-content-24-checklist-wrapper\" ><div id=\"fancy_icon-73-260\" class=\"ct-fancy-icon atomic-content-24-icon\" ><svg id=\"svg-fancy_icon-73-260\"><use xlink:href=\"#FontAwesomeicon-check\"><\/use><\/svg><\/div><div id=\"text_block-74-260\" class=\"ct-text-block atomic-content-24-text\" ><b> \u00dcbernahme und Integration bestehender ELCAD-Datenbest\u00e4nde<\/b><br><\/div><\/div><div id=\"div_block-75-260\" class=\"ct-div-block atomic-content-24-checklist-wrapper\" ><div id=\"fancy_icon-76-260\" class=\"ct-fancy-icon atomic-content-24-icon\" ><svg id=\"svg-fancy_icon-76-260\"><use xlink:href=\"#FontAwesomeicon-check\"><\/use><\/svg><\/div><div id=\"text_block-77-260\" class=\"ct-text-block atomic-content-24-text\" ><b>Unterst\u00fctzung bei Modernisierung und Erweiterung von Anlagen<\/b><br><\/div><\/div><div id=\"div_block-78-260\" class=\"ct-div-block atomic-content-24-checklist-wrapper\" ><div id=\"fancy_icon-79-260\" class=\"ct-fancy-icon atomic-content-24-icon\" ><svg id=\"svg-fancy_icon-79-260\"><use xlink:href=\"#FontAwesomeicon-check\"><\/use><\/svg><\/div><div id=\"text_block-80-260\" class=\"ct-text-block atomic-content-24-text\" ><b>Erstellung von Material- und Kabelst\u00fccklisten<br><\/b><\/div><\/div><div id=\"div_block-81-260\" class=\"ct-div-block atomic-content-24-checklist-wrapper\" ><div id=\"fancy_icon-82-260\" class=\"ct-fancy-icon atomic-content-24-icon\" ><svg id=\"svg-fancy_icon-82-260\"><use xlink:href=\"#FontAwesomeicon-check\"><\/use><\/svg><\/div><div id=\"text_block-83-260\" class=\"ct-text-block atomic-content-24-text\" ><b>Sicherstellung der Normenkonformit\u00e4t nach IEC\/EN<\/b><br><\/div><\/div><div id=\"div_block-84-260\" class=\"ct-div-block atomic-content-24-checklist-wrapper\" ><div id=\"fancy_icon-85-260\" class=\"ct-fancy-icon atomic-content-24-icon\" ><svg id=\"svg-fancy_icon-85-260\"><use xlink:href=\"#FontAwesomeicon-check\"><\/use><\/svg><\/div><div id=\"text_block-86-260\" class=\"ct-text-block atomic-content-24-text\" ><b>Zusammenarbeit mit anderen Gewerken und Schnittstellenmanagement<\/b><br><\/div><\/div><div id=\"div_block-183-260\" class=\"ct-div-block atomic-content-24-checklist-wrapper\" ><div id=\"fancy_icon-184-260\" class=\"ct-fancy-icon atomic-content-24-icon\" ><svg id=\"svg-fancy_icon-184-260\"><use xlink:href=\"#FontAwesomeicon-check\"><\/use><\/svg><\/div><div id=\"text_block-185-260\" class=\"ct-text-block atomic-content-24-text\" ><b>Beratung und Schulung zu ELCAD-Anwendungen<\/b><br><\/div><\/div><\/div><\/div><div id=\"div_block-87-260\" class=\"ct-div-block\" ><h3 id=\"headline-472-281\" class=\"ct-headline\">Mehr Infos zu EPLAN &amp; Hardware Engineering \u2192<\/h3><div id=\"div_block-463-281\" class=\"ct-div-block\" ><a id=\"link_button-464-281\" class=\"ct-link-button\" href=\"https:\/\/protries.com\/en\/dienstleistungen\/hardware-engineering\/eplanp8\/\"   >EPLAN P8<\/a><a id=\"link_button-465-281\" class=\"ct-link-button\" href=\"https:\/\/protries.com\/en\/dienstleistungen\/hardware-engineering\/\"   >Hardware Engineering<\/a><\/div><\/div>\n\t\t<div id=\"-shape-divider-325-260\" class=\"oxy-shape-divider\" >        \n        <div class=\"oxy_shape_divider\" >\n            <svg xmlns=\"http:\/\/www.w3.org\/2000\/svg\" preserveaspectratio=\"none\" fill=\"currentColor\" fill-rule=\"evenodd\" viewbox=\"0 0 1000 320\"><path d=\"M1000 100L500 300 0 100v220h1000V100z\"\/><path fill-opacity=\".5\" d=\"M0 100V50l500 250 500-250v50L500 300 0 100z\"\/><path fill-opacity=\".2\" d=\"M0 0v50l500 250 500-250V0L500 300 0 0z\"\/><\/svg>        <\/div>\n\n        <\/div>\n\n\t\t<\/div><\/section><section id=\"section-9-260\" class=\"ct-section ct-section-with-shape-divider\" ><div class=\"ct-section-inner-wrap\"><div id=\"new_columns-10-260\" class=\"ct-new-columns\" ><div id=\"div_block-11-260\" class=\"ct-div-block\" ><h2 id=\"headline-243-260\" class=\"ct-headline atomic-secondary-heading\"><b>Ihre Vorteile mit Protries Engineering und ELCAD:<\/b><br><\/h2>\n\t\t<div id=\"-shape-divider-323-260\" class=\"oxy-shape-divider\" >        \n        <div class=\"oxy_shape_divider\" >\n            <svg xmlns=\"http:\/\/www.w3.org\/2000\/svg\" preserveaspectratio=\"none\" fill=\"currentColor\" fill-rule=\"evenodd\" viewbox=\"0 0 1000 320\"><path d=\"M1000 100L500 300 0 100v220h1000V100z\"\/><path fill-opacity=\".5\" d=\"M0 100V50l500 250 500-250v50L500 300 0 100z\"\/><path fill-opacity=\".2\" d=\"M0 0v50l500 250 500-250V0L500 300 0 0z\"\/><\/svg>        <\/div>\n\n        <\/div>\n\n\t\t<\/div><\/div>\n\t\t<div id=\"-shape-divider-26-260\" class=\"oxy-shape-divider\" >        \n        <div class=\"oxy_shape_divider\" >\n            <svg xmlns=\"http:\/\/www.w3.org\/2000\/svg\" preserveaspectratio=\"none\" fill=\"currentColor\" fill-rule=\"evenodd\" viewbox=\"0 0 1000 320\"><path d=\"M1000 100L500 300 0 100v220h1000V100z\"\/><path fill-opacity=\".5\" d=\"M0 100V50l500 250 500-250v50L500 300 0 100z\"\/><path fill-opacity=\".2\" d=\"M0 0v50l500 250 500-250V0L500 300 0 0z\"\/><\/svg>        <\/div>\n\n        <\/div>\n\n\t\t<div id=\"div_block-296-260\" class=\"ct-div-block\" ><div id=\"div_block-297-260\" class=\"ct-div-block atomic-content-24-checklist-wrapper\" ><div id=\"fancy_icon-298-260\" class=\"ct-fancy-icon atomic-content-24-icon\" ><svg id=\"svg-fancy_icon-298-260\"><use xlink:href=\"#FontAwesomeicon-check\"><\/use><\/svg><\/div><div id=\"text_block-299-260\" class=\"ct-text-block atomic-content-24-text\" ><b>Schnelle Integration und Weiterentwicklung<\/b> bestehender ELCAD-Projekte<\/div><\/div><div id=\"div_block-300-260\" class=\"ct-div-block atomic-content-24-checklist-wrapper\" ><div id=\"fancy_icon-301-260\" class=\"ct-fancy-icon atomic-content-24-icon\" ><svg id=\"svg-fancy_icon-301-260\"><use xlink:href=\"#FontAwesomeicon-check\"><\/use><\/svg><\/div><div id=\"text_block-302-260\" class=\"ct-text-block atomic-content-24-text\" ><b> Hohe Planungssicherheit<\/b> durch normkonforme Ausf\u00fchrung<br><\/div><\/div><div id=\"div_block-303-260\" class=\"ct-div-block atomic-content-24-checklist-wrapper\" ><div id=\"fancy_icon-304-260\" class=\"ct-fancy-icon atomic-content-24-icon\" ><svg id=\"svg-fancy_icon-304-260\"><use xlink:href=\"#FontAwesomeicon-check\"><\/use><\/svg><\/div><div id=\"text_block-305-260\" class=\"ct-text-block atomic-content-24-text\" > <b>Flexibilit\u00e4t<\/b> bei Anpassungen und Anlagenmodernisierungen<b><\/b><br><\/div><\/div><div id=\"div_block-306-260\" class=\"ct-div-block atomic-content-24-checklist-wrapper\" ><div id=\"fancy_icon-307-260\" class=\"ct-fancy-icon atomic-content-24-icon\" ><svg id=\"svg-fancy_icon-307-260\"><use xlink:href=\"#FontAwesomeicon-check\"><\/use><\/svg><\/div><div id=\"text_block-308-260\" class=\"ct-text-block atomic-content-24-text\" ><b>Kompetente Beratung<\/b> aus der Praxis f\u00fcr Ihre Anforderungen<br><\/div><\/div><div id=\"div_block-309-260\" class=\"ct-div-block atomic-content-24-checklist-wrapper\" ><div id=\"fancy_icon-310-260\" class=\"ct-fancy-icon atomic-content-24-icon\" ><svg id=\"svg-fancy_icon-310-260\"><use xlink:href=\"#FontAwesomeicon-check\"><\/use><\/svg><\/div><div id=\"text_block-311-260\" class=\"ct-text-block atomic-content-24-text\" ><b>Nahtlose Zusammenarbeit<\/b> mit Elektro-, MSR- und Automatisierungsplanung<br><\/div><\/div><div id=\"div_block-522-281\" class=\"ct-div-block atomic-content-24-checklist-wrapper\" ><div id=\"fancy_icon-523-281\" class=\"ct-fancy-icon atomic-content-24-icon\" ><svg id=\"svg-fancy_icon-523-281\"><use xlink:href=\"#FontAwesomeicon-check\"><\/use><\/svg><\/div><div id=\"text_block-524-281\" class=\"ct-text-block atomic-content-24-text\" ><b>Erfahrenes Team<\/b> mit umfassendem Know-how in ELCAD-Projekten<br><\/div><\/div><\/div><\/div><\/section><section id=\"section-123-260\" class=\"ct-section\" ><div class=\"ct-section-inner-wrap\"><div id=\"div_block-124-260\" class=\"ct-div-block\" ><h2 id=\"headline-125-260\" class=\"ct-headline atomic-secondary-heading\"><b>Protries Engineering \u2013 Ihr kompetenter Partner f\u00fcr ELCAD Hardware Engineering in der Industrie.<br><\/b><br><b>Kontaktieren Sie uns jetzt<\/b> und starten Sie Ihr Projekt mit professioneller Elektroplanung.<\/h2><a id=\"link_text-126-260\" class=\"ct-link-text atomic-outline-button\" href=\"tel: 436764336931\" target=\"_self\"  >Make Contact<\/a><\/div><\/div><\/section><section id=\"section-338-260\" class=\"ct-section\" ><div class=\"ct-section-inner-wrap\"><h2 id=\"headline-339-260\" class=\"ct-headline\">Entdecken Sie weitere Dienstleistungen<\/h2><div id=\"div_block-344-260\" class=\"ct-div-block\" ><a id=\"link_button-343-260\" class=\"ct-link-button\" href=\"https:\/\/protries.com\/en\/dienstleistungen\/explosionsschutz\/\"   >Explosion Protection<\/a><a id=\"link_button-341-260\" class=\"ct-link-button\" href=\"https:\/\/protries.com\/en\/dienstleistungen\/bim\/\"   >Building Information Modeling<\/a><a id=\"link_button-347-260\" class=\"ct-link-button\" href=\"https:\/\/protries.com\/en\/dienstleistungen\/msr\/\"   >MSR Technik<\/a><a id=\"link_button-349-260\" class=\"ct-link-button\" href=\"https:\/\/protries.com\/en\/dienstleistungen\/montageplanung\/\" target=\"_self\"  >Elektrotechnische Montageplanung<\/a><a id=\"link_button-564-286\" class=\"ct-link-button\" href=\"https:\/\/protries.com\/en\/dienstleistungen\/hardware-engineering\/\"   >Hardware Engineering<\/a><\/div><\/div><\/section>","protected":false},"excerpt":{"rendered":"","protected":false},"author":1,"featured_media":0,"parent":281,"menu_order":0,"comment_status":"closed","ping_status":"closed","template":"","meta":{"footnotes":""},"class_list":["post-290","page","type-page","status-publish","hentry"],"_links":{"self":[{"href":"https:\/\/protries.com\/en\/wp-json\/wp\/v2\/pages\/290","targetHints":{"allow":["GET"]}}],"collection":[{"href":"https:\/\/protries.com\/en\/wp-json\/wp\/v2\/pages"}],"about":[{"href":"https:\/\/protries.com\/en\/wp-json\/wp\/v2\/types\/page"}],"author":[{"embeddable":true,"href":"https:\/\/protries.com\/en\/wp-json\/wp\/v2\/users\/1"}],"replies":[{"embeddable":true,"href":"https:\/\/protries.com\/en\/wp-json\/wp\/v2\/comments?post=290"}],"version-history":[{"count":3,"href":"https:\/\/protries.com\/en\/wp-json\/wp\/v2\/pages\/290\/revisions"}],"predecessor-version":[{"id":293,"href":"https:\/\/protries.com\/en\/wp-json\/wp\/v2\/pages\/290\/revisions\/293"}],"up":[{"embeddable":true,"href":"https:\/\/protries.com\/en\/wp-json\/wp\/v2\/pages\/281"}],"wp:attachment":[{"href":"https:\/\/protries.com\/en\/wp-json\/wp\/v2\/media?parent=290"}],"curies":[{"name":"wp","href":"https:\/\/api.w.org\/{rel}","templated":true}]}}