{"id":301,"date":"2025-08-22T15:38:50","date_gmt":"2025-08-22T15:38:50","guid":{"rendered":"https:\/\/protries.com\/?page_id=301"},"modified":"2025-08-22T16:06:59","modified_gmt":"2025-08-22T16:06:59","slug":"stahlindustrie","status":"publish","type":"page","link":"https:\/\/protries.com\/en\/branchen\/stahlindustrie\/","title":{"rendered":"Stahlindustrie"},"content":{"rendered":"<section id=\"section-128-260\" class=\"ct-section ct-section-with-shape-divider\" style=\"background-image:linear-gradient(rgba(20,20,20,0.67), rgba(20,20,20,0.67)), url(https:\/\/protries.com\/wp-content\/uploads\/2025\/10\/LD3_Demontage_Montag_0041-scaled.jpg);background-size:auto,  cover;\" ><div class=\"ct-section-inner-wrap\"><div id=\"div_block-131-260\" class=\"ct-div-block\" ><h1 id=\"headline-132-260\" class=\"ct-headline\">Stahlindustrie \u2013 Elektrotechnik f\u00fcr anspruchsvolle Gro\u00dfanlagen<\/h1><div id=\"text_block-133-260\" class=\"ct-text-block\" ><b><\/b>Die Stahlindustrie stellt mit integrierten H\u00fcttenwerken, Lichtbogen\u00f6fen und modernsten Fertigungslinien einen zentralen Baustein der Schwerindustrie dar. Sie produziert ma\u00dfgeschneiderte Stahlerzeugnisse \u2014 von Warmbreitband bis Schieneng\u00fcter \u2014 und steht zugleich im Zentrum moderner Dekarbonisierung und Digitalisierung.<b><\/b><\/div><\/div>\n\t\t<div id=\"-shape-divider-136-260\" class=\"oxy-shape-divider\" >        \n        <div class=\"oxy_shape_divider\" >\n            <svg xmlns=\"http:\/\/www.w3.org\/2000\/svg\" preserveaspectratio=\"none\" fill=\"currentColor\" fill-rule=\"evenodd\" viewbox=\"0 0 1000 320\"><path d=\"M1000 100L500 300 0 100v220h1000V100z\"\/><path fill-opacity=\".5\" d=\"M0 100V50l500 250 500-250v50L500 300 0 100z\"\/><path fill-opacity=\".2\" d=\"M0 0v50l500 250 500-250V0L500 300 0 0z\"\/><\/svg>        <\/div>\n\n        <\/div>\n\n\t\t<\/div><\/section><section id=\"section-2-260\" class=\"ct-section\" ><div class=\"ct-section-inner-wrap\"><h2 id=\"headline-3-260\" class=\"ct-headline atomic-secondary-heading\">Starten Sie Ihr Stahlprojekt mit Protries<\/h2><div id=\"new_columns-5-260\" class=\"ct-new-columns\" ><div id=\"div_block-6-260\" class=\"ct-div-block\" ><div id=\"text_block-7-260\" class=\"ct-text-block\" ><b><\/b>Protries Engineering GmbH kennt die Herausforderungen in dieser anspruchsvollen Branche aus langj\u00e4hriger Zusammenarbeit mit Stahlwerken und Anlagenplanern weltweit. Mit technisch fundierter Planung sorgt Protries f\u00fcr zuverl\u00e4ssige und effiziente Elektrotechnik in rauen Industrieumgebungen.<br><\/div><\/div><\/div><div id=\"text_block-532-294\" class=\"ct-text-block\" ><b><\/b>Verlassen Sie sich auf ein Ingenieurb\u00fcro, das Ihre Anforderungen in der Stahlindustrie versteht und technisch exzellent umsetzt. Kontaktieren Sie Protries Engineering GmbH \u2014 wir freuen uns darauf, Ihre Projekte effizient, sicher und innovativ zu begleiten.<br><\/div><\/div><\/section><section id=\"section-187-260\" class=\"ct-section\" ><div class=\"ct-section-inner-wrap\"><div id=\"new_columns-188-260\" class=\"ct-new-columns\" ><div id=\"div_block-189-260\" class=\"ct-div-block\" ><h2 id=\"headline-190-260\" class=\"ct-headline atomic-secondary-heading\">Kernleistungen f\u00fcr die Stahlindustrie<\/h2><div id=\"text_block-191-260\" class=\"ct-text-block atomic-subheading\" >Protries bietet umfassende elektrotechnische Unterst\u00fctzung speziell f\u00fcr Stahlwerke und Anlagenbauer im Stahlbereich:<\/div><\/div><\/div><div id=\"div_block-586-301\" class=\"ct-div-block\" ><div id=\"_toggle-587-301\" class=\"oxy-toggle toggle-1808 toggle-1808-expanded\"  data-oxy-toggle-initial-state=\"open\" data-oxy-toggle-active-class=\"toggle-1808-expanded\" >\n\t\t\t<div class='oxy-expand-collapse-icon' href='#'><\/div>\n\t\t\t<div class='oxy-toggle-content'>\n                <h3 id=\"headline-588-301\" class=\"ct-headline hyperion_faq-1_title\">Hardware Engineering &amp; Elektroplanung<\/h3>\t\t\t<\/div>\n\t\t<\/div><div id=\"text_block-589-301\" class=\"ct-text-block hyperion_faq-1_text\" ><a href=\"https:\/\/protries.com\/en\/dienstleistungen\/hardware-engineering\/\">Planung<\/a> von Energieverteilung, Stromlaufpl\u00e4nen, Schaltschrankaufbau und Betriebsmitteldokumentation \u2013 ausgelegt auf robuste Industrieanwendungen in Stahlwerken.<\/div><div id=\"_toggle-590-301\" class=\"oxy-toggle toggle-1808 toggle-1808-expanded\"  data-oxy-toggle-initial-state=\"closed\" data-oxy-toggle-active-class=\"toggle-1808-expanded\" >\n\t\t\t<div class='oxy-expand-collapse-icon' href='#'><\/div>\n\t\t\t<div class='oxy-toggle-content'>\n                <h3 id=\"headline-591-301\" class=\"ct-headline hyperion_faq-1_title\">MSR Basic Engineering<\/h3>\t\t\t<\/div>\n\t\t<\/div><div id=\"text_block-592-301\" class=\"ct-text-block hyperion_faq-1_text\" >Entwicklung von <a href=\"https:\/\/protries.com\/en\/dienstleistungen\/msr\/\">Messkonzepten<\/a>, Sensor-\/Aktorenauswahl, Signalzuweisung und Funktionsbeschreibungen \u2013 essentiell f\u00fcr Regelung und Automatisierung in Hochleistungsanlagen wie Lichtbogen\u00f6fen.<\/div><div id=\"_toggle-593-301\" class=\"oxy-toggle toggle-1808 toggle-1808-expanded\"  data-oxy-toggle-initial-state=\"closed\" data-oxy-toggle-active-class=\"toggle-1808-expanded\" >\n\t\t\t<div class='oxy-expand-collapse-icon' href='#'><\/div>\n\t\t\t<div class='oxy-toggle-content'>\n                <h3 id=\"headline-594-301\" class=\"ct-headline hyperion_faq-1_title\">Explosionsschutzplanung<\/h3>\t\t\t<\/div>\n\t\t<\/div><div id=\"text_block-595-301\" class=\"ct-text-block hyperion_faq-1_text\" ><a href=\"https:\/\/protries.com\/en\/dienstleistungen\/explosionsschutz\/\">Schutz- und Z\u00fcndquellenanalysen<\/a> unter extremen Bedingungen \u2014 inklusive ATEX\/IECEx-Dokumentation von einem gerichtlich beeideten Sachverst\u00e4ndigen.<\/div><div id=\"_toggle-617-301\" class=\"oxy-toggle toggle-1808 toggle-1808-expanded\"  data-oxy-toggle-initial-state=\"closed\" data-oxy-toggle-active-class=\"toggle-1808-expanded\" >\n\t\t\t<div class='oxy-expand-collapse-icon' href='#'><\/div>\n\t\t\t<div class='oxy-toggle-content'>\n                <h3 id=\"headline-618-301\" class=\"ct-headline hyperion_faq-1_title\">Elektrotechnische Montageplanung<\/h3>\t\t\t<\/div>\n\t\t<\/div><div id=\"text_block-620-301\" class=\"ct-text-block hyperion_faq-1_text\" ><a href=\"https:\/\/protries.com\/en\/dienstleistungen\/montageplanung\/\">Detaillierte Planung<\/a> von Kabelwegen, Trassenf\u00fchrung und Conduitpl\u00e4nen sowie Nutzung von BIM f\u00fcr die Kollisionserkennung \u2014 besonders wichtig in r\u00e4umlich komplexen Stahlanlagen.<\/div><div id=\"_toggle-624-301\" class=\"oxy-toggle toggle-1808 toggle-1808-expanded\"  data-oxy-toggle-initial-state=\"closed\" data-oxy-toggle-active-class=\"toggle-1808-expanded\" >\n\t\t\t<div class='oxy-expand-collapse-icon' href='#'><\/div>\n\t\t\t<div class='oxy-toggle-content'>\n                <h3 id=\"headline-625-301\" class=\"ct-headline hyperion_faq-1_title\">BIM-gest\u00fctzte Planung<\/h3>\t\t\t<\/div>\n\t\t<\/div><div id=\"text_block-627-301\" class=\"ct-text-block hyperion_faq-1_text\" ><a href=\"https:\/\/protries.com\/en\/dienstleistungen\/bim\/\">3D-Modellierung<\/a> von Hochleistungsanlagen, Kabeltrassen und Betriebsmitteln \u2014 f\u00fcr digitale Koordination und reibungslose Abstimmung zwischen Gewerken.<\/div><div id=\"_toggle-622-301\" class=\"oxy-toggle toggle-1808 toggle-1808-expanded\"  data-oxy-toggle-initial-state=\"closed\" data-oxy-toggle-active-class=\"toggle-1808-expanded\" >\n\t\t\t<div class='oxy-expand-collapse-icon' href='#'><\/div>\n\t\t\t<div class='oxy-toggle-content'>\n                <h3 id=\"headline-623-301\" class=\"ct-headline hyperion_faq-1_title\">Inbetriebnahmebegleitung &amp; technisches Schnittstellenmanagement<\/h3>\t\t\t<\/div>\n\t\t<\/div><div id=\"text_block-626-301\" class=\"ct-text-block hyperion_faq-1_text\" >Unterst\u00fctzung bei der \u00dcbergabe, Feldanpassungen und Zusammenarbeit mit Mechanik, MSR und Leittechnik \u2013 f\u00fcr st\u00f6rungsfreien Produktionsstart.<\/div><\/div><\/div><\/section><section id=\"section-123-260\" class=\"ct-section\" ><div class=\"ct-section-inner-wrap\"><div id=\"div_block-124-260\" class=\"ct-div-block\" ><h2 id=\"headline-125-260\" class=\"ct-headline atomic-secondary-heading\"><b>Kontaktieren Sie uns<\/b>, wenn Sie Ihre Anlagen sicher und effizient planen oder modernisieren m\u00f6chten.<\/h2><a id=\"link_text-126-260\" class=\"ct-link-text atomic-outline-button\" href=\"tel: 436764336931\" target=\"_self\"  >Make Contact<\/a><\/div><\/div><\/section><section id=\"section-9-260\" class=\"ct-section ct-section-with-shape-divider\" ><div class=\"ct-section-inner-wrap\"><div id=\"new_columns-10-260\" class=\"ct-new-columns\" ><div id=\"div_block-11-260\" class=\"ct-div-block\" ><h2 id=\"headline-243-260\" class=\"ct-headline atomic-secondary-heading\"><b>Ihre Vorteile mit Protries Engineering:<\/b><br><\/h2>\n\t\t<div id=\"-shape-divider-323-260\" class=\"oxy-shape-divider\" >        \n        <div class=\"oxy_shape_divider\" >\n            <svg xmlns=\"http:\/\/www.w3.org\/2000\/svg\" preserveaspectratio=\"none\" fill=\"currentColor\" fill-rule=\"evenodd\" viewbox=\"0 0 1000 320\"><path d=\"M1000 100L500 300 0 100v220h1000V100z\"\/><path fill-opacity=\".5\" d=\"M0 100V50l500 250 500-250v50L500 300 0 100z\"\/><path fill-opacity=\".2\" d=\"M0 0v50l500 250 500-250V0L500 300 0 0z\"\/><\/svg>        <\/div>\n\n        <\/div>\n\n\t\t<\/div><\/div>\n\t\t<div id=\"-shape-divider-26-260\" class=\"oxy-shape-divider\" >        \n        <div class=\"oxy_shape_divider\" >\n            <svg xmlns=\"http:\/\/www.w3.org\/2000\/svg\" preserveaspectratio=\"none\" fill=\"currentColor\" fill-rule=\"evenodd\" viewbox=\"0 0 1000 320\"><path d=\"M1000 100L500 300 0 100v220h1000V100z\"\/><path fill-opacity=\".5\" d=\"M0 100V50l500 250 500-250v50L500 300 0 100z\"\/><path fill-opacity=\".2\" d=\"M0 0v50l500 250 500-250V0L500 300 0 0z\"\/><\/svg>        <\/div>\n\n        <\/div>\n\n\t\t<div id=\"div_block-296-260\" class=\"ct-div-block\" ><div id=\"div_block-297-260\" class=\"ct-div-block atomic-content-24-checklist-wrapper\" ><div id=\"fancy_icon-298-260\" class=\"ct-fancy-icon atomic-content-24-icon\" ><svg id=\"svg-fancy_icon-298-260\"><use xlink:href=\"#FontAwesomeicon-check\"><\/use><\/svg><\/div><div id=\"text_block-299-260\" class=\"ct-text-block atomic-content-24-text\" ><b>Branchenkompetenz aus erster Hand \u2013 fokussiert auf Stahl, Raffinerie und Hochtemperaturumgebungen<\/b><\/div><\/div><div id=\"div_block-300-260\" class=\"ct-div-block atomic-content-24-checklist-wrapper\" ><div id=\"fancy_icon-301-260\" class=\"ct-fancy-icon atomic-content-24-icon\" ><svg id=\"svg-fancy_icon-301-260\"><use xlink:href=\"#FontAwesomeicon-check\"><\/use><\/svg><\/div><div id=\"text_block-302-260\" class=\"ct-text-block atomic-content-24-text\" ><b> Erfahrenes, international aktives Team \u2013 vollumf\u00e4ngliches Engineering von Planung bis Abnahme in Europa, Asien und dar\u00fcber hinaus<\/b><br><\/div><\/div><div id=\"div_block-303-260\" class=\"ct-div-block atomic-content-24-checklist-wrapper\" ><div id=\"fancy_icon-304-260\" class=\"ct-fancy-icon atomic-content-24-icon\" ><svg id=\"svg-fancy_icon-304-260\"><use xlink:href=\"#FontAwesomeicon-check\"><\/use><\/svg><\/div><div id=\"text_block-305-260\" class=\"ct-text-block atomic-content-24-text\" > <b>Moderne Tools &amp; digitale Prozesse \u2013 <a href=\"https:\/\/protries.com\/en\/dienstleistungen\/hardware-engineering\/eplanp8\/\">EPLAN<\/a>, <a href=\"https:\/\/protries.com\/en\/dienstleistungen\/hardware-engineering\/elcad\/\">ELCAD <\/a>und <a href=\"https:\/\/protries.com\/en\/dienstleistungen\/bim\/\">BIM <\/a>f\u00fcr durchg\u00e4ngige, pr\u00e4zise Planung<\/b><b><\/b><br><\/div><\/div><div id=\"div_block-306-260\" class=\"ct-div-block atomic-content-24-checklist-wrapper\" ><div id=\"fancy_icon-307-260\" class=\"ct-fancy-icon atomic-content-24-icon\" ><svg id=\"svg-fancy_icon-307-260\"><use xlink:href=\"#FontAwesomeicon-check\"><\/use><\/svg><\/div><div id=\"text_block-308-260\" class=\"ct-text-block atomic-content-24-text\" ><b>H\u00f6chster Anspruch an Qualit\u00e4t und Sicherheit \u2013 zuverl\u00e4ssige Dokumentation, Normkonformit\u00e4t, Explosionsschutz-Kompetenz<\/b><br><\/div><\/div><div id=\"div_block-309-260\" class=\"ct-div-block atomic-content-24-checklist-wrapper\" ><div id=\"fancy_icon-310-260\" class=\"ct-fancy-icon atomic-content-24-icon\" ><svg id=\"svg-fancy_icon-310-260\"><use xlink:href=\"#FontAwesomeicon-check\"><\/use><\/svg><\/div><div id=\"text_block-311-260\" class=\"ct-text-block atomic-content-24-text\" ><b>Nahtlose Integration mit anderen Gewerken \u2013 insbesondere <a href=\"https:\/\/protries.com\/en\/dienstleistungen\/msr\/\">MSR<\/a>, <a href=\"https:\/\/protries.com\/en\/dienstleistungen\/bim\/\">BIM<\/a>, <a href=\"https:\/\/protries.com\/en\/dienstleistungen\/montageplanung\/\">Montage <\/a>und Automatisierung<\/b><br><\/div><\/div><\/div><\/div><\/section><section id=\"section-338-260\" class=\"ct-section\" ><div class=\"ct-section-inner-wrap\"><h2 id=\"headline-339-260\" class=\"ct-headline\">Entdecken Sie weitere Branchen<\/h2><div id=\"div_block-344-260\" class=\"ct-div-block\" ><a id=\"link_button-343-260\" class=\"ct-link-button\" href=\"https:\/\/protries.com\/en\/branchen\/chemie-petro\/\"   >Chemische und petrochemische Industrie<\/a><a id=\"link_button-341-260\" class=\"ct-link-button\" href=\"https:\/\/protries.com\/en\/branchen\/pharmaindustrie\/\"   >Pharmaindustrie<\/a><a id=\"link_button-347-260\" class=\"ct-link-button\" href=\"https:\/\/protries.com\/en\/branchen\/automobil-zulieferindustrie\/\"   >Automobil- und Zulieferindustrie<\/a><a id=\"link_button-349-260\" class=\"ct-link-button\" href=\"https:\/\/protries.com\/en\/branchen\/energieversorgung\/\"   >Energieversorgung<\/a><\/div><\/div><\/section>","protected":false},"excerpt":{"rendered":"","protected":false},"author":1,"featured_media":0,"parent":299,"menu_order":0,"comment_status":"closed","ping_status":"closed","template":"","meta":{"footnotes":""},"class_list":["post-301","page","type-page","status-publish","hentry"],"_links":{"self":[{"href":"https:\/\/protries.com\/en\/wp-json\/wp\/v2\/pages\/301","targetHints":{"allow":["GET"]}}],"collection":[{"href":"https:\/\/protries.com\/en\/wp-json\/wp\/v2\/pages"}],"about":[{"href":"https:\/\/protries.com\/en\/wp-json\/wp\/v2\/types\/page"}],"author":[{"embeddable":true,"href":"https:\/\/protries.com\/en\/wp-json\/wp\/v2\/users\/1"}],"replies":[{"embeddable":true,"href":"https:\/\/protries.com\/en\/wp-json\/wp\/v2\/comments?post=301"}],"version-history":[{"count":3,"href":"https:\/\/protries.com\/en\/wp-json\/wp\/v2\/pages\/301\/revisions"}],"predecessor-version":[{"id":305,"href":"https:\/\/protries.com\/en\/wp-json\/wp\/v2\/pages\/301\/revisions\/305"}],"up":[{"embeddable":true,"href":"https:\/\/protries.com\/en\/wp-json\/wp\/v2\/pages\/299"}],"wp:attachment":[{"href":"https:\/\/protries.com\/en\/wp-json\/wp\/v2\/media?parent=301"}],"curies":[{"name":"wp","href":"https:\/\/api.w.org\/{rel}","templated":true}]}}