{"id":307,"date":"2025-08-22T16:08:13","date_gmt":"2025-08-22T16:08:13","guid":{"rendered":"https:\/\/protries.com\/?page_id=307"},"modified":"2025-08-22T16:17:15","modified_gmt":"2025-08-22T16:17:15","slug":"chemie-petro","status":"publish","type":"page","link":"https:\/\/protries.com\/en\/branchen\/chemie-petro\/","title":{"rendered":"Chemische und petrochemische Industrie"},"content":{"rendered":"<section id=\"section-128-260\" class=\"ct-section ct-section-with-shape-divider\" style=\"background-image:linear-gradient(rgba(20,20,20,0.67), rgba(20,20,20,0.67)), url(https:\/\/protries.com\/wp-content\/uploads\/2025\/10\/pexels-loic-manegarium-3855962-scaled.jpg);background-size:auto,  cover;\" ><div class=\"ct-section-inner-wrap\"><div id=\"div_block-131-260\" class=\"ct-div-block\" ><h1 id=\"headline-132-260\" class=\"ct-headline\">Chemische und petrochemische Industrie \u2013 Elektrotechnik f\u00fcr h\u00f6chste Sicherheits- und Qualit\u00e4tsanforderungen<\/h1><div id=\"text_block-133-260\" class=\"ct-text-block\" ><b><\/b>Die chemische und petrochemische Industrie geh\u00f6rt zu den anspruchsvollsten Industriezweigen der Welt. Hier entstehen Grundstoffe f\u00fcr Kunststoffe, Farben, D\u00fcngemittel, Pharmawirkstoffe und unz\u00e4hlige weitere Produkte.<br>Anlagen in diesem Bereich sind hochkomplex, h\u00e4ufig explosionsgef\u00e4hrdet (ATEX-Zonen) und unterliegen strengen internationalen Normen. <b><\/b><\/div><\/div>\n\t\t<div id=\"-shape-divider-136-260\" class=\"oxy-shape-divider\" >        \n        <div class=\"oxy_shape_divider\" >\n            <svg xmlns=\"http:\/\/www.w3.org\/2000\/svg\" preserveaspectratio=\"none\" fill=\"currentColor\" fill-rule=\"evenodd\" viewbox=\"0 0 1000 320\"><path d=\"M1000 100L500 300 0 100v220h1000V100z\"\/><path fill-opacity=\".5\" d=\"M0 100V50l500 250 500-250v50L500 300 0 100z\"\/><path fill-opacity=\".2\" d=\"M0 0v50l500 250 500-250V0L500 300 0 0z\"\/><\/svg>        <\/div>\n\n        <\/div>\n\n\t\t<\/div><\/section><section id=\"section-2-260\" class=\"ct-section\" ><div class=\"ct-section-inner-wrap\"><h2 id=\"headline-3-260\" class=\"ct-headline atomic-secondary-heading\">Gemeinsam Projekte in der chemischen und petrochemischen Industrie umsetzen<\/h2><div id=\"new_columns-5-260\" class=\"ct-new-columns\" ><div id=\"div_block-6-260\" class=\"ct-div-block\" ><div id=\"text_block-7-260\" class=\"ct-text-block\" ><b><\/b>Protries Engineering GmbH verf\u00fcgt \u00fcber jahrzehntelange Erfahrung in der Planung und Umsetzung elektrotechnischer L\u00f6sungen f\u00fcr chemische und petrochemische Produktionsst\u00e4tten \u2013 weltweit und unter anspruchsvollsten Bedingungen.<br><\/div><\/div><\/div><div id=\"text_block-532-294\" class=\"ct-text-block\" ><b><\/b>Vertrauen Sie auf ein Ingenieurb\u00fcro, das die besonderen Anforderungen Ihrer Branche kennt und elektrotechnisch sicher umsetzt.<br><\/div><\/div><\/section><section id=\"section-187-260\" class=\"ct-section\" ><div class=\"ct-section-inner-wrap\"><div id=\"new_columns-188-260\" class=\"ct-new-columns\" ><div id=\"div_block-189-260\" class=\"ct-div-block\" ><h2 id=\"headline-190-260\" class=\"ct-headline atomic-secondary-heading\">Kernleistungen f\u00fcr die chemische und petrochemische Industrie<\/h2><div id=\"text_block-191-260\" class=\"ct-text-block atomic-subheading\" >Protries bietet umfassende elektrotechnische Unterst\u00fctzung speziell f\u00fcr die chemische und petrochemische Industrie:<\/div><\/div><\/div><div id=\"div_block-586-301\" class=\"ct-div-block\" ><div id=\"_toggle-587-301\" class=\"oxy-toggle toggle-1808 toggle-1808-expanded\"  data-oxy-toggle-initial-state=\"open\" data-oxy-toggle-active-class=\"toggle-1808-expanded\" >\n\t\t\t<div class='oxy-expand-collapse-icon' href='#'><\/div>\n\t\t\t<div class='oxy-toggle-content'>\n                <h3 id=\"headline-588-301\" class=\"ct-headline hyperion_faq-1_title\">Hardware Engineering &amp; Elektroplanung<\/h3>\t\t\t<\/div>\n\t\t<\/div><div id=\"text_block-589-301\" class=\"ct-text-block hyperion_faq-1_text\" ><a href=\"https:\/\/protries.com\/en\/dienstleistungen\/hardware-engineering\/\"><\/a>Erstellung von Stromlaufpl\u00e4nen, Schaltschrankkonstruktionen, Energieverteilungen und Betriebsmitteldokumentationen \u2013 abgestimmt auf chemische Prozesse und Sicherheitsauflagen.<\/div><div id=\"_toggle-590-301\" class=\"oxy-toggle toggle-1808 toggle-1808-expanded\"  data-oxy-toggle-initial-state=\"closed\" data-oxy-toggle-active-class=\"toggle-1808-expanded\" >\n\t\t\t<div class='oxy-expand-collapse-icon' href='#'><\/div>\n\t\t\t<div class='oxy-toggle-content'>\n                <h3 id=\"headline-591-301\" class=\"ct-headline hyperion_faq-1_title\">MSR Basic Engineering<\/h3>\t\t\t<\/div>\n\t\t<\/div><div id=\"text_block-592-301\" class=\"ct-text-block hyperion_faq-1_text\" >Entwicklung von <a href=\"https:\/\/protries.com\/en\/dienstleistungen\/msr\/\">Messkonzepten<\/a>, Sensor-\/Aktorenauswahl, Signalzuweisung und Funktionsbeschreibungen \u2013 essentiell f\u00fcr Regelung und Automatisierung in Hochleistungsanlagen wie Lichtbogen\u00f6fen.<\/div><div id=\"_toggle-593-301\" class=\"oxy-toggle toggle-1808 toggle-1808-expanded\"  data-oxy-toggle-initial-state=\"closed\" data-oxy-toggle-active-class=\"toggle-1808-expanded\" >\n\t\t\t<div class='oxy-expand-collapse-icon' href='#'><\/div>\n\t\t\t<div class='oxy-toggle-content'>\n                <h3 id=\"headline-594-301\" class=\"ct-headline hyperion_faq-1_title\">Explosionsschutz &amp; ATEX-Planung<\/h3>\t\t\t<\/div>\n\t\t<\/div><div id=\"text_block-595-301\" class=\"ct-text-block hyperion_faq-1_text\" ><a href=\"https:\/\/protries.com\/en\/dienstleistungen\/explosionsschutz\/\"><\/a>Gefahrenanalyse, Z\u00fcndquellenbewertung und Erstellung der notwendigen <a href=\"https:\/\/protries.com\/en\/dienstleistungen\/explosionsschutz\/\">Explosionsschutzdokumentation<\/a> durch einen gerichtlich beeideten Sachverst\u00e4ndigen.<\/div><div id=\"_toggle-617-301\" class=\"oxy-toggle toggle-1808 toggle-1808-expanded\"  data-oxy-toggle-initial-state=\"closed\" data-oxy-toggle-active-class=\"toggle-1808-expanded\" >\n\t\t\t<div class='oxy-expand-collapse-icon' href='#'><\/div>\n\t\t\t<div class='oxy-toggle-content'>\n                <h3 id=\"headline-618-301\" class=\"ct-headline hyperion_faq-1_title\">Elektromontageplanung &amp; Kabeltrassenlayout<\/h3>\t\t\t<\/div>\n\t\t<\/div><div id=\"text_block-620-301\" class=\"ct-text-block hyperion_faq-1_text\" ><a href=\"https:\/\/protries.com\/en\/dienstleistungen\/montageplanung\/\">Planung <\/a>von Kabelwegen, Trassenf\u00fchrung und Kabelzuglisten unter Ber\u00fccksichtigung von Brandschutzanforderungen und Anlagengeometrie \u2013 unterst\u00fctzt durch BIM-Kollisionspr\u00fcfung.<\/div><div id=\"_toggle-624-301\" class=\"oxy-toggle toggle-1808 toggle-1808-expanded\"  data-oxy-toggle-initial-state=\"closed\" data-oxy-toggle-active-class=\"toggle-1808-expanded\" >\n\t\t\t<div class='oxy-expand-collapse-icon' href='#'><\/div>\n\t\t\t<div class='oxy-toggle-content'>\n                <h3 id=\"headline-625-301\" class=\"ct-headline hyperion_faq-1_title\">BIM-gest\u00fctzte Planung<\/h3>\t\t\t<\/div>\n\t\t<\/div><div id=\"text_block-627-301\" class=\"ct-text-block hyperion_faq-1_text\" >Durch&nbsp;<a href=\"https:\/\/protries.com\/en\/dienstleistungen\/bim\/\">3D-Modellierung<\/a> zur Abstimmung mit anderen Gewerken und fr\u00fchzeitigen Erkennung von Planungs\u00adkonflikten.<\/div><div id=\"_toggle-622-301\" class=\"oxy-toggle toggle-1808 toggle-1808-expanded\"  data-oxy-toggle-initial-state=\"closed\" data-oxy-toggle-active-class=\"toggle-1808-expanded\" >\n\t\t\t<div class='oxy-expand-collapse-icon' href='#'><\/div>\n\t\t\t<div class='oxy-toggle-content'>\n                <h3 id=\"headline-623-301\" class=\"ct-headline hyperion_faq-1_title\">Inbetriebnahmebegleitung &amp; Schnittstellenkoordination<\/h3>\t\t\t<\/div>\n\t\t<\/div><div id=\"text_block-626-301\" class=\"ct-text-block hyperion_faq-1_text\" >Technische Unterst\u00fctzung vor Ort \u2013 von der Funktionspr\u00fcfung bis zur reibungslosen Produktionsaufnahme.<\/div><\/div><\/div><\/section><section id=\"section-123-260\" class=\"ct-section\" ><div class=\"ct-section-inner-wrap\"><div id=\"div_block-124-260\" class=\"ct-div-block\" ><h2 id=\"headline-125-260\" class=\"ct-headline atomic-secondary-heading\"><b>Kontaktieren Sie uns<\/b>, wenn Sie Ihre Anlagen sicher und effizient planen oder modernisieren m\u00f6chten.<\/h2><a id=\"link_text-126-260\" class=\"ct-link-text atomic-outline-button\" href=\"tel: 436764336931\" target=\"_self\"  >Make Contact<\/a><\/div><\/div><\/section><section id=\"section-9-260\" class=\"ct-section ct-section-with-shape-divider\" ><div class=\"ct-section-inner-wrap\"><div id=\"new_columns-10-260\" class=\"ct-new-columns\" ><div id=\"div_block-11-260\" class=\"ct-div-block\" ><h2 id=\"headline-243-260\" class=\"ct-headline atomic-secondary-heading\"><b>Ihre Vorteile mit Protries Engineering:<\/b><br><\/h2>\n\t\t<div id=\"-shape-divider-323-260\" class=\"oxy-shape-divider\" >        \n        <div class=\"oxy_shape_divider\" >\n            <svg xmlns=\"http:\/\/www.w3.org\/2000\/svg\" preserveaspectratio=\"none\" fill=\"currentColor\" fill-rule=\"evenodd\" viewbox=\"0 0 1000 320\"><path d=\"M1000 100L500 300 0 100v220h1000V100z\"\/><path fill-opacity=\".5\" d=\"M0 100V50l500 250 500-250v50L500 300 0 100z\"\/><path fill-opacity=\".2\" d=\"M0 0v50l500 250 500-250V0L500 300 0 0z\"\/><\/svg>        <\/div>\n\n        <\/div>\n\n\t\t<\/div><\/div>\n\t\t<div id=\"-shape-divider-26-260\" class=\"oxy-shape-divider\" >        \n        <div class=\"oxy_shape_divider\" >\n            <svg xmlns=\"http:\/\/www.w3.org\/2000\/svg\" preserveaspectratio=\"none\" fill=\"currentColor\" fill-rule=\"evenodd\" viewbox=\"0 0 1000 320\"><path d=\"M1000 100L500 300 0 100v220h1000V100z\"\/><path fill-opacity=\".5\" d=\"M0 100V50l500 250 500-250v50L500 300 0 100z\"\/><path fill-opacity=\".2\" d=\"M0 0v50l500 250 500-250V0L500 300 0 0z\"\/><\/svg>        <\/div>\n\n        <\/div>\n\n\t\t<div id=\"div_block-296-260\" class=\"ct-div-block\" ><div id=\"div_block-297-260\" class=\"ct-div-block atomic-content-24-checklist-wrapper\" ><div id=\"fancy_icon-298-260\" class=\"ct-fancy-icon atomic-content-24-icon\" ><svg id=\"svg-fancy_icon-298-260\"><use xlink:href=\"#FontAwesomeicon-check\"><\/use><\/svg><\/div><div id=\"text_block-299-260\" class=\"ct-text-block atomic-content-24-text\" ><b>Erfahrung in sensiblen Industrieumgebungen \u2013 langj\u00e4hrige Expertise in chemischen und petrochemischen Anlagenprojekten in Europa und Asien.<br><\/b><\/div><\/div><div id=\"div_block-300-260\" class=\"ct-div-block atomic-content-24-checklist-wrapper\" ><div id=\"fancy_icon-301-260\" class=\"ct-fancy-icon atomic-content-24-icon\" ><svg id=\"svg-fancy_icon-301-260\"><use xlink:href=\"#FontAwesomeicon-check\"><\/use><\/svg><\/div><div id=\"text_block-302-260\" class=\"ct-text-block atomic-content-24-text\" ><b> Hohe Sicherheits- und Normkompetenz \u2013 ATEX, IECEx, funktionale Sicherheit und branchenspezifische Standards sind unser Tagesgesch\u00e4ft.<\/b><br><\/div><\/div><div id=\"div_block-303-260\" class=\"ct-div-block atomic-content-24-checklist-wrapper\" ><div id=\"fancy_icon-304-260\" class=\"ct-fancy-icon atomic-content-24-icon\" ><svg id=\"svg-fancy_icon-304-260\"><use xlink:href=\"#FontAwesomeicon-check\"><\/use><\/svg><\/div><div id=\"text_block-305-260\" class=\"ct-text-block atomic-content-24-text\" > <b>Internationale Projektabwicklung \u2013 erfolgreiche Realisierung von Projekten in unterschiedlichsten L\u00e4ndern und kulturellen Rahmenbedingungen.<\/b><b><\/b><br><\/div><\/div><div id=\"div_block-306-260\" class=\"ct-div-block atomic-content-24-checklist-wrapper\" ><div id=\"fancy_icon-307-260\" class=\"ct-fancy-icon atomic-content-24-icon\" ><svg id=\"svg-fancy_icon-307-260\"><use xlink:href=\"#FontAwesomeicon-check\"><\/use><\/svg><\/div><div id=\"text_block-308-260\" class=\"ct-text-block atomic-content-24-text\" ><b>Digitale Pr\u00e4zision \u2013 Einsatz modernster Engineering-Tools wie <a href=\"https:\/\/protries.com\/en\/dienstleistungen\/hardware-engineering\/eplanp8\/\">EPLAN P8<\/a>, AutoCAD und <a href=\"https:\/\/protries.com\/en\/dienstleistungen\/bim\/\">BIM<\/a> f\u00fcr durchg\u00e4ngige Planung.<\/b><br><\/div><\/div><div id=\"div_block-309-260\" class=\"ct-div-block atomic-content-24-checklist-wrapper\" ><div id=\"fancy_icon-310-260\" class=\"ct-fancy-icon atomic-content-24-icon\" ><svg id=\"svg-fancy_icon-310-260\"><use xlink:href=\"#FontAwesomeicon-check\"><\/use><\/svg><\/div><div id=\"text_block-311-260\" class=\"ct-text-block atomic-content-24-text\" ><b>Zuverl\u00e4ssigkeit und Termintreue \u2013 vom Basic Engineering bis zur Abnahme.<\/b><br><\/div><\/div><\/div><\/div><\/section><section id=\"section-338-260\" class=\"ct-section\" ><div class=\"ct-section-inner-wrap\"><h2 id=\"headline-339-260\" class=\"ct-headline\">Entdecken Sie weitere Branchen<\/h2><div id=\"div_block-344-260\" class=\"ct-div-block\" ><a id=\"link_button-343-260\" class=\"ct-link-button\" href=\"https:\/\/protries.com\/en\/branchen\/stahlindustrie\/\"   >Stahlindustrie<\/a><a id=\"link_button-341-260\" class=\"ct-link-button\" href=\"https:\/\/protries.com\/en\/branchen\/pharmaindustrie\/\"   >Pharmaindustrie<\/a><a id=\"link_button-347-260\" class=\"ct-link-button\" href=\"https:\/\/protries.com\/en\/branchen\/automobil-zulieferindustrie\/\"   >Automobil- und Zulieferindustrie<\/a><a id=\"link_button-349-260\" class=\"ct-link-button\" href=\"https:\/\/protries.com\/en\/branchen\/energieversorgung\/\"   >Energieversorgung<\/a><\/div><\/div><\/section>","protected":false},"excerpt":{"rendered":"","protected":false},"author":1,"featured_media":0,"parent":299,"menu_order":0,"comment_status":"closed","ping_status":"closed","template":"","meta":{"footnotes":""},"class_list":["post-307","page","type-page","status-publish","hentry"],"_links":{"self":[{"href":"https:\/\/protries.com\/en\/wp-json\/wp\/v2\/pages\/307","targetHints":{"allow":["GET"]}}],"collection":[{"href":"https:\/\/protries.com\/en\/wp-json\/wp\/v2\/pages"}],"about":[{"href":"https:\/\/protries.com\/en\/wp-json\/wp\/v2\/types\/page"}],"author":[{"embeddable":true,"href":"https:\/\/protries.com\/en\/wp-json\/wp\/v2\/users\/1"}],"replies":[{"embeddable":true,"href":"https:\/\/protries.com\/en\/wp-json\/wp\/v2\/comments?post=307"}],"version-history":[{"count":3,"href":"https:\/\/protries.com\/en\/wp-json\/wp\/v2\/pages\/307\/revisions"}],"predecessor-version":[{"id":310,"href":"https:\/\/protries.com\/en\/wp-json\/wp\/v2\/pages\/307\/revisions\/310"}],"up":[{"embeddable":true,"href":"https:\/\/protries.com\/en\/wp-json\/wp\/v2\/pages\/299"}],"wp:attachment":[{"href":"https:\/\/protries.com\/en\/wp-json\/wp\/v2\/media?parent=307"}],"curies":[{"name":"wp","href":"https:\/\/api.w.org\/{rel}","templated":true}]}}