{"id":312,"date":"2025-08-22T16:18:11","date_gmt":"2025-08-22T16:18:11","guid":{"rendered":"https:\/\/protries.com\/?page_id=312"},"modified":"2025-08-22T16:24:02","modified_gmt":"2025-08-22T16:24:02","slug":"pharmaindustrie","status":"publish","type":"page","link":"https:\/\/protries.com\/en\/branchen\/pharmaindustrie\/","title":{"rendered":"Pharmaindustrie"},"content":{"rendered":"<section id=\"section-128-260\" class=\"ct-section ct-section-with-shape-divider\" style=\"background-image:linear-gradient(rgba(20,20,20,0.67), rgba(20,20,20,0.67)), url(https:\/\/protries.com\/wp-content\/uploads\/2025\/10\/2505e_Pharma3.jpg);background-size:auto,  cover;\" ><div class=\"ct-section-inner-wrap\"><div id=\"div_block-131-260\" class=\"ct-div-block\" ><h1 id=\"headline-132-260\" class=\"ct-headline\">Elektrotechnik f\u00fcr die Pharmaindustrie \u2013 Pr\u00e4zision, Sicherheit und Reinraumtauglichkeit<br><\/h1><div id=\"text_block-133-260\" class=\"ct-text-block\" ><b><\/b>Die Pharmaindustrie z\u00e4hlt zu den am st\u00e4rksten regulierten Branchen der Welt. Produktionsanlagen m\u00fcssen strenge GMP- und FDA-Vorgaben erf\u00fcllen, Prozesse sind validierungspflichtig und jede technische Komponente muss h\u00f6chsten Reinheits- und Sicherheitsstandards gen\u00fcgen.<br> <b><\/b><\/div><\/div>\n\t\t<div id=\"-shape-divider-136-260\" class=\"oxy-shape-divider\" >        \n        <div class=\"oxy_shape_divider\" >\n            <svg xmlns=\"http:\/\/www.w3.org\/2000\/svg\" preserveaspectratio=\"none\" fill=\"currentColor\" fill-rule=\"evenodd\" viewbox=\"0 0 1000 320\"><path d=\"M1000 100L500 300 0 100v220h1000V100z\"\/><path fill-opacity=\".5\" d=\"M0 100V50l500 250 500-250v50L500 300 0 100z\"\/><path fill-opacity=\".2\" d=\"M0 0v50l500 250 500-250V0L500 300 0 0z\"\/><\/svg>        <\/div>\n\n        <\/div>\n\n\t\t<\/div><\/section><section id=\"section-2-260\" class=\"ct-section\" ><div class=\"ct-section-inner-wrap\"><h2 id=\"headline-3-260\" class=\"ct-headline atomic-secondary-heading\">Gemeinsam pharmazeutische Projekte erfolgreich umsetzen<\/h2><div id=\"new_columns-5-260\" class=\"ct-new-columns\" ><div id=\"div_block-6-260\" class=\"ct-div-block\" ><div id=\"text_block-7-260\" class=\"ct-text-block\" ><b><\/b>Protries Engineering GmbH bietet ma\u00dfgeschneiderte elektrotechnische L\u00f6sungen f\u00fcr pharmazeutische Produktionsanlagen \u2013 vom Basic Engineering bis zur Inbetriebnahme \u2013 und sorgt daf\u00fcr, dass Ihre Anlagen zuverl\u00e4ssig, sicher und normgerecht betrieben werden k\u00f6nnen.<br><\/div><\/div><\/div><div id=\"text_block-532-294\" class=\"ct-text-block\" ><b><\/b>Setzen Sie auf ein Ingenieurb\u00fcro, das Ihre regulatorischen Anforderungen versteht und elektrotechnisch pr\u00e4zise umsetzt.<br><\/div><\/div><\/section><section id=\"section-187-260\" class=\"ct-section\" ><div class=\"ct-section-inner-wrap\"><div id=\"new_columns-188-260\" class=\"ct-new-columns\" ><div id=\"div_block-189-260\" class=\"ct-div-block\" ><h2 id=\"headline-190-260\" class=\"ct-headline atomic-secondary-heading\">Kernleistungen f\u00fcr die Pharmaindustrie<\/h2><div id=\"text_block-191-260\" class=\"ct-text-block atomic-subheading\" >Protries bietet umfassende elektrotechnische Unterst\u00fctzung speziell f\u00fcr die Pharmaindustrie:<\/div><\/div><\/div><div id=\"div_block-586-301\" class=\"ct-div-block\" ><div id=\"_toggle-587-301\" class=\"oxy-toggle toggle-1808 toggle-1808-expanded\"  data-oxy-toggle-initial-state=\"open\" data-oxy-toggle-active-class=\"toggle-1808-expanded\" >\n\t\t\t<div class='oxy-expand-collapse-icon' href='#'><\/div>\n\t\t\t<div class='oxy-toggle-content'>\n                <h3 id=\"headline-588-301\" class=\"ct-headline hyperion_faq-1_title\">Hardware Engineering &amp; Elektroplanung<\/h3>\t\t\t<\/div>\n\t\t<\/div><div id=\"text_block-589-301\" class=\"ct-text-block hyperion_faq-1_text\" ><a href=\"https:\/\/protries.com\/en\/dienstleistungen\/hardware-engineering\/\"><\/a>Erstellung pr\u00e4ziser <a href=\"https:\/\/protries.com\/en\/dienstleistungen\/hardware-engineering\/\">Stromlauf- und Schaltschrankpl\u00e4ne<\/a>, Energieverteilungen und Dokumentationen unter Ber\u00fccksichtigung von GMP- und Reinraumstandards.<\/div><div id=\"_toggle-590-301\" class=\"oxy-toggle toggle-1808 toggle-1808-expanded\"  data-oxy-toggle-initial-state=\"closed\" data-oxy-toggle-active-class=\"toggle-1808-expanded\" >\n\t\t\t<div class='oxy-expand-collapse-icon' href='#'><\/div>\n\t\t\t<div class='oxy-toggle-content'>\n                <h3 id=\"headline-591-301\" class=\"ct-headline hyperion_faq-1_title\">MSR Basic Engineering<\/h3>\t\t\t<\/div>\n\t\t<\/div><div id=\"text_block-592-301\" class=\"ct-text-block hyperion_faq-1_text\" >Planung von Mess-, Steuer- und Regelungssystemen f\u00fcr kritische Prozesse \u2013 inklusive Auswahl validierter Feldger\u00e4te und Erstellung von Funktionsbeschreibungen.<\/div><div id=\"_toggle-593-301\" class=\"oxy-toggle toggle-1808 toggle-1808-expanded\"  data-oxy-toggle-initial-state=\"closed\" data-oxy-toggle-active-class=\"toggle-1808-expanded\" >\n\t\t\t<div class='oxy-expand-collapse-icon' href='#'><\/div>\n\t\t\t<div class='oxy-toggle-content'>\n                <h3 id=\"headline-594-301\" class=\"ct-headline hyperion_faq-1_title\">Reinraumgerechte Elektroinstallation<\/h3>\t\t\t<\/div>\n\t\t<\/div><div id=\"text_block-595-301\" class=\"ct-text-block hyperion_faq-1_text\" ><a href=\"https:\/\/protries.com\/en\/dienstleistungen\/explosionsschutz\/\"><\/a>Kabel- und Trassenplanung mit speziellen Materialien und Montagemethoden f\u00fcr sterile Produktionsumgebungen.<\/div><div id=\"_toggle-617-301\" class=\"oxy-toggle toggle-1808 toggle-1808-expanded\"  data-oxy-toggle-initial-state=\"closed\" data-oxy-toggle-active-class=\"toggle-1808-expanded\" >\n\t\t\t<div class='oxy-expand-collapse-icon' href='#'><\/div>\n\t\t\t<div class='oxy-toggle-content'>\n                <h3 id=\"headline-618-301\" class=\"ct-headline hyperion_faq-1_title\">Explosionsschutz (ATEX) in der Pharmaindustri<\/h3>\t\t\t<\/div>\n\t\t<\/div><div id=\"text_block-620-301\" class=\"ct-text-block hyperion_faq-1_text\" ><a href=\"https:\/\/protries.com\/en\/dienstleistungen\/montageplanung\/\"><\/a>Planung und Dokumentation f\u00fcr <a href=\"https:\/\/protries.com\/en\/dienstleistungen\/explosionsschutz\/\">explosionsgef\u00e4hrdete Bereiche<\/a>, z. B. bei der Verarbeitung von L\u00f6sungsmitteln, durch einen gerichtlich beeideten Sachverst\u00e4ndigen.<\/div><div id=\"_toggle-624-301\" class=\"oxy-toggle toggle-1808 toggle-1808-expanded\"  data-oxy-toggle-initial-state=\"closed\" data-oxy-toggle-active-class=\"toggle-1808-expanded\" >\n\t\t\t<div class='oxy-expand-collapse-icon' href='#'><\/div>\n\t\t\t<div class='oxy-toggle-content'>\n                <h3 id=\"headline-625-301\" class=\"ct-headline hyperion_faq-1_title\">BIM-gest\u00fctzte Anlagenplanung<\/h3>\t\t\t<\/div>\n\t\t<\/div><div id=\"text_block-627-301\" class=\"ct-text-block hyperion_faq-1_text\" ><a href=\"https:\/\/protries.com\/en\/dienstleistungen\/bim\/\"><\/a>Digitale <a href=\"https:\/\/protries.com\/en\/dienstleistungen\/bim\/\">3D-Planung<\/a> zur optimalen Abstimmung zwischen Gewerken und fr\u00fchzeitigen Erkennung von Kollisionen.<\/div><div id=\"_toggle-622-301\" class=\"oxy-toggle toggle-1808 toggle-1808-expanded\"  data-oxy-toggle-initial-state=\"closed\" data-oxy-toggle-active-class=\"toggle-1808-expanded\" >\n\t\t\t<div class='oxy-expand-collapse-icon' href='#'><\/div>\n\t\t\t<div class='oxy-toggle-content'>\n                <h3 id=\"headline-623-301\" class=\"ct-headline hyperion_faq-1_title\">Inbetriebnahmebegleitung &amp; Qualifizierung<\/h3>\t\t\t<\/div>\n\t\t<\/div><div id=\"text_block-626-301\" class=\"ct-text-block hyperion_faq-1_text\" >Unterst\u00fctzung bei SAT- und FAT-Tests, Qualifizierungsdokumentationen (IQ\/OQ) und Schnittstellenkoordination.<\/div><\/div><\/div><\/section><section id=\"section-123-260\" class=\"ct-section\" ><div class=\"ct-section-inner-wrap\"><div id=\"div_block-124-260\" class=\"ct-div-block\" ><h2 id=\"headline-125-260\" class=\"ct-headline atomic-secondary-heading\"><b>Kontaktieren Sie uns<\/b>, wenn Sie Ihre Anlagen sicher und effizient planen oder modernisieren m\u00f6chten.<\/h2><a id=\"link_text-126-260\" class=\"ct-link-text atomic-outline-button\" href=\"tel: 436764336931\" target=\"_self\"  >Make Contact<\/a><\/div><\/div><\/section><section id=\"section-9-260\" class=\"ct-section ct-section-with-shape-divider\" ><div class=\"ct-section-inner-wrap\"><div id=\"new_columns-10-260\" class=\"ct-new-columns\" ><div id=\"div_block-11-260\" class=\"ct-div-block\" ><h2 id=\"headline-243-260\" class=\"ct-headline atomic-secondary-heading\"><b>Ihre Vorteile mit Protries Engineering:<\/b><br><\/h2>\n\t\t<div id=\"-shape-divider-323-260\" class=\"oxy-shape-divider\" >        \n        <div class=\"oxy_shape_divider\" >\n            <svg xmlns=\"http:\/\/www.w3.org\/2000\/svg\" preserveaspectratio=\"none\" fill=\"currentColor\" fill-rule=\"evenodd\" viewbox=\"0 0 1000 320\"><path d=\"M1000 100L500 300 0 100v220h1000V100z\"\/><path fill-opacity=\".5\" d=\"M0 100V50l500 250 500-250v50L500 300 0 100z\"\/><path fill-opacity=\".2\" d=\"M0 0v50l500 250 500-250V0L500 300 0 0z\"\/><\/svg>        <\/div>\n\n        <\/div>\n\n\t\t<\/div><\/div>\n\t\t<div id=\"-shape-divider-26-260\" class=\"oxy-shape-divider\" >        \n        <div class=\"oxy_shape_divider\" >\n            <svg xmlns=\"http:\/\/www.w3.org\/2000\/svg\" preserveaspectratio=\"none\" fill=\"currentColor\" fill-rule=\"evenodd\" viewbox=\"0 0 1000 320\"><path d=\"M1000 100L500 300 0 100v220h1000V100z\"\/><path fill-opacity=\".5\" d=\"M0 100V50l500 250 500-250v50L500 300 0 100z\"\/><path fill-opacity=\".2\" d=\"M0 0v50l500 250 500-250V0L500 300 0 0z\"\/><\/svg>        <\/div>\n\n        <\/div>\n\n\t\t<div id=\"div_block-296-260\" class=\"ct-div-block\" ><div id=\"div_block-297-260\" class=\"ct-div-block atomic-content-24-checklist-wrapper\" ><div id=\"fancy_icon-298-260\" class=\"ct-fancy-icon atomic-content-24-icon\" ><svg id=\"svg-fancy_icon-298-260\"><use xlink:href=\"#FontAwesomeicon-check\"><\/use><\/svg><\/div><div id=\"text_block-299-260\" class=\"ct-text-block atomic-content-24-text\" ><b>Branchenwissen Pharma \u2013 Erfahrung in der Umsetzung von GMP-konformen Anlagenprojekten in Europa und Asien.<br><\/b><\/div><\/div><div id=\"div_block-300-260\" class=\"ct-div-block atomic-content-24-checklist-wrapper\" ><div id=\"fancy_icon-301-260\" class=\"ct-fancy-icon atomic-content-24-icon\" ><svg id=\"svg-fancy_icon-301-260\"><use xlink:href=\"#FontAwesomeicon-check\"><\/use><\/svg><\/div><div id=\"text_block-302-260\" class=\"ct-text-block atomic-content-24-text\" ><b> Sicherheit &amp; Normenkonformit\u00e4t \u2013 ATEX, funktionale Sicherheit, GMP und FDA-Regularien werden konsequent eingehalten.<\/b><br><\/div><\/div><div id=\"div_block-303-260\" class=\"ct-div-block atomic-content-24-checklist-wrapper\" ><div id=\"fancy_icon-304-260\" class=\"ct-fancy-icon atomic-content-24-icon\" ><svg id=\"svg-fancy_icon-304-260\"><use xlink:href=\"#FontAwesomeicon-check\"><\/use><\/svg><\/div><div id=\"text_block-305-260\" class=\"ct-text-block atomic-content-24-text\" > <b>Internationale Projekterfahrung \u2013 erfolgreiche Abwicklung komplexer Anlagen weltweit.<\/b><b><\/b><br><\/div><\/div><div id=\"div_block-306-260\" class=\"ct-div-block atomic-content-24-checklist-wrapper\" ><div id=\"fancy_icon-307-260\" class=\"ct-fancy-icon atomic-content-24-icon\" ><svg id=\"svg-fancy_icon-307-260\"><use xlink:href=\"#FontAwesomeicon-check\"><\/use><\/svg><\/div><div id=\"text_block-308-260\" class=\"ct-text-block atomic-content-24-text\" ><b>Digitale Pr\u00e4zision \u2013 Einsatz modernster Engineering-Tools wie <a href=\"https:\/\/protries.com\/en\/dienstleistungen\/hardware-engineering\/eplanp8\/\">EPLAN P8<\/a>, AutoCAD und <a href=\"https:\/\/protries.com\/en\/dienstleistungen\/bim\/\">BIM<\/a> f\u00fcr durchg\u00e4ngige Planung.<\/b><br><\/div><\/div><div id=\"div_block-309-260\" class=\"ct-div-block atomic-content-24-checklist-wrapper\" ><div id=\"fancy_icon-310-260\" class=\"ct-fancy-icon atomic-content-24-icon\" ><svg id=\"svg-fancy_icon-310-260\"><use xlink:href=\"#FontAwesomeicon-check\"><\/use><\/svg><\/div><div id=\"text_block-311-260\" class=\"ct-text-block atomic-content-24-text\" ><b>Termintreue &amp; Zuverl\u00e4ssigkeit \u2013 vom Konzept bis zur Produktionsfreigabe.<\/b><br><\/div><\/div><\/div><\/div><\/section><section id=\"section-338-260\" class=\"ct-section\" ><div class=\"ct-section-inner-wrap\"><h2 id=\"headline-339-260\" class=\"ct-headline\">Entdecken Sie weitere Branchen<\/h2><div id=\"div_block-344-260\" class=\"ct-div-block\" ><a id=\"link_button-343-260\" class=\"ct-link-button\" href=\"https:\/\/protries.com\/en\/branchen\/stahlindustrie\/\"   >Stahlindustrie<\/a><a id=\"link_button-341-260\" class=\"ct-link-button\" href=\"https:\/\/protries.com\/en\/branchen\/chemie-petro\/\"   >Chemische und petrochemische Industrie<\/a><a id=\"link_button-347-260\" class=\"ct-link-button\" href=\"https:\/\/protries.com\/en\/branchen\/automobil-zulieferindustrie\/\"   >Automobil- und Zulieferindustrie<\/a><a id=\"link_button-349-260\" class=\"ct-link-button\" href=\"https:\/\/protries.com\/en\/branchen\/energieversorgung\/\"   >Energieversorgung<\/a><\/div><\/div><\/section>","protected":false},"excerpt":{"rendered":"","protected":false},"author":1,"featured_media":0,"parent":299,"menu_order":0,"comment_status":"closed","ping_status":"closed","template":"","meta":{"footnotes":""},"class_list":["post-312","page","type-page","status-publish","hentry"],"_links":{"self":[{"href":"https:\/\/protries.com\/en\/wp-json\/wp\/v2\/pages\/312","targetHints":{"allow":["GET"]}}],"collection":[{"href":"https:\/\/protries.com\/en\/wp-json\/wp\/v2\/pages"}],"about":[{"href":"https:\/\/protries.com\/en\/wp-json\/wp\/v2\/types\/page"}],"author":[{"embeddable":true,"href":"https:\/\/protries.com\/en\/wp-json\/wp\/v2\/users\/1"}],"replies":[{"embeddable":true,"href":"https:\/\/protries.com\/en\/wp-json\/wp\/v2\/comments?post=312"}],"version-history":[{"count":3,"href":"https:\/\/protries.com\/en\/wp-json\/wp\/v2\/pages\/312\/revisions"}],"predecessor-version":[{"id":315,"href":"https:\/\/protries.com\/en\/wp-json\/wp\/v2\/pages\/312\/revisions\/315"}],"up":[{"embeddable":true,"href":"https:\/\/protries.com\/en\/wp-json\/wp\/v2\/pages\/299"}],"wp:attachment":[{"href":"https:\/\/protries.com\/en\/wp-json\/wp\/v2\/media?parent=312"}],"curies":[{"name":"wp","href":"https:\/\/api.w.org\/{rel}","templated":true}]}}