{"id":316,"date":"2025-08-22T16:25:45","date_gmt":"2025-08-22T16:25:45","guid":{"rendered":"https:\/\/protries.com\/?page_id=316"},"modified":"2025-08-22T16:47:07","modified_gmt":"2025-08-22T16:47:07","slug":"automobil-zulieferindustrie","status":"publish","type":"page","link":"https:\/\/protries.com\/en\/branchen\/automobil-zulieferindustrie\/","title":{"rendered":"Automobil- und Zulieferindustrie"},"content":{"rendered":"<section id=\"section-128-260\" class=\"ct-section ct-section-with-shape-divider\" style=\"background-image:linear-gradient(rgba(20,20,20,0.67), rgba(20,20,20,0.67)), url(https:\/\/protries.com\/wp-content\/uploads\/2024\/11\/pexels-hyundaimotorgroup-19233057.jpg);background-size:auto,  cover;\" ><div class=\"ct-section-inner-wrap\"><div id=\"div_block-131-260\" class=\"ct-div-block\" ><h1 id=\"headline-132-260\" class=\"ct-headline\">Elektrotechnik f\u00fcr die Automobil- und Zulieferindustrie \u2013 Effizienz, Pr\u00e4zision und Industrie-4.0-Integration<br><\/h1><div id=\"text_block-133-260\" class=\"ct-text-block\" ><b><\/b>Die Automobil- und Zulieferindustrie befindet sich im Wandel \u2013 E-Mobilit\u00e4t, Digitalisierung und nachhaltige Produktion pr\u00e4gen die Zukunft. Produktionsanlagen m\u00fcssen effizient, hochautomatisiert und flexibel sein, um wettbewerbsf\u00e4hig zu bleiben.<br> <b><\/b><\/div><\/div>\n\t\t<div id=\"-shape-divider-136-260\" class=\"oxy-shape-divider\" >        \n        <div class=\"oxy_shape_divider\" >\n            <svg xmlns=\"http:\/\/www.w3.org\/2000\/svg\" preserveaspectratio=\"none\" fill=\"currentColor\" fill-rule=\"evenodd\" viewbox=\"0 0 1000 320\"><path d=\"M1000 100L500 300 0 100v220h1000V100z\"\/><path fill-opacity=\".5\" d=\"M0 100V50l500 250 500-250v50L500 300 0 100z\"\/><path fill-opacity=\".2\" d=\"M0 0v50l500 250 500-250V0L500 300 0 0z\"\/><\/svg>        <\/div>\n\n        <\/div>\n\n\t\t<\/div><\/section><section id=\"section-2-260\" class=\"ct-section\" ><div class=\"ct-section-inner-wrap\"><h2 id=\"headline-3-260\" class=\"ct-headline atomic-secondary-heading\">Gemeinsam den Antrieb f\u00fcr die Zukunft schaffen<\/h2><div id=\"new_columns-5-260\" class=\"ct-new-columns\" ><div id=\"div_block-6-260\" class=\"ct-div-block\" ><div id=\"text_block-7-260\" class=\"ct-text-block\" ><b><\/b>Protries Engineering GmbH unterst\u00fctzt Fahrzeughersteller und Zulieferbetriebe mit ma\u00dfgeschneiderter Elektrotechnik, von der Planung neuer Fertigungslinien bis zur Modernisierung bestehender Anlagen. Unser Ziel: maximale Verf\u00fcgbarkeit, Sicherheit und Wirtschaftlichkeit Ihrer Produktionsprozesse.<br><\/div><\/div><\/div><div id=\"text_block-532-294\" class=\"ct-text-block\" ><b><\/b>Vertrauen Sie auf ein Ingenieurb\u00fcro, das Ihre Prozesse versteht und auf h\u00f6chstem technischen Niveau umsetzt.<br><\/div><\/div><\/section><section id=\"section-187-260\" class=\"ct-section\" ><div class=\"ct-section-inner-wrap\"><div id=\"new_columns-188-260\" class=\"ct-new-columns\" ><div id=\"div_block-189-260\" class=\"ct-div-block\" ><h2 id=\"headline-190-260\" class=\"ct-headline atomic-secondary-heading\">Kernleistungen f\u00fcr die Automobil- und Zulieferindustrie<\/h2><div id=\"text_block-191-260\" class=\"ct-text-block atomic-subheading\" >Protries bietet umfassende elektrotechnische Unterst\u00fctzung speziell f\u00fcr die Automobil- und Zulieferindustrie:<\/div><\/div><\/div><div id=\"div_block-586-301\" class=\"ct-div-block\" ><div id=\"_toggle-587-301\" class=\"oxy-toggle toggle-1808 toggle-1808-expanded\"  data-oxy-toggle-initial-state=\"open\" data-oxy-toggle-active-class=\"toggle-1808-expanded\" >\n\t\t\t<div class='oxy-expand-collapse-icon' href='#'><\/div>\n\t\t\t<div class='oxy-toggle-content'>\n                <h3 id=\"headline-588-301\" class=\"ct-headline hyperion_faq-1_title\">Basic &amp; Detail Engineering<\/h3>\t\t\t<\/div>\n\t\t<\/div><div id=\"text_block-589-301\" class=\"ct-text-block hyperion_faq-1_text\" ><a href=\"https:\/\/protries.com\/en\/dienstleistungen\/hardware-engineering\/\"><\/a>Entwicklung vollst\u00e4ndiger elektrotechnischer Konzepte \u2013 von der Energieverteilung bis zur Integration komplexer Automatisierungssysteme.<\/div><div id=\"_toggle-590-301\" class=\"oxy-toggle toggle-1808 toggle-1808-expanded\"  data-oxy-toggle-initial-state=\"closed\" data-oxy-toggle-active-class=\"toggle-1808-expanded\" >\n\t\t\t<div class='oxy-expand-collapse-icon' href='#'><\/div>\n\t\t\t<div class='oxy-toggle-content'>\n                <h3 id=\"headline-591-301\" class=\"ct-headline hyperion_faq-1_title\">Hardware Engineering &amp; Schaltschrankplanung<\/h3>\t\t\t<\/div>\n\t\t<\/div><div id=\"text_block-592-301\" class=\"ct-text-block hyperion_faq-1_text\" >Erstellung pr\u00e4ziser Stromlaufpl\u00e4ne, St\u00fccklisten und Schaltschranklayouts mit <a href=\"https:\/\/protries.com\/en\/dienstleistungen\/hardware-engineering\/eplanp8\/\">EPLAN P8<\/a> \u2013 passgenau f\u00fcr Ihre Fertigungslinien.<\/div><div id=\"_toggle-593-301\" class=\"oxy-toggle toggle-1808 toggle-1808-expanded\"  data-oxy-toggle-initial-state=\"closed\" data-oxy-toggle-active-class=\"toggle-1808-expanded\" >\n\t\t\t<div class='oxy-expand-collapse-icon' href='#'><\/div>\n\t\t\t<div class='oxy-toggle-content'>\n                <h3 id=\"headline-594-301\" class=\"ct-headline hyperion_faq-1_title\">Automatisierungstechnik &amp; Robotik-Integration<\/h3>\t\t\t<\/div>\n\t\t<\/div><div id=\"text_block-595-301\" class=\"ct-text-block hyperion_faq-1_text\" ><a href=\"https:\/\/protries.com\/en\/dienstleistungen\/explosionsschutz\/\"><\/a>Planung der Schnittstellen zwischen Steuerungssystemen, Robotern und F\u00f6rdertechnik zur optimalen Prozessabstimmung.<\/div><div id=\"_toggle-624-301\" class=\"oxy-toggle toggle-1808 toggle-1808-expanded\"  data-oxy-toggle-initial-state=\"closed\" data-oxy-toggle-active-class=\"toggle-1808-expanded\" >\n\t\t\t<div class='oxy-expand-collapse-icon' href='#'><\/div>\n\t\t\t<div class='oxy-toggle-content'>\n                <h3 id=\"headline-625-301\" class=\"ct-headline hyperion_faq-1_title\">BIM-gest\u00fctzte Fabrikplanung<\/h3>\t\t\t<\/div>\n\t\t<\/div><div id=\"text_block-627-301\" class=\"ct-text-block hyperion_faq-1_text\" ><a href=\"https:\/\/protries.com\/en\/dienstleistungen\/bim\/\"><\/a>Digitale <a href=\"https:\/\/protries.com\/en\/dienstleistungen\/bim\/\">3D-Planung<\/a> zur fr\u00fchzeitigen Erkennung von Konflikten zwischen Gewerken und f\u00fcr eine reibungslose Montage.<\/div><div id=\"_toggle-622-301\" class=\"oxy-toggle toggle-1808 toggle-1808-expanded\"  data-oxy-toggle-initial-state=\"closed\" data-oxy-toggle-active-class=\"toggle-1808-expanded\" >\n\t\t\t<div class='oxy-expand-collapse-icon' href='#'><\/div>\n\t\t\t<div class='oxy-toggle-content'>\n                <h3 id=\"headline-623-301\" class=\"ct-headline hyperion_faq-1_title\">Projektmanagement &amp; Montage\u00fcberwachung<\/h3>\t\t\t<\/div>\n\t\t<\/div><div id=\"text_block-626-301\" class=\"ct-text-block hyperion_faq-1_text\" >Koordination aller Gewerke, Bau\u00fcberwachung und Sicherstellung der termingerechten Umsetzung \u2013 national und international.<\/div><\/div><\/div><\/section><section id=\"section-123-260\" class=\"ct-section\" ><div class=\"ct-section-inner-wrap\"><div id=\"div_block-124-260\" class=\"ct-div-block\" ><h2 id=\"headline-125-260\" class=\"ct-headline atomic-secondary-heading\"><b>Kontaktieren Sie uns<\/b>, wenn Sie Ihre Anlagen sicher und effizient planen oder modernisieren m\u00f6chten.<\/h2><a id=\"link_text-126-260\" class=\"ct-link-text atomic-outline-button\" href=\"tel: 436764336931\" target=\"_self\"  >Make Contact<\/a><\/div><\/div><\/section><section id=\"section-9-260\" class=\"ct-section ct-section-with-shape-divider\" ><div class=\"ct-section-inner-wrap\"><div id=\"new_columns-10-260\" class=\"ct-new-columns\" ><div id=\"div_block-11-260\" class=\"ct-div-block\" ><h2 id=\"headline-243-260\" class=\"ct-headline atomic-secondary-heading\"><b>Ihre Vorteile mit Protries Engineering:<\/b><br><\/h2>\n\t\t<div id=\"-shape-divider-323-260\" class=\"oxy-shape-divider\" >        \n        <div class=\"oxy_shape_divider\" >\n            <svg xmlns=\"http:\/\/www.w3.org\/2000\/svg\" preserveaspectratio=\"none\" fill=\"currentColor\" fill-rule=\"evenodd\" viewbox=\"0 0 1000 320\"><path d=\"M1000 100L500 300 0 100v220h1000V100z\"\/><path fill-opacity=\".5\" d=\"M0 100V50l500 250 500-250v50L500 300 0 100z\"\/><path fill-opacity=\".2\" d=\"M0 0v50l500 250 500-250V0L500 300 0 0z\"\/><\/svg>        <\/div>\n\n        <\/div>\n\n\t\t<\/div><\/div>\n\t\t<div id=\"-shape-divider-26-260\" class=\"oxy-shape-divider\" >        \n        <div class=\"oxy_shape_divider\" >\n            <svg xmlns=\"http:\/\/www.w3.org\/2000\/svg\" preserveaspectratio=\"none\" fill=\"currentColor\" fill-rule=\"evenodd\" viewbox=\"0 0 1000 320\"><path d=\"M1000 100L500 300 0 100v220h1000V100z\"\/><path fill-opacity=\".5\" d=\"M0 100V50l500 250 500-250v50L500 300 0 100z\"\/><path fill-opacity=\".2\" d=\"M0 0v50l500 250 500-250V0L500 300 0 0z\"\/><\/svg>        <\/div>\n\n        <\/div>\n\n\t\t<div id=\"div_block-296-260\" class=\"ct-div-block\" ><div id=\"div_block-297-260\" class=\"ct-div-block atomic-content-24-checklist-wrapper\" ><div id=\"fancy_icon-298-260\" class=\"ct-fancy-icon atomic-content-24-icon\" ><svg id=\"svg-fancy_icon-298-260\"><use xlink:href=\"#FontAwesomeicon-check\"><\/use><\/svg><\/div><div id=\"text_block-299-260\" class=\"ct-text-block atomic-content-24-text\" ><b>Branchenexpertise Automotive \u2013 Erfahrung in der Planung und Umsetzung komplexer&nbsp;Produktionsanlagen f\u00fcr OEMs und Zulieferer.<br><\/b><\/div><\/div><div id=\"div_block-300-260\" class=\"ct-div-block atomic-content-24-checklist-wrapper\" ><div id=\"fancy_icon-301-260\" class=\"ct-fancy-icon atomic-content-24-icon\" ><svg id=\"svg-fancy_icon-301-260\"><use xlink:href=\"#FontAwesomeicon-check\"><\/use><\/svg><\/div><div id=\"text_block-302-260\" class=\"ct-text-block atomic-content-24-text\" ><b> Zukunftsorientierte L\u00f6sungen \u2013 Unterst\u00fctzung bei der Integration von Industrie-4.0-Technologien und E-Mobilit\u00e4tsproduktion.<\/b><br><\/div><\/div><div id=\"div_block-303-260\" class=\"ct-div-block atomic-content-24-checklist-wrapper\" ><div id=\"fancy_icon-304-260\" class=\"ct-fancy-icon atomic-content-24-icon\" ><svg id=\"svg-fancy_icon-304-260\"><use xlink:href=\"#FontAwesomeicon-check\"><\/use><\/svg><\/div><div id=\"text_block-305-260\" class=\"ct-text-block atomic-content-24-text\" > <b>Internationale Erfahrung \u2013 erfolgreiche Projekte in Europa, Asien und weltweit.<\/b><br><\/div><\/div><div id=\"div_block-306-260\" class=\"ct-div-block atomic-content-24-checklist-wrapper\" ><div id=\"fancy_icon-307-260\" class=\"ct-fancy-icon atomic-content-24-icon\" ><svg id=\"svg-fancy_icon-307-260\"><use xlink:href=\"#FontAwesomeicon-check\"><\/use><\/svg><\/div><div id=\"text_block-308-260\" class=\"ct-text-block atomic-content-24-text\" ><b>Digitale Pr\u00e4zision \u2013 Einsatz modernster Engineering-Tools wie <a href=\"https:\/\/protries.com\/en\/dienstleistungen\/hardware-engineering\/eplanp8\/\">EPLAN P8<\/a>, AutoCAD, Revit und <a href=\"https:\/\/protries.com\/en\/dienstleistungen\/bim\/\">BIM<\/a> f\u00fcr durchg\u00e4ngige Planung.<\/b><br><\/div><\/div><div id=\"div_block-309-260\" class=\"ct-div-block atomic-content-24-checklist-wrapper\" ><div id=\"fancy_icon-310-260\" class=\"ct-fancy-icon atomic-content-24-icon\" ><svg id=\"svg-fancy_icon-310-260\"><use xlink:href=\"#FontAwesomeicon-check\"><\/use><\/svg><\/div><div id=\"text_block-311-260\" class=\"ct-text-block atomic-content-24-text\" ><b>Zuverl\u00e4ssigkeit &amp; Termintreue \u2013 vom Konzept bis zur Inbetriebnahme.<\/b><br><\/div><\/div><\/div><\/div><\/section><section id=\"section-338-260\" class=\"ct-section\" ><div class=\"ct-section-inner-wrap\"><h2 id=\"headline-339-260\" class=\"ct-headline\">Entdecken Sie weitere Branchen<\/h2><div id=\"div_block-344-260\" class=\"ct-div-block\" ><a id=\"link_button-343-260\" class=\"ct-link-button\" href=\"https:\/\/protries.com\/en\/branchen\/stahlindustrie\/\"   >Stahlindustrie<\/a><a id=\"link_button-341-260\" class=\"ct-link-button\" href=\"https:\/\/protries.com\/en\/branchen\/chemie-petro\/\"   >Chemische und petrochemische Industrie<\/a><a id=\"link_button-347-260\" class=\"ct-link-button\" href=\"https:\/\/protries.com\/en\/branchen\/pharmaindustrie\/\"   >Pharmaindustrie<\/a><a id=\"link_button-349-260\" class=\"ct-link-button\" href=\"https:\/\/protries.com\/en\/branchen\/energieversorgung\/\"   >Energieversorgung<\/a><\/div><\/div><\/section>","protected":false},"excerpt":{"rendered":"","protected":false},"author":1,"featured_media":0,"parent":299,"menu_order":0,"comment_status":"closed","ping_status":"closed","template":"","meta":{"footnotes":""},"class_list":["post-316","page","type-page","status-publish","hentry"],"_links":{"self":[{"href":"https:\/\/protries.com\/en\/wp-json\/wp\/v2\/pages\/316","targetHints":{"allow":["GET"]}}],"collection":[{"href":"https:\/\/protries.com\/en\/wp-json\/wp\/v2\/pages"}],"about":[{"href":"https:\/\/protries.com\/en\/wp-json\/wp\/v2\/types\/page"}],"author":[{"embeddable":true,"href":"https:\/\/protries.com\/en\/wp-json\/wp\/v2\/users\/1"}],"replies":[{"embeddable":true,"href":"https:\/\/protries.com\/en\/wp-json\/wp\/v2\/comments?post=316"}],"version-history":[{"count":3,"href":"https:\/\/protries.com\/en\/wp-json\/wp\/v2\/pages\/316\/revisions"}],"predecessor-version":[{"id":319,"href":"https:\/\/protries.com\/en\/wp-json\/wp\/v2\/pages\/316\/revisions\/319"}],"up":[{"embeddable":true,"href":"https:\/\/protries.com\/en\/wp-json\/wp\/v2\/pages\/299"}],"wp:attachment":[{"href":"https:\/\/protries.com\/en\/wp-json\/wp\/v2\/media?parent=316"}],"curies":[{"name":"wp","href":"https:\/\/api.w.org\/{rel}","templated":true}]}}