{"id":32,"date":"2024-10-29T14:54:27","date_gmt":"2024-10-29T14:54:27","guid":{"rendered":"https:\/\/protries.com\/?page_id=32"},"modified":"2024-12-02T10:12:19","modified_gmt":"2024-12-02T10:12:19","slug":"ueber-uns","status":"publish","type":"page","link":"https:\/\/protries.com\/en\/ueber-uns\/","title":{"rendered":"About us"},"content":{"rendered":"<link rel='stylesheet' id='oxygen-unslider-css'  href='https:\/\/protries.com\/wp-content\/plugins\/oxygen\/component-framework\/vendor\/unslider\/unslider.css' type='text\/css' media='all'\/><div id=\"slider-179-32\" class=\"ct-slider ct_unique_slider_3107\" ><div class=\"oxygen-unslider-container\"><ul><li><div id=\"slide-180-32\" class=\"ct-slide\" ><section id=\"section-181-32\" class=\"ct-section ct-section-with-shape-divider\" ><div class=\"ct-section-inner-wrap\">\n\t\t<div id=\"-shape-divider-182-32\" class=\"oxy-shape-divider\" >        \n        <div class=\"oxy_shape_divider\" >\n            <svg xmlns=\"http:\/\/www.w3.org\/2000\/svg\" preserveaspectratio=\"none\" fill=\"currentColor\" fill-rule=\"evenodd\" viewbox=\"0 0 1000 320\"><path d=\"M1000 100L500 300 0 100v220h1000V100z\"\/><path fill-opacity=\".5\" d=\"M0 100V50l500 250 500-250v50L500 300 0 100z\"\/><path fill-opacity=\".2\" d=\"M0 0v50l500 250 500-250V0L500 300 0 0z\"\/><\/svg>        <\/div>\n\n        <\/div>\n\n\t\t<div id=\"div_block-232-32\" class=\"ct-div-block\" ><a id=\"link-233-32\" class=\"ct-link\" href=\"https:\/\/www.facebook.com\/profile.php?id=61569460901077\" target=\"_blank\" rel=\"noopener\"><div id=\"fancy_icon-234-32\" class=\"ct-fancy-icon socials-hero\" ><svg id=\"svg-fancy_icon-234-32\"><use xlink:href=\"#FontAwesomeicon-facebook-square\"><\/use><\/svg><\/div><\/a><a id=\"link-235-32\" class=\"ct-link\" href=\"https:\/\/www.instagram.com\/protries\/?utm_source=ig_web_button_share_sheet\" target=\"_blank\" rel=\"noopener\"><div id=\"fancy_icon-236-32\" class=\"ct-fancy-icon socials-hero\" ><svg id=\"svg-fancy_icon-236-32\"><use xlink:href=\"#FontAwesomeicon-instagram\"><\/use><\/svg><\/div><\/a><a id=\"link-237-32\" class=\"ct-link\" href=\"https:\/\/www.linkedin.com\/company\/protries-engineering\/\" target=\"_blank\" rel=\"noopener\"><div id=\"fancy_icon-238-32\" class=\"ct-fancy-icon socials-hero\" ><svg id=\"svg-fancy_icon-238-32\"><use xlink:href=\"#FontAwesomeicon-linkedin-square\"><\/use><\/svg><\/div><\/a><a id=\"link-239-32\" class=\"ct-link\" href=\"https:\/\/www.xing.com\/pages\/protries-engineering-gmbh\" target=\"_blank\" rel=\"noopener\"><div id=\"fancy_icon-240-32\" class=\"ct-fancy-icon socials-hero\" ><svg id=\"svg-fancy_icon-240-32\"><use xlink:href=\"#FontAwesomeicon-xing-square\"><\/use><\/svg><\/div><\/a><\/div><\/div><\/section><div id=\"div_block-192-32\" class=\"ct-div-block\" ><div id=\"text_block-223-32\" class=\"ct-text-block\"  data-aos=\"fade\" data-aos-duration=\"1700\" data-aos-easing=\"ease\" data-aos-anchor-placement=\"center-center\">F\u00fcr Sie &amp;<\/div><h1 id=\"headline-193-32\" class=\"ct-headline\" data-aos=\"fade\" data-aos-duration=\"1250\" data-aos-easing=\"linear\" data-aos-offset=\"1\" data-aos-anchor-placement=\"center-center\">About us<\/h1><\/div><\/div><\/li><li><div id=\"slide-194-32\" class=\"ct-slide\" ><section id=\"section-195-32\" class=\"ct-section ct-section-with-shape-divider\" ><div class=\"ct-section-inner-wrap\">\n\t\t<div id=\"-shape-divider-196-32\" class=\"oxy-shape-divider\" >        \n        <div class=\"oxy_shape_divider\" >\n            <svg xmlns=\"http:\/\/www.w3.org\/2000\/svg\" preserveaspectratio=\"none\" fill=\"currentColor\" fill-rule=\"evenodd\" viewbox=\"0 0 1000 320\"><path d=\"M1000 100L500 300 0 100v220h1000V100z\"\/><path fill-opacity=\".5\" d=\"M0 100V50l500 250 500-250v50L500 300 0 100z\"\/><path fill-opacity=\".2\" d=\"M0 0v50l500 250 500-250V0L500 300 0 0z\"\/><\/svg>        <\/div>\n\n        <\/div>\n\n\t\t<div id=\"div_block-242-32\" class=\"ct-div-block\" ><a id=\"link-243-32\" class=\"ct-link\" href=\"https:\/\/www.facebook.com\/profile.php?id=61569460901077\" target=\"_blank\" rel=\"noopener\"><div id=\"fancy_icon-244-32\" class=\"ct-fancy-icon socials-hero\" ><svg id=\"svg-fancy_icon-244-32\"><use xlink:href=\"#FontAwesomeicon-facebook-square\"><\/use><\/svg><\/div><\/a><a id=\"link-245-32\" class=\"ct-link\" href=\"https:\/\/www.instagram.com\/protries\/?utm_source=ig_web_button_share_sheet\" target=\"_blank\" rel=\"noopener\"><div id=\"fancy_icon-246-32\" class=\"ct-fancy-icon socials-hero\" ><svg id=\"svg-fancy_icon-246-32\"><use xlink:href=\"#FontAwesomeicon-instagram\"><\/use><\/svg><\/div><\/a><a id=\"link-247-32\" class=\"ct-link\" href=\"https:\/\/www.linkedin.com\/company\/protries-engineering\/\" target=\"_blank\" rel=\"noopener\"><div id=\"fancy_icon-248-32\" class=\"ct-fancy-icon socials-hero\" ><svg id=\"svg-fancy_icon-248-32\"><use xlink:href=\"#FontAwesomeicon-linkedin-square\"><\/use><\/svg><\/div><\/a><a id=\"link-249-32\" class=\"ct-link\" href=\"https:\/\/www.xing.com\/pages\/protries-engineering-gmbh\" target=\"_blank\" rel=\"noopener\"><div id=\"fancy_icon-250-32\" class=\"ct-fancy-icon socials-hero\" ><svg id=\"svg-fancy_icon-250-32\"><use xlink:href=\"#FontAwesomeicon-xing-square\"><\/use><\/svg><\/div><\/a><\/div><\/div><\/section><div id=\"div_block-206-32\" class=\"ct-div-block\" ><div id=\"text_block-227-32\" class=\"ct-text-block\"  data-aos=\"fade\" data-aos-duration=\"1700\" data-aos-easing=\"ease\" data-aos-anchor-placement=\"center-center\">F\u00fcr Sie &amp;<\/div><h1 id=\"headline-207-32\" class=\"ct-headline\" data-aos=\"fade\" data-aos-duration=\"1250\" data-aos-easing=\"linear\" data-aos-offset=\"1\" data-aos-anchor-placement=\"center-center\">About us<\/h1><\/div><\/div><\/li><li><div id=\"slide-208-32\" class=\"ct-slide\" ><section id=\"section-209-32\" class=\"ct-section ct-section-with-shape-divider\" ><div class=\"ct-section-inner-wrap\">\n\t\t<div id=\"-shape-divider-210-32\" class=\"oxy-shape-divider\" >        \n        <div class=\"oxy_shape_divider\" >\n            <svg xmlns=\"http:\/\/www.w3.org\/2000\/svg\" preserveaspectratio=\"none\" fill=\"currentColor\" fill-rule=\"evenodd\" viewbox=\"0 0 1000 320\"><path d=\"M1000 100L500 300 0 100v220h1000V100z\"\/><path fill-opacity=\".5\" d=\"M0 100V50l500 250 500-250v50L500 300 0 100z\"\/><path fill-opacity=\".2\" d=\"M0 0v50l500 250 500-250V0L500 300 0 0z\"\/><\/svg>        <\/div>\n\n        <\/div>\n\n\t\t<div id=\"div_block-252-32\" class=\"ct-div-block\" ><a id=\"link-253-32\" class=\"ct-link\" href=\"https:\/\/www.facebook.com\/profile.php?id=61569460901077\" target=\"_blank\" rel=\"noopener\"><div id=\"fancy_icon-254-32\" class=\"ct-fancy-icon socials-hero\" ><svg id=\"svg-fancy_icon-254-32\"><use xlink:href=\"#FontAwesomeicon-facebook-square\"><\/use><\/svg><\/div><\/a><a id=\"link-255-32\" class=\"ct-link\" href=\"https:\/\/www.instagram.com\/protries\/?utm_source=ig_web_button_share_sheet\" target=\"_blank\" rel=\"noopener\"><div id=\"fancy_icon-256-32\" class=\"ct-fancy-icon socials-hero\" ><svg id=\"svg-fancy_icon-256-32\"><use xlink:href=\"#FontAwesomeicon-instagram\"><\/use><\/svg><\/div><\/a><a id=\"link-257-32\" class=\"ct-link\" href=\"https:\/\/www.linkedin.com\/company\/protries-engineering\/\" target=\"_blank\" rel=\"noopener\"><div id=\"fancy_icon-258-32\" class=\"ct-fancy-icon socials-hero\" ><svg id=\"svg-fancy_icon-258-32\"><use xlink:href=\"#FontAwesomeicon-linkedin-square\"><\/use><\/svg><\/div><\/a><a id=\"link-259-32\" class=\"ct-link\" href=\"https:\/\/www.xing.com\/pages\/protries-engineering-gmbh\" target=\"_blank\" rel=\"noopener\"><div id=\"fancy_icon-260-32\" class=\"ct-fancy-icon socials-hero\" ><svg id=\"svg-fancy_icon-260-32\"><use xlink:href=\"#FontAwesomeicon-xing-square\"><\/use><\/svg><\/div><\/a><\/div><\/div><\/section><div id=\"div_block-220-32\" class=\"ct-div-block\" ><div id=\"text_block-230-32\" class=\"ct-text-block\"  data-aos=\"fade\" data-aos-duration=\"1700\" data-aos-easing=\"ease\" data-aos-anchor-placement=\"center-center\">F\u00fcr Sie &amp;<\/div><h1 id=\"headline-221-32\" class=\"ct-headline\" data-aos=\"fade\" data-aos-duration=\"1250\" data-aos-easing=\"linear\" data-aos-offset=\"1\" data-aos-anchor-placement=\"center-center\">About us<\/h1><\/div><\/div><\/li><\/ul><\/div><\/div><script class=\"ct-slider-script\">jQuery(document).ready(function($){$('#slider-179-32.ct_unique_slider_3107 .oxygen-unslider-container:not(.unslider-horizontal,.unslider-fade)').unslider({autoplay: true, delay: 3000, animation: 'fade', speed : 750, arrows: true, nav: false, infinite: false})});<\/script><section id=\"section-7-32\" class=\"ct-section\" ><div class=\"ct-section-inner-wrap\"><h2 id=\"headline-8-32\" class=\"ct-headline\">Protries Engineering<span style=\"color: revert;\">&nbsp;\u2013&nbsp;<\/span><div>Elektrotechnik mit Erfahrung und Innovationskraft<\/div><\/h2><div id=\"div_block-9-32\" class=\"ct-div-block\" ><div id=\"text_block-10-32\" class=\"ct-text-block\" >Seit unserer Gr\u00fcndung steht Protries Engineering f\u00fcr exzellente elektrotechnische L\u00f6sungen, die h\u00f6chsten Anspr\u00fcchen gerecht werden. Mit einer klaren Vision und dem Anspruch, unsere Kunden durch Qualit\u00e4t und Zuverl\u00e4ssigkeit zu begeistern, haben wir uns als kompetenter Partner in der Industrie etabliert.<\/div><div id=\"text_block-39-32\" class=\"ct-text-block\" >Unser Ingenieurb\u00fcro bietet umfassende Dienstleistungen f\u00fcr die Stahlindustrie, Chemie-, Petrochemie-, Papier-, Zement- und Automobilbranchen. Dabei reicht unser Leistungsspektrum von der grundlegenden Planung bis hin zur detaillierten Umsetzung komplexer Elektrotechnikprojekte. Wir arbeiten eng mit unseren Kunden zusammen und bieten individuelle L\u00f6sungen, die speziell auf die jeweiligen Anforderungen zugeschnitten sind.<\/div><\/div><\/div><\/section><section id=\"section-51-32\" class=\"ct-section\" ><div class=\"ct-section-inner-wrap\"><div id=\"div_block-11-32\" class=\"ct-div-block\" ><h3 id=\"headline-12-32\" class=\"ct-headline\">Was uns auszeichnet:<\/h3><div id=\"_rich_text-13-32\" class=\"oxy-rich-text\" ><ul><li><strong>Qualit\u00e4t:<\/strong> Wir legen gr\u00f6\u00dften Wert auf Pr\u00e4zision und h\u00f6chste Standards in allen Projektphasen.<\/li><li><strong>Zuverl\u00e4ssigkeit:<\/strong> Unsere Kunden k\u00f6nnen sich auf uns verlassen \u2013 von der Planung bis zur finalen Abnahme.<\/li><li><strong>Erfahrung:<\/strong> Mit vielen erfolgreich umgesetzten Projekten verf\u00fcgen wir \u00fcber ein tiefes Verst\u00e4ndnis der technischen und industriellen Anforderungen.<\/li><li><strong>Technologische F\u00fchrerschaft:<\/strong> We stay up to date with the latest technologies, incorporating innovative solutions to future-proof your projects.<\/li><\/ul><\/div><\/div><a id=\"link_text-55-32\" class=\"ct-link-text atomic-outline-button\" href=\"https:\/\/protries.com\/en\/kontakt\/\" target=\"_self\">Contact Us<\/a><\/div><\/section><section id=\"section-53-32\" class=\"ct-section\" ><div class=\"ct-section-inner-wrap\"><div id=\"text_block-46-32\" class=\"ct-text-block\" >Our team of highly skilled engineers and project managers supports you through every phase of your project \u2013 from initial concept planning and execution to final commissioning. Your goals and project success are always our top priorities.<\/div><div id=\"div_block-33-32\" class=\"ct-div-block\" ><h2 id=\"headline-34-32\" class=\"ct-headline\">Let\u2019s break new ground in electrical engineering together!<\/h2><\/div><\/div><\/section>\n\n\n<p><\/p>","protected":false},"excerpt":{"rendered":"","protected":false},"author":1,"featured_media":0,"parent":0,"menu_order":0,"comment_status":"closed","ping_status":"closed","template":"","meta":{"footnotes":""},"class_list":["post-32","page","type-page","status-publish","hentry"],"_links":{"self":[{"href":"https:\/\/protries.com\/en\/wp-json\/wp\/v2\/pages\/32","targetHints":{"allow":["GET"]}}],"collection":[{"href":"https:\/\/protries.com\/en\/wp-json\/wp\/v2\/pages"}],"about":[{"href":"https:\/\/protries.com\/en\/wp-json\/wp\/v2\/types\/page"}],"author":[{"embeddable":true,"href":"https:\/\/protries.com\/en\/wp-json\/wp\/v2\/users\/1"}],"replies":[{"embeddable":true,"href":"https:\/\/protries.com\/en\/wp-json\/wp\/v2\/comments?post=32"}],"version-history":[{"count":3,"href":"https:\/\/protries.com\/en\/wp-json\/wp\/v2\/pages\/32\/revisions"}],"predecessor-version":[{"id":182,"href":"https:\/\/protries.com\/en\/wp-json\/wp\/v2\/pages\/32\/revisions\/182"}],"wp:attachment":[{"href":"https:\/\/protries.com\/en\/wp-json\/wp\/v2\/media?parent=32"}],"curies":[{"name":"wp","href":"https:\/\/api.w.org\/{rel}","templated":true}]}}