{"id":320,"date":"2025-08-22T16:49:03","date_gmt":"2025-08-22T16:49:03","guid":{"rendered":"https:\/\/protries.com\/?page_id=320"},"modified":"2025-08-22T16:57:39","modified_gmt":"2025-08-22T16:57:39","slug":"energieversorgung","status":"publish","type":"page","link":"https:\/\/protries.com\/en\/branchen\/energieversorgung\/","title":{"rendered":"Energieversorgung"},"content":{"rendered":"<section id=\"section-128-260\" class=\"ct-section ct-section-with-shape-divider\" style=\"background-image:linear-gradient(rgba(20,20,20,0.67), rgba(20,20,20,0.67)), url(https:\/\/protries.com\/wp-content\/uploads\/2025\/10\/APG_Trafotransport_UW-Zaya_2_cAPG-1-2-scaled.jpg);background-size:auto,  cover;\" ><div class=\"ct-section-inner-wrap\"><div id=\"div_block-131-260\" class=\"ct-div-block\" ><div id=\"div_block-658-320\" class=\"ct-div-block\" ><h1 id=\"headline-132-260\" class=\"ct-headline\">Elektrotechnik f\u00fcr Energieversorgungs<br>unternehmen \u2013 Zuverl\u00e4ssige L\u00f6sungen&nbsp;<br>f\u00fcr eine sichere Energiezukunft<br><\/h1><\/div><div id=\"text_block-133-260\" class=\"ct-text-block\" ><b><\/b>Die Energie- und Versorgungstechnik ist das R\u00fcckgrat moderner Infrastruktur \u2013 von Stromerzeugung und -verteilung bis hin zu Wasserversorgung, Fernw\u00e4rme und Energieversorgung. In einer Zeit wachsender Energiebedarfe und strenger Nachhaltigkeitsziele ist eine pr\u00e4zise Planung entscheidend, um Versorgungssicherheit, Effizienz und Wirtschaftlichkeit zu gew\u00e4hrleisten.<br> <b><\/b><\/div><\/div>\n\t\t<div id=\"-shape-divider-136-260\" class=\"oxy-shape-divider\" >        \n        <div class=\"oxy_shape_divider\" >\n            <svg xmlns=\"http:\/\/www.w3.org\/2000\/svg\" preserveaspectratio=\"none\" fill=\"currentColor\" fill-rule=\"evenodd\" viewbox=\"0 0 1000 320\"><path d=\"M1000 100L500 300 0 100v220h1000V100z\"\/><path fill-opacity=\".5\" d=\"M0 100V50l500 250 500-250v50L500 300 0 100z\"\/><path fill-opacity=\".2\" d=\"M0 0v50l500 250 500-250V0L500 300 0 0z\"\/><\/svg>        <\/div>\n\n        <\/div>\n\n\t\t<\/div><\/section><section id=\"section-2-260\" class=\"ct-section\" ><div class=\"ct-section-inner-wrap\"><h2 id=\"headline-3-260\" class=\"ct-headline atomic-secondary-heading\">Gemeinsam eine sichere Energieversorgung gestalten<\/h2><div id=\"new_columns-5-260\" class=\"ct-new-columns\" ><div id=\"div_block-6-260\" class=\"ct-div-block\" ><div id=\"text_block-7-260\" class=\"ct-text-block\" ><b><\/b>Protries Engineering GmbH unterst\u00fctzt Energieversorger, Stadtwerke und industrielle Betreiber mit durchdachten elektrotechnischen Konzepten, die h\u00f6chste Zuverl\u00e4ssigkeit, Langlebigkeit und Zukunftsf\u00e4higkeit garantieren.<br><\/div><\/div><\/div><div id=\"text_block-532-294\" class=\"ct-text-block\" ><b><\/b>Ob Neubau, Modernisierung oder Netzoptimierung \u2013 Protries Engineering GmbH liefert Ihnen ma\u00dfgeschneiderte Elektrotechnikl\u00f6sungen f\u00fcr die Energie- und Versorgungstechnik.<br><\/div><\/div><\/section><section id=\"section-187-260\" class=\"ct-section\" ><div class=\"ct-section-inner-wrap\"><div id=\"new_columns-188-260\" class=\"ct-new-columns\" ><div id=\"div_block-189-260\" class=\"ct-div-block\" ><h2 id=\"headline-190-260\" class=\"ct-headline atomic-secondary-heading\">Kernleistungen f\u00fcr die Energie- und Versorgungstechnik<\/h2><div id=\"text_block-191-260\" class=\"ct-text-block atomic-subheading\" >Protries bietet umfassende elektrotechnische Unterst\u00fctzung speziell f\u00fcr die Energie- und Versorgungstechnik:<\/div><\/div><\/div><div id=\"div_block-586-301\" class=\"ct-div-block\" ><div id=\"_toggle-587-301\" class=\"oxy-toggle toggle-1808 toggle-1808-expanded\"  data-oxy-toggle-initial-state=\"open\" data-oxy-toggle-active-class=\"toggle-1808-expanded\" >\n\t\t\t<div class='oxy-expand-collapse-icon' href='#'><\/div>\n\t\t\t<div class='oxy-toggle-content'>\n                <h3 id=\"headline-588-301\" class=\"ct-headline hyperion_faq-1_title\">Basic &amp; Detail Engineering<\/h3>\t\t\t<\/div>\n\t\t<\/div><div id=\"text_block-589-301\" class=\"ct-text-block hyperion_faq-1_text\" ><a href=\"https:\/\/protries.com\/en\/dienstleistungen\/hardware-engineering\/\"><\/a>Entwicklung vollst\u00e4ndiger elektrotechnischer Konzepte \u2013 von der Hochspannungsebene bis zu Niederspannungsverteilungen.<\/div><div id=\"_toggle-590-301\" class=\"oxy-toggle toggle-1808 toggle-1808-expanded\"  data-oxy-toggle-initial-state=\"closed\" data-oxy-toggle-active-class=\"toggle-1808-expanded\" >\n\t\t\t<div class='oxy-expand-collapse-icon' href='#'><\/div>\n\t\t\t<div class='oxy-toggle-content'>\n                <h3 id=\"headline-591-301\" class=\"ct-headline hyperion_faq-1_title\">Energieverteilung &amp; Schaltanlagenplanung<\/h3>\t\t\t<\/div>\n\t\t<\/div><div id=\"text_block-592-301\" class=\"ct-text-block hyperion_faq-1_text\" >Auslegung und Planung von Mittel- und Niederspannungsanlagen, inkl. Schutztechnik und Lastmanagement.<\/div><div id=\"_toggle-593-301\" class=\"oxy-toggle toggle-1808 toggle-1808-expanded\"  data-oxy-toggle-initial-state=\"closed\" data-oxy-toggle-active-class=\"toggle-1808-expanded\" >\n\t\t\t<div class='oxy-expand-collapse-icon' href='#'><\/div>\n\t\t\t<div class='oxy-toggle-content'>\n                <h3 id=\"headline-594-301\" class=\"ct-headline hyperion_faq-1_title\">Netzanschluss- und Einspeiseplanung<\/h3>\t\t\t<\/div>\n\t\t<\/div><div id=\"text_block-595-301\" class=\"ct-text-block hyperion_faq-1_text\" ><a href=\"https:\/\/protries.com\/en\/dienstleistungen\/explosionsschutz\/\"><\/a>Unterst\u00fctzung bei der Integration von Erzeugungsanlagen wie Photovoltaik, Windkraft oder BHKWs in bestehende Netze.<\/div><div id=\"_toggle-624-301\" class=\"oxy-toggle toggle-1808 toggle-1808-expanded\"  data-oxy-toggle-initial-state=\"closed\" data-oxy-toggle-active-class=\"toggle-1808-expanded\" >\n\t\t\t<div class='oxy-expand-collapse-icon' href='#'><\/div>\n\t\t\t<div class='oxy-toggle-content'>\n                <h3 id=\"headline-625-301\" class=\"ct-headline hyperion_faq-1_title\">Automatisierung &amp; Steuerungstechnik<\/h3>\t\t\t<\/div>\n\t\t<\/div><div id=\"text_block-627-301\" class=\"ct-text-block hyperion_faq-1_text\" ><a href=\"https:\/\/protries.com\/en\/dienstleistungen\/bim\/\"><\/a>Entwicklung von Steuerungssystemen f\u00fcr Pumpwerke, Kraftwerke, Umspannwerke und Verteilnetze.<\/div><div id=\"_toggle-622-301\" class=\"oxy-toggle toggle-1808 toggle-1808-expanded\"  data-oxy-toggle-initial-state=\"closed\" data-oxy-toggle-active-class=\"toggle-1808-expanded\" >\n\t\t\t<div class='oxy-expand-collapse-icon' href='#'><\/div>\n\t\t\t<div class='oxy-toggle-content'>\n                <h3 id=\"headline-623-301\" class=\"ct-headline hyperion_faq-1_title\">BIM-gest\u00fctzte Planung<\/h3>\t\t\t<\/div>\n\t\t<\/div><div id=\"text_block-657-320\" class=\"ct-text-block hyperion_faq-1_text\" ><a href=\"https:\/\/protries.com\/en\/dienstleistungen\/bim\/\">Digitale Modellierung<\/a> aller elektrotechnischen Komponenten zur optimalen Koordination mit anderen Gewerken.<\/div><div id=\"_toggle-655-320\" class=\"oxy-toggle toggle-1808 toggle-1808-expanded\"  data-oxy-toggle-initial-state=\"closed\" data-oxy-toggle-active-class=\"toggle-1808-expanded\" >\n\t\t\t<div class='oxy-expand-collapse-icon' href='#'><\/div>\n\t\t\t<div class='oxy-toggle-content'>\n                <h3 id=\"headline-656-320\" class=\"ct-headline hyperion_faq-1_title\">Projektmanagement &amp; Montage\u00fcberwachung<\/h3>\t\t\t<\/div>\n\t\t<\/div><div id=\"text_block-626-301\" class=\"ct-text-block hyperion_faq-1_text\" >Komplette Projektkoordination \u2013 von der Planung \u00fcber die Ausschreibung bis zur Inbetriebnahme.<\/div><\/div><\/div><\/section><section id=\"section-123-260\" class=\"ct-section\" ><div class=\"ct-section-inner-wrap\"><div id=\"div_block-124-260\" class=\"ct-div-block\" ><h2 id=\"headline-125-260\" class=\"ct-headline atomic-secondary-heading\"><b>Kontaktieren Sie uns<\/b>, wenn Sie Ihre Anlagen sicher und effizient planen oder modernisieren m\u00f6chten.<\/h2><a id=\"link_text-126-260\" class=\"ct-link-text atomic-outline-button\" href=\"tel: 436764336931\" target=\"_self\"  >Make Contact<\/a><\/div><\/div><\/section><section id=\"section-9-260\" class=\"ct-section ct-section-with-shape-divider\" ><div class=\"ct-section-inner-wrap\"><div id=\"new_columns-10-260\" class=\"ct-new-columns\" ><div id=\"div_block-11-260\" class=\"ct-div-block\" ><h2 id=\"headline-243-260\" class=\"ct-headline atomic-secondary-heading\"><b>Ihre Vorteile mit Protries Engineering:<\/b><br><\/h2>\n\t\t<div id=\"-shape-divider-323-260\" class=\"oxy-shape-divider\" >        \n        <div class=\"oxy_shape_divider\" >\n            <svg xmlns=\"http:\/\/www.w3.org\/2000\/svg\" preserveaspectratio=\"none\" fill=\"currentColor\" fill-rule=\"evenodd\" viewbox=\"0 0 1000 320\"><path d=\"M1000 100L500 300 0 100v220h1000V100z\"\/><path fill-opacity=\".5\" d=\"M0 100V50l500 250 500-250v50L500 300 0 100z\"\/><path fill-opacity=\".2\" d=\"M0 0v50l500 250 500-250V0L500 300 0 0z\"\/><\/svg>        <\/div>\n\n        <\/div>\n\n\t\t<\/div><\/div>\n\t\t<div id=\"-shape-divider-26-260\" class=\"oxy-shape-divider\" >        \n        <div class=\"oxy_shape_divider\" >\n            <svg xmlns=\"http:\/\/www.w3.org\/2000\/svg\" preserveaspectratio=\"none\" fill=\"currentColor\" fill-rule=\"evenodd\" viewbox=\"0 0 1000 320\"><path d=\"M1000 100L500 300 0 100v220h1000V100z\"\/><path fill-opacity=\".5\" d=\"M0 100V50l500 250 500-250v50L500 300 0 100z\"\/><path fill-opacity=\".2\" d=\"M0 0v50l500 250 500-250V0L500 300 0 0z\"\/><\/svg>        <\/div>\n\n        <\/div>\n\n\t\t<div id=\"div_block-296-260\" class=\"ct-div-block\" ><div id=\"div_block-297-260\" class=\"ct-div-block atomic-content-24-checklist-wrapper\" ><div id=\"fancy_icon-298-260\" class=\"ct-fancy-icon atomic-content-24-icon\" ><svg id=\"svg-fancy_icon-298-260\"><use xlink:href=\"#FontAwesomeicon-check\"><\/use><\/svg><\/div><div id=\"text_block-299-260\" class=\"ct-text-block atomic-content-24-text\" ><b>Branchenexpertise Versorgungstechnik \u2013 Erfahrung mit Energieversorgern, Stadtwerken und industriellen Energieanlagen.<br><\/b><\/div><\/div><div id=\"div_block-300-260\" class=\"ct-div-block atomic-content-24-checklist-wrapper\" ><div id=\"fancy_icon-301-260\" class=\"ct-fancy-icon atomic-content-24-icon\" ><svg id=\"svg-fancy_icon-301-260\"><use xlink:href=\"#FontAwesomeicon-check\"><\/use><\/svg><\/div><div id=\"text_block-302-260\" class=\"ct-text-block atomic-content-24-text\" ><b> Zukunftssichere Planung \u2013 Integration moderner Technologien und Ber\u00fccksichtigung von Nachhaltigkeitszielen.<\/b><br><\/div><\/div><div id=\"div_block-303-260\" class=\"ct-div-block atomic-content-24-checklist-wrapper\" ><div id=\"fancy_icon-304-260\" class=\"ct-fancy-icon atomic-content-24-icon\" ><svg id=\"svg-fancy_icon-304-260\"><use xlink:href=\"#FontAwesomeicon-check\"><\/use><\/svg><\/div><div id=\"text_block-305-260\" class=\"ct-text-block atomic-content-24-text\" > <b>Internationale Erfahrung \u2013 Projekte in Europa, Asien und weltweit.<\/b><br><\/div><\/div><div id=\"div_block-306-260\" class=\"ct-div-block atomic-content-24-checklist-wrapper\" ><div id=\"fancy_icon-307-260\" class=\"ct-fancy-icon atomic-content-24-icon\" ><svg id=\"svg-fancy_icon-307-260\"><use xlink:href=\"#FontAwesomeicon-check\"><\/use><\/svg><\/div><div id=\"text_block-308-260\" class=\"ct-text-block atomic-content-24-text\" ><b>Digitale Pr\u00e4zision \u2013 Einsatz modernster Engineering-Tools wie <a href=\"https:\/\/protries.com\/en\/dienstleistungen\/hardware-engineering\/eplanp8\/\">EPLAN P8<\/a>, AutoCAD, Revit und <a href=\"https:\/\/protries.com\/en\/dienstleistungen\/bim\/\">BIM<\/a> f\u00fcr durchg\u00e4ngige Planung.<\/b><br><\/div><\/div><div id=\"div_block-309-260\" class=\"ct-div-block atomic-content-24-checklist-wrapper\" ><div id=\"fancy_icon-310-260\" class=\"ct-fancy-icon atomic-content-24-icon\" ><svg id=\"svg-fancy_icon-310-260\"><use xlink:href=\"#FontAwesomeicon-check\"><\/use><\/svg><\/div><div id=\"text_block-311-260\" class=\"ct-text-block atomic-content-24-text\" ><b>Zuverl\u00e4ssigkeit &amp; Termintreue \u2013 vom Konzept bis zur Inbetriebnahme.<\/b><br><\/div><\/div><\/div><\/div><\/section><section id=\"section-338-260\" class=\"ct-section\" ><div class=\"ct-section-inner-wrap\"><h2 id=\"headline-339-260\" class=\"ct-headline\">Entdecken Sie weitere Branchen<\/h2><div id=\"div_block-344-260\" class=\"ct-div-block\" ><a id=\"link_button-343-260\" class=\"ct-link-button\" href=\"https:\/\/protries.com\/en\/branchen\/stahlindustrie\/\"   >Stahlindustrie<\/a><a id=\"link_button-341-260\" class=\"ct-link-button\" href=\"https:\/\/protries.com\/en\/branchen\/chemie-petro\/\"   >Chemische und petrochemische Industrie<\/a><a id=\"link_button-347-260\" class=\"ct-link-button\" href=\"https:\/\/protries.com\/en\/branchen\/pharmaindustrie\/\"   >Pharmaindustrie<\/a><a id=\"link_button-349-260\" class=\"ct-link-button\" href=\"https:\/\/protries.com\/en\/branchen\/automobil-zulieferindustrie\/\"   >Automobil- und Zulieferindustrie<\/a><\/div><\/div><\/section>","protected":false},"excerpt":{"rendered":"","protected":false},"author":1,"featured_media":0,"parent":299,"menu_order":0,"comment_status":"closed","ping_status":"closed","template":"","meta":{"footnotes":""},"class_list":["post-320","page","type-page","status-publish","hentry"],"_links":{"self":[{"href":"https:\/\/protries.com\/en\/wp-json\/wp\/v2\/pages\/320","targetHints":{"allow":["GET"]}}],"collection":[{"href":"https:\/\/protries.com\/en\/wp-json\/wp\/v2\/pages"}],"about":[{"href":"https:\/\/protries.com\/en\/wp-json\/wp\/v2\/types\/page"}],"author":[{"embeddable":true,"href":"https:\/\/protries.com\/en\/wp-json\/wp\/v2\/users\/1"}],"replies":[{"embeddable":true,"href":"https:\/\/protries.com\/en\/wp-json\/wp\/v2\/comments?post=320"}],"version-history":[{"count":3,"href":"https:\/\/protries.com\/en\/wp-json\/wp\/v2\/pages\/320\/revisions"}],"predecessor-version":[{"id":323,"href":"https:\/\/protries.com\/en\/wp-json\/wp\/v2\/pages\/320\/revisions\/323"}],"up":[{"embeddable":true,"href":"https:\/\/protries.com\/en\/wp-json\/wp\/v2\/pages\/299"}],"wp:attachment":[{"href":"https:\/\/protries.com\/en\/wp-json\/wp\/v2\/media?parent=320"}],"curies":[{"name":"wp","href":"https:\/\/api.w.org\/{rel}","templated":true}]}}