{"id":36,"date":"2024-10-29T14:54:27","date_gmt":"2024-10-29T14:54:27","guid":{"rendered":"https:\/\/protries.com\/?page_id=36"},"modified":"2025-08-25T08:22:29","modified_gmt":"2025-08-25T08:22:29","slug":"kontakt","status":"publish","type":"page","link":"https:\/\/protries.com\/en\/kontakt\/","title":{"rendered":"Contact"},"content":{"rendered":"<link rel='stylesheet' id='oxygen-unslider-css'  href='https:\/\/protries.com\/wp-content\/plugins\/oxygen\/component-framework\/vendor\/unslider\/unslider.css' type='text\/css' media='all'\/><div id=\"slider-137-36\" class=\"ct-slider ct_unique_slider_9720\" ><div class=\"oxygen-unslider-container\"><ul><li><div id=\"slide-138-36\" class=\"ct-slide\" ><section id=\"section-139-36\" class=\"ct-section ct-section-with-shape-divider\" ><div class=\"ct-section-inner-wrap\">\n\t\t<div id=\"-shape-divider-140-36\" class=\"oxy-shape-divider\" >        \n        <div class=\"oxy_shape_divider\" >\n            <svg xmlns=\"http:\/\/www.w3.org\/2000\/svg\" preserveaspectratio=\"none\" fill=\"currentColor\" fill-rule=\"evenodd\" viewbox=\"0 0 1000 320\"><path d=\"M1000 100L500 300 0 100v220h1000V100z\"\/><path fill-opacity=\".5\" d=\"M0 100V50l500 250 500-250v50L500 300 0 100z\"\/><path fill-opacity=\".2\" d=\"M0 0v50l500 250 500-250V0L500 300 0 0z\"\/><\/svg>        <\/div>\n\n        <\/div>\n\n\t\t<div id=\"div_block-184-36\" class=\"ct-div-block\" ><a id=\"link-185-36\" class=\"ct-link\" href=\"https:\/\/www.facebook.com\/profile.php?id=61569460901077\" target=\"_blank\" rel=\"noopener\"><div id=\"fancy_icon-186-36\" class=\"ct-fancy-icon socials-hero\" ><svg id=\"svg-fancy_icon-186-36\"><use xlink:href=\"#FontAwesomeicon-facebook-square\"><\/use><\/svg><\/div><\/a><a id=\"link-187-36\" class=\"ct-link\" href=\"https:\/\/www.instagram.com\/protries\/?utm_source=ig_web_button_share_sheet\" target=\"_blank\" rel=\"noopener\"><div id=\"fancy_icon-188-36\" class=\"ct-fancy-icon socials-hero\" ><svg id=\"svg-fancy_icon-188-36\"><use xlink:href=\"#FontAwesomeicon-instagram\"><\/use><\/svg><\/div><\/a><a id=\"link-189-36\" class=\"ct-link\" href=\"https:\/\/www.linkedin.com\/company\/protries-engineering\/\" target=\"_blank\" rel=\"noopener\"><div id=\"fancy_icon-190-36\" class=\"ct-fancy-icon socials-hero\" ><svg id=\"svg-fancy_icon-190-36\"><use xlink:href=\"#FontAwesomeicon-linkedin-square\"><\/use><\/svg><\/div><\/a><a id=\"link-191-36\" class=\"ct-link\" href=\"https:\/\/www.xing.com\/pages\/protries-engineering-gmbh\" target=\"_blank\" rel=\"noopener\"><div id=\"fancy_icon-192-36\" class=\"ct-fancy-icon socials-hero\" ><svg id=\"svg-fancy_icon-192-36\"><use xlink:href=\"#FontAwesomeicon-xing-square\"><\/use><\/svg><\/div><\/a><\/div><\/div><\/section><div id=\"div_block-150-36\" class=\"ct-div-block\" ><div id=\"text_block-151-36\" class=\"ct-text-block\"  data-aos=\"fade\" data-aos-duration=\"1700\" data-aos-easing=\"ease\" data-aos-anchor-placement=\"center-center\">Hier finden Sie<\/div><h1 id=\"headline-152-36\" class=\"ct-headline\" data-aos=\"fade\" data-aos-duration=\"1250\" data-aos-easing=\"linear\" data-aos-offset=\"1\" data-aos-anchor-placement=\"center-center\">Unseren<br>Contact<\/h1><\/div><\/div><\/li><li><div id=\"slide-153-36\" class=\"ct-slide\" ><section id=\"section-154-36\" class=\"ct-section ct-section-with-shape-divider\" ><div class=\"ct-section-inner-wrap\">\n\t\t<div id=\"-shape-divider-155-36\" class=\"oxy-shape-divider\" >        \n        <div class=\"oxy_shape_divider\" >\n            <svg xmlns=\"http:\/\/www.w3.org\/2000\/svg\" preserveaspectratio=\"none\" fill=\"currentColor\" fill-rule=\"evenodd\" viewbox=\"0 0 1000 320\"><path d=\"M1000 100L500 300 0 100v220h1000V100z\"\/><path fill-opacity=\".5\" d=\"M0 100V50l500 250 500-250v50L500 300 0 100z\"\/><path fill-opacity=\".2\" d=\"M0 0v50l500 250 500-250V0L500 300 0 0z\"\/><\/svg>        <\/div>\n\n        <\/div>\n\n\t\t<div id=\"div_block-194-36\" class=\"ct-div-block\" ><a id=\"link-195-36\" class=\"ct-link\" href=\"https:\/\/www.facebook.com\/profile.php?id=61569460901077\" target=\"_blank\" rel=\"noopener\"><div id=\"fancy_icon-196-36\" class=\"ct-fancy-icon socials-hero\" ><svg id=\"svg-fancy_icon-196-36\"><use xlink:href=\"#FontAwesomeicon-facebook-square\"><\/use><\/svg><\/div><\/a><a id=\"link-197-36\" class=\"ct-link\" href=\"https:\/\/www.instagram.com\/protries\/?utm_source=ig_web_button_share_sheet\" target=\"_blank\" rel=\"noopener\"><div id=\"fancy_icon-198-36\" class=\"ct-fancy-icon socials-hero\" ><svg id=\"svg-fancy_icon-198-36\"><use xlink:href=\"#FontAwesomeicon-instagram\"><\/use><\/svg><\/div><\/a><a id=\"link-199-36\" class=\"ct-link\" href=\"https:\/\/www.linkedin.com\/company\/protries-engineering\/\" target=\"_blank\" rel=\"noopener\"><div id=\"fancy_icon-200-36\" class=\"ct-fancy-icon socials-hero\" ><svg id=\"svg-fancy_icon-200-36\"><use xlink:href=\"#FontAwesomeicon-linkedin-square\"><\/use><\/svg><\/div><\/a><a id=\"link-201-36\" class=\"ct-link\" href=\"https:\/\/www.xing.com\/pages\/protries-engineering-gmbh\" target=\"_blank\" rel=\"noopener\"><div id=\"fancy_icon-202-36\" class=\"ct-fancy-icon socials-hero\" ><svg id=\"svg-fancy_icon-202-36\"><use xlink:href=\"#FontAwesomeicon-xing-square\"><\/use><\/svg><\/div><\/a><\/div><\/div><\/section><div id=\"div_block-165-36\" class=\"ct-div-block\" ><div id=\"text_block-166-36\" class=\"ct-text-block\"  data-aos=\"fade\" data-aos-duration=\"1700\" data-aos-easing=\"ease\" data-aos-anchor-placement=\"center-center\">Hier finden Sie<\/div><h1 id=\"headline-167-36\" class=\"ct-headline\" data-aos=\"fade\" data-aos-duration=\"1250\" data-aos-easing=\"linear\" data-aos-offset=\"1\" data-aos-anchor-placement=\"center-center\">Unseren<br>Contact<\/h1><\/div><\/div><\/li><li><div id=\"slide-168-36\" class=\"ct-slide\" ><section id=\"section-169-36\" class=\"ct-section ct-section-with-shape-divider\" ><div class=\"ct-section-inner-wrap\">\n\t\t<div id=\"-shape-divider-170-36\" class=\"oxy-shape-divider\" >        \n        <div class=\"oxy_shape_divider\" >\n            <svg xmlns=\"http:\/\/www.w3.org\/2000\/svg\" preserveaspectratio=\"none\" fill=\"currentColor\" fill-rule=\"evenodd\" viewbox=\"0 0 1000 320\"><path d=\"M1000 100L500 300 0 100v220h1000V100z\"\/><path fill-opacity=\".5\" d=\"M0 100V50l500 250 500-250v50L500 300 0 100z\"\/><path fill-opacity=\".2\" d=\"M0 0v50l500 250 500-250V0L500 300 0 0z\"\/><\/svg>        <\/div>\n\n        <\/div>\n\n\t\t<div id=\"div_block-204-36\" class=\"ct-div-block\" ><a id=\"link-205-36\" class=\"ct-link\" href=\"https:\/\/www.facebook.com\/profile.php?id=61569460901077\" target=\"_blank\" rel=\"noopener\"><div id=\"fancy_icon-206-36\" class=\"ct-fancy-icon socials-hero\" ><svg id=\"svg-fancy_icon-206-36\"><use xlink:href=\"#FontAwesomeicon-facebook-square\"><\/use><\/svg><\/div><\/a><a id=\"link-207-36\" class=\"ct-link\" href=\"https:\/\/www.instagram.com\/protries\/?utm_source=ig_web_button_share_sheet\" target=\"_blank\" rel=\"noopener\"><div id=\"fancy_icon-208-36\" class=\"ct-fancy-icon socials-hero\" ><svg id=\"svg-fancy_icon-208-36\"><use xlink:href=\"#FontAwesomeicon-instagram\"><\/use><\/svg><\/div><\/a><a id=\"link-209-36\" class=\"ct-link\" href=\"https:\/\/www.linkedin.com\/company\/protries-engineering\/\" target=\"_blank\" rel=\"noopener\"><div id=\"fancy_icon-210-36\" class=\"ct-fancy-icon socials-hero\" ><svg id=\"svg-fancy_icon-210-36\"><use xlink:href=\"#FontAwesomeicon-linkedin-square\"><\/use><\/svg><\/div><\/a><a id=\"link-211-36\" class=\"ct-link\" href=\"https:\/\/www.xing.com\/pages\/protries-engineering-gmbh\" target=\"_blank\" rel=\"noopener\"><div id=\"fancy_icon-212-36\" class=\"ct-fancy-icon socials-hero\" ><svg id=\"svg-fancy_icon-212-36\"><use xlink:href=\"#FontAwesomeicon-xing-square\"><\/use><\/svg><\/div><\/a><\/div><\/div><\/section><div id=\"div_block-180-36\" class=\"ct-div-block\" ><div id=\"text_block-181-36\" class=\"ct-text-block\"  data-aos=\"fade\" data-aos-duration=\"1700\" data-aos-easing=\"ease\" data-aos-anchor-placement=\"center-center\">Hier finden Sie<\/div><h1 id=\"headline-182-36\" class=\"ct-headline\" data-aos=\"fade\" data-aos-duration=\"1250\" data-aos-easing=\"linear\" data-aos-offset=\"1\" data-aos-anchor-placement=\"center-center\">Unseren<br>Contact<\/h1><\/div><\/div><\/li><\/ul><\/div><\/div><script class=\"ct-slider-script\">jQuery(document).ready(function($){$('#slider-137-36.ct_unique_slider_9720 .oxygen-unslider-container:not(.unslider-horizontal,.unslider-fade)').unslider({autoplay: true, delay: 3000, animation: 'fade', speed : 750, arrows: true, nav: false, infinite: false})});<\/script><section id=\"section-7-36\" class=\"ct-section\" ><div class=\"ct-section-inner-wrap\"><h2 id=\"headline-8-36\" class=\"ct-headline\">Wir sind f\u00fcr Sie da \u2013 Kontaktieren Sie uns!<\/h2><div id=\"div_block-9-36\" class=\"ct-div-block\" ><div id=\"text_block-10-36\" class=\"ct-text-block\" >M\u00f6chten Sie mehr \u00fcber unsere Dienstleistungen erfahren oder haben Sie bereits ein konkretes Projekt, bei dem wir Sie unterst\u00fctzen k\u00f6nnen? Das Team der Protries Engineering GmbH steht Ihnen mit Rat und Tat zur Seite. Lassen Sie uns gemeinsam Ihre Anforderungen besprechen und ma\u00dfgeschneiderte L\u00f6sungen entwickeln.<\/div><\/div><\/div><\/section><section id=\"section-16-36\" class=\"ct-section\" ><div class=\"ct-section-inner-wrap\"><div id=\"div_block-17-36\" class=\"ct-div-block\" ><h3 id=\"headline-18-36\" class=\"ct-headline\">Kontaktinformationen<\/h3><div id=\"_rich_text-19-36\" class=\"oxy-rich-text\" ><ul><li><strong>Adresse:<\/strong> Industriezeile 35, 4020 Linz<\/li><li><strong>Telefon:<\/strong> <a href=\"tel: 436764336931\">+436764336931<\/a><\/li><li><strong>E-Mail:<\/strong> <a href=\"mailto:office@protries.com\">office@protries.com<\/a><\/li><\/ul><\/div><\/div><div id=\"code_block-213-36\" class=\"ct-code-block\" ><iframe\n  src=\"https:\/\/maps.google.com\/maps?hl=de&q=Industriezeile%2035%20Linz&t=&z=12&ie=UTF8&iwloc=B&output=embed\"\n  width=\"100%\"\n  height=\"400\"\n  style=\"border:0;\"\n  loading=\"lazy\"\n  referrerpolicy=\"no-referrer-when-downgrade\">\n<\/iframe>\n<\/div><\/div><\/section><section id=\"section-34-36\" class=\"ct-section\" ><div class=\"ct-section-inner-wrap\"><div id=\"div_block-36-36\" class=\"ct-div-block\" ><div id=\"text_block-37-36\" class=\"ct-text-block\" >Nutzen Sie das untenstehende Kontaktformular, um uns direkt zu erreichen. Wir melden uns so schnell wie m\u00f6glich bei Ihnen zur\u00fcck!<\/div><\/div><\/div><\/section><section id=\"section-39-36\" class=\"ct-section\" ><div class=\"ct-section-inner-wrap\"><div id=\"div_block-40-36\" class=\"ct-div-block\" ><div id=\"widget-41-36\" class=\"ct-widget\" ><div class=\"widget widget_forminator_widget\"><h2 class=\"widgettitle\">Kontaktformular<\/h2><form id=\"forminator-module-71\" class=\"forminator-custom-form forminator-custom-form-71\" method=\"post\" data-forminator-render=\"0\" data-uid=\"69f3af1a96d74\"><div role=\"alert\" aria-live=\"polite\" class=\"forminator-response-message forminator-error\" aria-hidden=\"true\"><\/div><input type=\"hidden\" name=\"trp-form-language\" value=\"en\"\/><\/form><\/div><\/div><\/div><\/div><\/section>","protected":false},"excerpt":{"rendered":"","protected":false},"author":1,"featured_media":0,"parent":0,"menu_order":0,"comment_status":"closed","ping_status":"closed","template":"","meta":{"footnotes":""},"class_list":["post-36","page","type-page","status-publish","hentry"],"_links":{"self":[{"href":"https:\/\/protries.com\/en\/wp-json\/wp\/v2\/pages\/36","targetHints":{"allow":["GET"]}}],"collection":[{"href":"https:\/\/protries.com\/en\/wp-json\/wp\/v2\/pages"}],"about":[{"href":"https:\/\/protries.com\/en\/wp-json\/wp\/v2\/types\/page"}],"author":[{"embeddable":true,"href":"https:\/\/protries.com\/en\/wp-json\/wp\/v2\/users\/1"}],"replies":[{"embeddable":true,"href":"https:\/\/protries.com\/en\/wp-json\/wp\/v2\/comments?post=36"}],"version-history":[{"count":10,"href":"https:\/\/protries.com\/en\/wp-json\/wp\/v2\/pages\/36\/revisions"}],"predecessor-version":[{"id":342,"href":"https:\/\/protries.com\/en\/wp-json\/wp\/v2\/pages\/36\/revisions\/342"}],"wp:attachment":[{"href":"https:\/\/protries.com\/en\/wp-json\/wp\/v2\/media?parent=36"}],"curies":[{"name":"wp","href":"https:\/\/api.w.org\/{rel}","templated":true}]}}