{"id":38,"date":"2024-10-29T14:54:27","date_gmt":"2024-10-29T14:54:27","guid":{"rendered":"https:\/\/protries.com\/?page_id=38"},"modified":"2025-08-23T12:33:06","modified_gmt":"2025-08-23T12:33:06","slug":"karriere","status":"publish","type":"page","link":"https:\/\/protries.com\/en\/karriere\/","title":{"rendered":"Carrer"},"content":{"rendered":"<link rel='stylesheet' id='oxygen-unslider-css'  href='https:\/\/protries.com\/wp-content\/plugins\/oxygen\/component-framework\/vendor\/unslider\/unslider.css' type='text\/css' media='all'\/><div id=\"slider-201-38\" class=\"ct-slider ct_unique_slider_9534\" ><div class=\"oxygen-unslider-container\"><ul><li><div id=\"slide-202-38\" class=\"ct-slide\" ><section id=\"section-203-38\" class=\"ct-section ct-section-with-shape-divider\" ><div class=\"ct-section-inner-wrap\">\n\t\t<div id=\"-shape-divider-204-38\" class=\"oxy-shape-divider\" >        \n        <div class=\"oxy_shape_divider\" >\n            <svg xmlns=\"http:\/\/www.w3.org\/2000\/svg\" preserveaspectratio=\"none\" fill=\"currentColor\" fill-rule=\"evenodd\" viewbox=\"0 0 1000 320\"><path d=\"M1000 100L500 300 0 100v220h1000V100z\"\/><path fill-opacity=\".5\" d=\"M0 100V50l500 250 500-250v50L500 300 0 100z\"\/><path fill-opacity=\".2\" d=\"M0 0v50l500 250 500-250V0L500 300 0 0z\"\/><\/svg>        <\/div>\n\n        <\/div>\n\n\t\t<div id=\"div_block-261-38\" class=\"ct-div-block\" ><a id=\"link-262-38\" class=\"ct-link\" href=\"https:\/\/www.facebook.com\/profile.php?id=61569460901077\" target=\"_blank\" rel=\"noopener\"><div id=\"fancy_icon-263-38\" class=\"ct-fancy-icon socials-hero\" ><svg id=\"svg-fancy_icon-263-38\"><use xlink:href=\"#FontAwesomeicon-facebook-square\"><\/use><\/svg><\/div><\/a><a id=\"link-264-38\" class=\"ct-link\" href=\"https:\/\/www.instagram.com\/protries\/?utm_source=ig_web_button_share_sheet\" target=\"_blank\" rel=\"noopener\"><div id=\"fancy_icon-265-38\" class=\"ct-fancy-icon socials-hero\" ><svg id=\"svg-fancy_icon-265-38\"><use xlink:href=\"#FontAwesomeicon-instagram\"><\/use><\/svg><\/div><\/a><a id=\"link-266-38\" class=\"ct-link\" href=\"https:\/\/www.linkedin.com\/company\/protries-engineering\/\" target=\"_blank\" rel=\"noopener\"><div id=\"fancy_icon-267-38\" class=\"ct-fancy-icon socials-hero\" ><svg id=\"svg-fancy_icon-267-38\"><use xlink:href=\"#FontAwesomeicon-linkedin-square\"><\/use><\/svg><\/div><\/a><a id=\"link-268-38\" class=\"ct-link\" href=\"https:\/\/www.xing.com\/pages\/protries-engineering-gmbh\" target=\"_blank\" rel=\"noopener\"><div id=\"fancy_icon-269-38\" class=\"ct-fancy-icon socials-hero\" ><svg id=\"svg-fancy_icon-269-38\"><use xlink:href=\"#FontAwesomeicon-xing-square\"><\/use><\/svg><\/div><\/a><\/div><\/div><\/section><div id=\"div_block-214-38\" class=\"ct-div-block\" ><h1 id=\"headline-215-38\" class=\"ct-headline\" data-aos=\"fade\" data-aos-duration=\"1250\" data-aos-easing=\"linear\" data-aos-offset=\"1\" data-aos-anchor-placement=\"center-center\">Karriere als Ingenieur f\u00fcr Elektrotechnik im Industrieanlagenbau<\/h1><\/div><\/div><\/li><li><div id=\"slide-216-38\" class=\"ct-slide\" ><section id=\"section-217-38\" class=\"ct-section ct-section-with-shape-divider\" ><div class=\"ct-section-inner-wrap\">\n\t\t<div id=\"-shape-divider-218-38\" class=\"oxy-shape-divider\" >        \n        <div class=\"oxy_shape_divider\" >\n            <svg xmlns=\"http:\/\/www.w3.org\/2000\/svg\" preserveaspectratio=\"none\" fill=\"currentColor\" fill-rule=\"evenodd\" viewbox=\"0 0 1000 320\"><path d=\"M1000 100L500 300 0 100v220h1000V100z\"\/><path fill-opacity=\".5\" d=\"M0 100V50l500 250 500-250v50L500 300 0 100z\"\/><path fill-opacity=\".2\" d=\"M0 0v50l500 250 500-250V0L500 300 0 0z\"\/><\/svg>        <\/div>\n\n        <\/div>\n\n\t\t<div id=\"div_block-271-38\" class=\"ct-div-block\" ><a id=\"link-272-38\" class=\"ct-link\" href=\"https:\/\/www.facebook.com\/profile.php?id=61569460901077\" target=\"_blank\" rel=\"noopener\"><div id=\"fancy_icon-273-38\" class=\"ct-fancy-icon socials-hero\" ><svg id=\"svg-fancy_icon-273-38\"><use xlink:href=\"#FontAwesomeicon-facebook-square\"><\/use><\/svg><\/div><\/a><a id=\"link-274-38\" class=\"ct-link\" href=\"https:\/\/www.instagram.com\/protries\/?utm_source=ig_web_button_share_sheet\" target=\"_blank\" rel=\"noopener\"><div id=\"fancy_icon-275-38\" class=\"ct-fancy-icon socials-hero\" ><svg id=\"svg-fancy_icon-275-38\"><use xlink:href=\"#FontAwesomeicon-instagram\"><\/use><\/svg><\/div><\/a><a id=\"link-276-38\" class=\"ct-link\" href=\"https:\/\/www.linkedin.com\/company\/protries-engineering\/\" target=\"_blank\" rel=\"noopener\"><div id=\"fancy_icon-277-38\" class=\"ct-fancy-icon socials-hero\" ><svg id=\"svg-fancy_icon-277-38\"><use xlink:href=\"#FontAwesomeicon-linkedin-square\"><\/use><\/svg><\/div><\/a><a id=\"link-278-38\" class=\"ct-link\" href=\"https:\/\/www.xing.com\/pages\/protries-engineering-gmbh\" target=\"_blank\" rel=\"noopener\"><div id=\"fancy_icon-279-38\" class=\"ct-fancy-icon socials-hero\" ><svg id=\"svg-fancy_icon-279-38\"><use xlink:href=\"#FontAwesomeicon-xing-square\"><\/use><\/svg><\/div><\/a><\/div><\/div><\/section><div id=\"div_block-228-38\" class=\"ct-div-block\" ><h1 id=\"headline-229-38\" class=\"ct-headline\" data-aos=\"fade\" data-aos-duration=\"1250\" data-aos-easing=\"linear\" data-aos-offset=\"1\" data-aos-anchor-placement=\"center-center\">Karriere als Ingenieur f\u00fcr Elektrotechnik im Industrieanlagenbau<\/h1><\/div><\/div><\/li><li><div id=\"slide-230-38\" class=\"ct-slide\" ><section id=\"section-231-38\" class=\"ct-section ct-section-with-shape-divider\" ><div class=\"ct-section-inner-wrap\">\n\t\t<div id=\"-shape-divider-232-38\" class=\"oxy-shape-divider\" >        \n        <div class=\"oxy_shape_divider\" >\n            <svg xmlns=\"http:\/\/www.w3.org\/2000\/svg\" preserveaspectratio=\"none\" fill=\"currentColor\" fill-rule=\"evenodd\" viewbox=\"0 0 1000 320\"><path d=\"M1000 100L500 300 0 100v220h1000V100z\"\/><path fill-opacity=\".5\" d=\"M0 100V50l500 250 500-250v50L500 300 0 100z\"\/><path fill-opacity=\".2\" d=\"M0 0v50l500 250 500-250V0L500 300 0 0z\"\/><\/svg>        <\/div>\n\n        <\/div>\n\n\t\t<div id=\"div_block-281-38\" class=\"ct-div-block\" ><a id=\"link-282-38\" class=\"ct-link\" href=\"https:\/\/www.facebook.com\/profile.php?id=61569460901077\" target=\"_blank\" rel=\"noopener\"><div id=\"fancy_icon-283-38\" class=\"ct-fancy-icon socials-hero\" ><svg id=\"svg-fancy_icon-283-38\"><use xlink:href=\"#FontAwesomeicon-facebook-square\"><\/use><\/svg><\/div><\/a><a id=\"link-284-38\" class=\"ct-link\" href=\"https:\/\/www.instagram.com\/protries\/?utm_source=ig_web_button_share_sheet\" target=\"_blank\" rel=\"noopener\"><div id=\"fancy_icon-285-38\" class=\"ct-fancy-icon socials-hero\" ><svg id=\"svg-fancy_icon-285-38\"><use xlink:href=\"#FontAwesomeicon-instagram\"><\/use><\/svg><\/div><\/a><a id=\"link-286-38\" class=\"ct-link\" href=\"https:\/\/www.linkedin.com\/company\/protries-engineering\/\" target=\"_blank\" rel=\"noopener\"><div id=\"fancy_icon-287-38\" class=\"ct-fancy-icon socials-hero\" ><svg id=\"svg-fancy_icon-287-38\"><use xlink:href=\"#FontAwesomeicon-linkedin-square\"><\/use><\/svg><\/div><\/a><a id=\"link-288-38\" class=\"ct-link\" href=\"https:\/\/www.xing.com\/pages\/protries-engineering-gmbh\" target=\"_blank\" rel=\"noopener\"><div id=\"fancy_icon-289-38\" class=\"ct-fancy-icon socials-hero\" ><svg id=\"svg-fancy_icon-289-38\"><use xlink:href=\"#FontAwesomeicon-xing-square\"><\/use><\/svg><\/div><\/a><\/div><\/div><\/section><div id=\"div_block-242-38\" class=\"ct-div-block\" ><h1 id=\"headline-243-38\" class=\"ct-headline\" data-aos=\"fade\" data-aos-duration=\"1250\" data-aos-easing=\"linear\" data-aos-offset=\"1\" data-aos-anchor-placement=\"center-center\">Karriere als Ingenieur f\u00fcr Elektrotechnik im Industrieanlagenbau<\/h1><\/div><\/div><\/li><\/ul><\/div><\/div><script class=\"ct-slider-script\">jQuery(document).ready(function($){$('#slider-201-38.ct_unique_slider_9534 .oxygen-unslider-container:not(.unslider-horizontal,.unslider-fade)').unslider({autoplay: false, delay: 3000, animation: 'fade', speed : 1500, arrows: false, nav: false, infinite: false})});<\/script><section id=\"section-7-38\" class=\"ct-section\" ><div class=\"ct-section-inner-wrap\"><h2 id=\"headline-8-38\" class=\"ct-headline\">Ihre Zukunft bei Protries Engineering<\/h2><div id=\"div_block-9-38\" class=\"ct-div-block\" ><div id=\"text_block-11-38\" class=\"ct-text-block\" >M\u00f6chten Sie Teil eines dynamischen Teams werden, das innovative Elektrotechnikl\u00f6sungen f\u00fcr die Industrie entwickelt? Bei Protries Engineering suchen wir engagierte und talentierte Fachkr\u00e4fte, die gemeinsam mit uns an spannenden Projekten arbeiten m\u00f6chten.<\/div><div id=\"text_block-293-38\" class=\"ct-text-block\" >Als innovatives Unternehmen mit Sitz in \u00d6sterreich arbeiten wir an komplexen Projekten weltweit \u2013 von Europa \u00fcber die USA bis nach Asien. Verst\u00e4rke unser Team und gestalte mit uns die Zukunft der industriellen Elektrotechnik.<\/div><\/div><div id=\"div_block-12-38\" class=\"ct-div-block\" ><h2 id=\"headline-13-38\" class=\"ct-headline\">Warum Protries Engineering?<\/h2><div id=\"text_block-298-38\" class=\"ct-text-block\" >Wir bieten dir vielf\u00e4ltige Karrierem\u00f6glichkeiten in unterschiedlichen Bereichen der industriellen Elektrotechnik:<\/div><div id=\"div_block-301-38\" class=\"ct-div-block\" ><h3 id=\"headline-302-38\" class=\"ct-headline\"><a href=\"https:\/\/protries.com\/en\/dienstleistungen\/hardware-engineering\/\">Hardware Engineering <\/a>&amp; <a href=\"https:\/\/protries.com\/en\/dienstleistungen\/hardware-engineering\/eplanp8\/\">EPLAN<\/a>-Planung<\/h3><div id=\"text_block-304-38\" class=\"ct-text-block\" >Erstelle Stromlaufpl\u00e4ne, Klemmleisten und Schaltschrankzeichnungen mit EPLAN oder ELCAD \u2013 von der Energieverteilung bis zur vollst\u00e4ndigen Dokumentation.<\/div><div id=\"div_block-333-38\" class=\"ct-div-block\" ><h3 id=\"headline-334-38\" class=\"ct-headline\"><a href=\"https:\/\/protries.com\/en\/dienstleistungen\/msr\/\">MSR-Technik<\/a> und Automatisierung<\/h3><div id=\"text_block-335-38\" class=\"ct-text-block\" >Plane Messstellen, Signalzuweisungen und Sensorik f\u00fcr automatisierte Industrieprozesse \u2013 von Basic bis Detail Engineering.<\/div><div id=\"div_block-345-38\" class=\"ct-div-block\" ><h3 id=\"headline-346-38\" class=\"ct-headline\"><a href=\"https:\/\/protries.com\/en\/dienstleistungen\/explosionsschutz\/\">Explosion Protection <\/a>nach ATEX &amp; IECEx<\/h3><div id=\"text_block-347-38\" class=\"ct-text-block\" >Arbeite mit an sicherheitsrelevanten Planungen und Dokumentationen unter der Leitung eines gerichtlich beeideten Sachverst\u00e4ndigen.<\/div><div id=\"div_block-349-38\" class=\"ct-div-block\" ><h3 id=\"headline-350-38\" class=\"ct-headline\"><a href=\"https:\/\/protries.com\/en\/dienstleistungen\/montageplanung\/\">Elektrotechnische Montageplanung<\/a> &amp; <a href=\"https:\/\/protries.com\/en\/dienstleistungen\/bim\/\">BIM<\/a><\/h3><div id=\"text_block-351-38\" class=\"ct-text-block\" >Koordiniere die Umsetzung komplexer Anlagen mit modernsten Tools: 3D-Modelle, Kollisionspr\u00fcfung und Kabeltrassenplanung inklusive.<\/div><\/div><\/div><\/div><\/div><\/div><div id=\"div_block-384-38\" class=\"ct-div-block\" ><h2 id=\"headline-385-38\" class=\"ct-headline\">Was wir dir bieten<\/h2><div id=\"_rich_text-399-38\" class=\"oxy-rich-text\" ><ul><li><span style=\"font-weight: 400;\"><strong>Abwechslungsreiche Projekte<\/strong> im internationalen Industrieumfeld<\/span><\/li><li><span style=\"font-weight: 400;\"><strong>Aktive Mitgestaltung statt Routine<\/strong> \u2013 dein Know-how z\u00e4hlt<\/span><\/li><li><span style=\"font-weight: 400;\"><strong>Einsatz modernster Planungstools<\/strong> (EPLAN, ELCAD, Revit, BIM)<\/span><\/li><li><span style=\"font-weight: 400;\"><strong>Pers\u00f6nliche Weiterentwicklung<\/strong> mit direkter Projektverantwortung<\/span><\/li><li><strong>Flexible Arbeitszeiten, Homeoffice-M\u00f6glichkeiten und gutes Betriebsklima<\/strong><\/li><\/ul><\/div><div id=\"div_block-409-38\" class=\"ct-div-block\" ><h2 id=\"headline-410-38\" class=\"ct-headline\">Wen wir suchen<\/h2><div id=\"text_block-421-38\" class=\"ct-text-block\" >Wir suchen motivierte Fachkr\u00e4fte, die ihr Wissen als <b>Ingenieur Elektrotechnik<\/b> in innovative Projekte einbringen m\u00f6chten. Egal ob Berufseinsteiger, Projektleiter oder Spezialist f\u00fcr EPLAN, MSR oder Explosionsschutz \u2013 wenn du technische Exzellenz und praxisnahe Umsetzung liebst, m\u00f6chten wir dich kennenlernen.<\/div><\/div><\/div><\/div><\/section><section id=\"section-256-38\" class=\"ct-section\" ><div class=\"ct-section-inner-wrap\"><div id=\"div_block-21-38\" class=\"ct-div-block\" ><h2 id=\"headline-22-38\" class=\"ct-headline\">Bewirb dich jetzt \u2013 werde Teil von Protries Engineering<\/h2><div id=\"text_block-426-38\" class=\"ct-text-block\" >Du willst nicht nur Anlagen planen, sondern sie mitgestalten? Dann freuen wir uns auf deine Bewerbung!<\/div><\/div><div id=\"div_block-244-38\" class=\"ct-div-block\" ><div id=\"shortcode-252-38\" class=\"ct-shortcode\" >\t<div class=\"awsm-job-wrap awsm-job-form-plugin-style\">\n\n\t\t\n\t\t<div class=\"awsm-job-listings awsm-row awsm-grid-col-2\" data-listings=\"10\">\n\t\t\t<div class=\"awsm-job-listing-item awsm-grid-item\" id=\"awsm-grid-item-176\">\t\t<a href=\"https:\/\/protries.com\/en\/jobs\/hardware-planer\/\" class=\"awsm-job-item\">\t\t\t<div class=\"awsm-grid-left-col\">\n\t\t\t\t\n\t\t\t\t\n\t\t\t\t<h2 class=\"awsm-job-post-title\">\n\t\t\t\t\tHardware Planer (w\/m\/d)\t\t\t\t<\/h2>\n\n\t\t\t\t\t\t\t<\/div>\n\n\t\t\t<div class=\"awsm-grid-right-col\">\n\t\t\t\t<div class=\"awsm-job-specification-wrapper\"><div class=\"awsm-job-specification-item awsm-job-specification-job-type\"><i class=\"awsm-job-icon-clock-o\"><\/i><span class=\"awsm-job-specification-term\">Vollzeit<\/span> <\/div><div class=\"awsm-job-specification-item awsm-job-specification-job-location\"><i class=\"awsm-job-icon-location-arrow\"><\/i><span class=\"awsm-job-specification-term\">Linz<\/span> <\/div><\/div><div class=\"awsm-job-more-container\"><span class=\"awsm-job-more\">More Details <span><\/span><\/span><\/div>\t\t\t<\/div>\n\t\t<\/a>\t<\/div><div class=\"awsm-job-listing-item awsm-grid-item\" id=\"awsm-grid-item-171\">\t\t<a href=\"https:\/\/protries.com\/en\/jobs\/cad-techniker\/\" class=\"awsm-job-item\">\t\t\t<div class=\"awsm-grid-left-col\">\n\t\t\t\t\n\t\t\t\t\n\t\t\t\t<h2 class=\"awsm-job-post-title\">\n\t\t\t\t\tCAD Techniker (w\/m\/d)\t\t\t\t<\/h2>\n\n\t\t\t\t\t\t\t<\/div>\n\n\t\t\t<div class=\"awsm-grid-right-col\">\n\t\t\t\t<div class=\"awsm-job-specification-wrapper\"><div class=\"awsm-job-specification-item awsm-job-specification-job-type\"><i class=\"awsm-job-icon-clock-o\"><\/i><span class=\"awsm-job-specification-term\">Vollzeit<\/span> <\/div><div class=\"awsm-job-specification-item awsm-job-specification-job-location\"><i class=\"awsm-job-icon-location-arrow\"><\/i><span class=\"awsm-job-specification-term\">Linz<\/span> <\/div><\/div><div class=\"awsm-job-more-container\"><span class=\"awsm-job-more\">More Details <span><\/span><\/span><\/div>\t\t\t<\/div>\n\t\t<\/a>\t<\/div>\t\t<\/div>\n\n\t<\/div>\n\t<\/div><\/div><\/div><\/section><section id=\"section-259-38\" class=\"ct-section\" ><div class=\"ct-section-inner-wrap\"><div id=\"div_block-123-38\" class=\"ct-div-block\" ><h3 id=\"headline-124-38\" class=\"ct-headline\">Initiativbewerbungen<\/h3><div id=\"_rich_text-138-38\" class=\"oxy-rich-text\" ><p>Auch wenn aktuell keine passende Stelle ausgeschrieben ist, freuen wir uns &uuml;ber Ihre Initiativbewerbung. Senden Sie Ihre Unterlagen an <a href=\"mailto:office@protries.com\">karriere@protries.com<\/a> und &uuml;berzeugen Sie uns von Ihrer Motivation und Ihren F&auml;higkeiten.<\/p><\/div><\/div><div id=\"div_block-131-38\" class=\"ct-div-block\" ><h2 id=\"headline-132-38\" class=\"ct-headline\">Contact<\/h2><div id=\"_rich_text-141-38\" class=\"oxy-rich-text\" ><p>F&uuml;r weitere Informationen zu Karrierem&ouml;glichkeiten bei Protries Engineering GmbH stehen wir Ihnen gerne zur Verf&uuml;gung. Kontaktieren Sie uns unter <a href=\"mailto:office@protries.com\">karriere@protries.com<\/a>.<\/p><\/div><\/div><a id=\"link_text-143-38\" class=\"ct-link-text atomic-outline-button\" href=\"https:\/\/protries.com\/en\/kontakt\/\" target=\"_self\">Contact Us<\/a><\/div><\/section>","protected":false},"excerpt":{"rendered":"","protected":false},"author":1,"featured_media":0,"parent":0,"menu_order":0,"comment_status":"closed","ping_status":"closed","template":"","meta":{"footnotes":""},"class_list":["post-38","page","type-page","status-publish","hentry"],"_links":{"self":[{"href":"https:\/\/protries.com\/en\/wp-json\/wp\/v2\/pages\/38","targetHints":{"allow":["GET"]}}],"collection":[{"href":"https:\/\/protries.com\/en\/wp-json\/wp\/v2\/pages"}],"about":[{"href":"https:\/\/protries.com\/en\/wp-json\/wp\/v2\/types\/page"}],"author":[{"embeddable":true,"href":"https:\/\/protries.com\/en\/wp-json\/wp\/v2\/users\/1"}],"replies":[{"embeddable":true,"href":"https:\/\/protries.com\/en\/wp-json\/wp\/v2\/comments?post=38"}],"version-history":[{"count":7,"href":"https:\/\/protries.com\/en\/wp-json\/wp\/v2\/pages\/38\/revisions"}],"predecessor-version":[{"id":339,"href":"https:\/\/protries.com\/en\/wp-json\/wp\/v2\/pages\/38\/revisions\/339"}],"wp:attachment":[{"href":"https:\/\/protries.com\/en\/wp-json\/wp\/v2\/media?parent=38"}],"curies":[{"name":"wp","href":"https:\/\/api.w.org\/{rel}","templated":true}]}}